{"id":2244,"date":"2022-03-20T22:24:22","date_gmt":"2022-03-20T19:24:22","guid":{"rendered":"https:\/\/dabauto.ro\/autorulate\/?page_id=2244"},"modified":"2022-03-21T15:52:11","modified_gmt":"2022-03-21T12:52:11","slug":"garantie","status":"publish","type":"page","link":"https:\/\/dabauto.ro\/autorulate\/garantie\/","title":{"rendered":"Garantie"},"content":{"rendered":"<p>[vc_row css=&#8221;.vc_custom_1446724724284{margin-top: 33px !important;margin-bottom: 42px !important;}&#8221;][vc_column css=&#8221;.vc_custom_1446724718390{margin-bottom: 42px !important;}&#8221;][vc_column_text]<img loading=\"lazy\" decoding=\"async\" class=\"wp-image-2239 size-full aligncenter\" src=\"https:\/\/dabauto.ro\/autorulate\/wp-content\/uploads\/2022\/03\/garantie-12-luni-1024x334-1.png\" alt=\"\" width=\"1024\" height=\"334\" srcset=\"https:\/\/dabauto.ro\/autorulate\/wp-content\/uploads\/2022\/03\/garantie-12-luni-1024x334-1.png 1024w, https:\/\/dabauto.ro\/autorulate\/wp-content\/uploads\/2022\/03\/garantie-12-luni-1024x334-1-300x98.png 300w, https:\/\/dabauto.ro\/autorulate\/wp-content\/uploads\/2022\/03\/garantie-12-luni-1024x334-1-768x251.png 768w\" sizes=\"auto, (max-width: 1024px) 100vw, 1024px\" \/>[\/vc_column_text][vc_custom_heading text=&#8221;CONDITII GARANTIE&#8221; font_container=&#8221;tag:h3|text_align:left&#8221; use_theme_fonts=&#8221;yes&#8221;][vc_column_text css=&#8221;.vc_custom_1647867129949{margin-bottom: 31px !important;padding-left: 2px !important;}&#8221;]<strong>Societatea DAB Auto Serv S.R.L.<\/strong> cu sediul social \u00een Bucuresti, Str. Cornu Luncii, nr. 2-4, Sectorul 3, \u00eenregistrat\u0103 la Registrul Comer\u0163ului sub nr. J40\/1996\/2000 \u015fi av\u00e2nd CUI 12734167,\u00a0 atribut fiscal RO, in calitate de <strong>Vanzator<\/strong>, acorda o <strong>garantie<\/strong> de buna functionare pentru autovehiculul achizitionat de dumneavoastra pentru un termen de <strong>12 luni fara limita de kilometri<\/strong> pentru urmatoarele elemente:<\/p>\n<ul>\n<li>motor, respectiv \u2013 bloc motor, pistoane, camasi, segmenti, biela, cuzineti, arbore cotit, chiulasa, garnituri de chiulasa<\/li>\n<li>cutie de viteze \u2013 toate componentele interne ale acesteia.<\/li>\n<\/ul>\n<p>Nu sunt cuprinse in garantie elementele de legatura intre motor si cutia de viteza (rulment presiune, placa presiune, disc ambreiaj, etc).<\/p>\n<p>Garantia se acorda numai in unitatea service a vanzatorului. Pentru a beneficia de garantia acordata, orice interventie asupra motorului si a cutiei de viteze se va efectua doar in unitatea service a vanzatorului.<\/p>\n<p><strong>Conditiile si modalitatea de asigurare a garantiei si conformitatii<\/strong><\/p>\n<p>In cazul defectiunii elementelor aflate in garantia autovehiculului rulat, cumparatorul este obligat sa anunte in scris si in cel mai scurt timp (maxim 5 zile lucratoare) <strong>Vanzatorul<\/strong> in scopul constatarii cauzelor care au determinat defectiunea, fara a interveni la autovehicul. Cumparatorul se va adresa in acest scop oricareia dintre Unitatile de service ale Vanzatorului.<\/p>\n<p>Orice defectiune acoperita de prezentul certificat aparuta in perioada de garantie la autovehiculul care face obiectul prezentului certificat se remediaza gratuit de catre Vanzator, prin repararea sau inlocuirea componentelor defecte. Termenul de remediere a deficientelor constatate este de 15 zile calendaristice de la data aducerii la cunostinta in scris a defectului aparut si prezentarii autovehiculului. Termenul de remediere se poate prelungi prin intelegerea partilor cu o notificare in scris.<em>\u00a0<\/em><\/p>\n<p><em>\u00a0\u00a0\u00a0\u00a0\u00a0\u00a0\u00a0\u00a0\u00a0\u00a0\u00a0 <strong>Cumparatorul<\/strong> va fi de acord cu starea de functionare a autovehiculului, verificand atent autovehiculul \u2013 starea acestuia (inclusiv , dar nu limitativ starea de uzura) si a tuturor componentelor sale, sub aspectul carcateristicilor estetice, fizice, tehnice si fuctionale, fiind constient de faptul ca autovehiculul este second hand (rulat). <strong>Cumparatorul<\/strong> este informat cu privire la starea tehnica a autovehiculului, care corespunde vechimii si nr.de km, de faptul ca toate componentele sale mecanice, electrice si electronice prezinta diferite grade de uzura. <\/em><\/p>\n<p><em>\u2013 Cumparatorul este constient si este de acord ca autovehiculul poate sa fi avut interventii din punct de vedere mecanic si\/sau estetic. <\/em><\/p>\n<p>Conditiile de vanzare si garantie se completeaza cu dispozitiile aplicabile prevazute art.1707-1718 din Codul Civil, precum si cu dispozitiile aplicabile prevazute de O.U.G nr.140\/2021.[\/vc_column_text][\/vc_column][\/vc_row][vc_row css=&#8221;.vc_custom_1446724426854{margin-bottom: 0px !important;}&#8221;][vc_column][stm_call_to_action_2 call_to_action_icon=&#8221;stm-icon-question&#8221; call_to_action_icon_right=&#8221;stm-icon-phone2&#8243; call_to_action_color=&#8221;#6c98e1&#8243; call_to_action_text_color=&#8221;#ffffff&#8221; call_to_action_label=&#8221;Ai o Intrebare? Suna Acum!&#8221; call_to_action_label_right=&#8221;0219793&#8243;][\/vc_column][\/vc_row][vc_row][vc_column][vc_empty_space][\/vc_column][\/vc_row]<\/p>\n","protected":false},"excerpt":{"rendered":"<p>[vc_row css=&#8221;.vc_custom_1446724724284{margin-top: 33px !important;margin-bottom: 42px !important;}&#8221;][vc_column css=&#8221;.vc_custom_1446724718390{margin-bottom: 42px !important;}&#8221;][vc_column_text][\/vc_column_text][vc_custom_heading text=&#8221;CONDITII GARANTIE&#8221; font_container=&#8221;tag:h3|text_align:left&#8221; use_theme_fonts=&#8221;yes&#8221;][vc_column_text css=&#8221;.vc_custom_1647867129949{margin-bottom: 31px !important;padding-left: 2px !important;}&#8221;]Societatea DAB Auto Serv S.R.L. cu sediul social \u00een Bucuresti, Str. Cornu Luncii, nr. 2-4, Sectorul 3, \u00eenregistrat\u0103 la Registrul Comer\u0163ului sub nr. J40\/1996\/2000 \u015fi av\u00e2nd CUI 12734167,\u00a0 atribut fiscal RO, in calitate de Vanzator, acorda o garantie&#8230;<\/p>\n","protected":false},"author":1,"featured_media":0,"parent":0,"menu_order":0,"comment_status":"closed","ping_status":"closed","template":"","meta":{"footnotes":""},"class_list":["post-2244","page","type-page","status-publish","hentry"],"yoast_head":"<!-- This site is optimized with the Yoast SEO plugin v27.4 - https:\/\/yoast.com\/product\/yoast-seo-wordpress\/ -->\n<title>Garantie - DAB Auto Rulate<\/title>\n<meta name=\"description\" content=\"DAB Auto Rulate ofera garantie 12 luni fara limita de kilometri. T: 021.9793 E: office@dabauto.ro\" \/>\n<meta name=\"robots\" content=\"index, follow, max-snippet:-1, max-image-preview:large, max-video-preview:-1\" \/>\n<link rel=\"canonical\" href=\"https:\/\/dabauto.ro\/autorulate\/garantie\/\" \/>\n<meta property=\"og:locale\" content=\"ro_RO\" \/>\n<meta property=\"og:type\" content=\"article\" \/>\n<meta property=\"og:title\" content=\"Garantie - DAB Auto Rulate\" \/>\n<meta property=\"og:description\" content=\"DAB Auto Rulate ofera garantie 12 luni fara limita de kilometri. T: 021.9793 E: office@dabauto.ro\" \/>\n<meta property=\"og:url\" content=\"https:\/\/dabauto.ro\/autorulate\/garantie\/\" \/>\n<meta property=\"og:site_name\" content=\"DAB Auto Rulate\" \/>\n<meta property=\"article:modified_time\" content=\"2022-03-21T12:52:11+00:00\" \/>\n<meta property=\"og:image\" content=\"https:\/\/dabauto.ro\/autorulate\/wp-content\/uploads\/2022\/03\/garantie-12-luni-1024x334-1.png\" \/>\n<meta name=\"twitter:card\" content=\"summary_large_image\" \/>\n<meta name=\"twitter:label1\" content=\"Timp estimat pentru citire\" \/>\n\t<meta name=\"twitter:data1\" content=\"3 minute\" \/>\n<script type=\"application\/ld+json\" class=\"yoast-schema-graph\">{\"@context\":\"https:\\\/\\\/schema.org\",\"@graph\":[{\"@type\":\"WebPage\",\"@id\":\"https:\\\/\\\/dabauto.ro\\\/autorulate\\\/garantie\\\/\",\"url\":\"https:\\\/\\\/dabauto.ro\\\/autorulate\\\/garantie\\\/\",\"name\":\"Garantie - DAB Auto Rulate\",\"isPartOf\":{\"@id\":\"https:\\\/\\\/dabauto.ro\\\/autorulate\\\/#website\"},\"primaryImageOfPage\":{\"@id\":\"https:\\\/\\\/dabauto.ro\\\/autorulate\\\/garantie\\\/#primaryimage\"},\"image\":{\"@id\":\"https:\\\/\\\/dabauto.ro\\\/autorulate\\\/garantie\\\/#primaryimage\"},\"thumbnailUrl\":\"https:\\\/\\\/dabauto.ro\\\/autorulate\\\/wp-content\\\/uploads\\\/2022\\\/03\\\/garantie-12-luni-1024x334-1.png\",\"datePublished\":\"2022-03-20T19:24:22+00:00\",\"dateModified\":\"2022-03-21T12:52:11+00:00\",\"description\":\"DAB Auto Rulate ofera garantie 12 luni fara limita de kilometri. T: 021.9793 E: office@dabauto.ro\",\"breadcrumb\":{\"@id\":\"https:\\\/\\\/dabauto.ro\\\/autorulate\\\/garantie\\\/#breadcrumb\"},\"inLanguage\":\"ro-RO\",\"potentialAction\":[{\"@type\":\"ReadAction\",\"target\":[\"https:\\\/\\\/dabauto.ro\\\/autorulate\\\/garantie\\\/\"]}]},{\"@type\":\"ImageObject\",\"inLanguage\":\"ro-RO\",\"@id\":\"https:\\\/\\\/dabauto.ro\\\/autorulate\\\/garantie\\\/#primaryimage\",\"url\":\"https:\\\/\\\/dabauto.ro\\\/autorulate\\\/wp-content\\\/uploads\\\/2022\\\/03\\\/garantie-12-luni-1024x334-1.png\",\"contentUrl\":\"https:\\\/\\\/dabauto.ro\\\/autorulate\\\/wp-content\\\/uploads\\\/2022\\\/03\\\/garantie-12-luni-1024x334-1.png\",\"width\":1024,\"height\":334},{\"@type\":\"BreadcrumbList\",\"@id\":\"https:\\\/\\\/dabauto.ro\\\/autorulate\\\/garantie\\\/#breadcrumb\",\"itemListElement\":[{\"@type\":\"ListItem\",\"position\":1,\"name\":\"Prima pagin\u0103\",\"item\":\"https:\\\/\\\/dabauto.ro\\\/autorulate\\\/\"},{\"@type\":\"ListItem\",\"position\":2,\"name\":\"Garantie\"}]},{\"@type\":\"WebSite\",\"@id\":\"https:\\\/\\\/dabauto.ro\\\/autorulate\\\/#website\",\"url\":\"https:\\\/\\\/dabauto.ro\\\/autorulate\\\/\",\"name\":\"DAB Auto Rulate\",\"description\":\"Auto rulate cu garantie!\",\"potentialAction\":[{\"@type\":\"SearchAction\",\"target\":{\"@type\":\"EntryPoint\",\"urlTemplate\":\"https:\\\/\\\/dabauto.ro\\\/autorulate\\\/?s={search_term_string}\"},\"query-input\":{\"@type\":\"PropertyValueSpecification\",\"valueRequired\":true,\"valueName\":\"search_term_string\"}}],\"inLanguage\":\"ro-RO\"}]}<\/script>\n<!-- \/ Yoast SEO plugin. -->","yoast_head_json":{"title":"Garantie - DAB Auto Rulate","description":"DAB Auto Rulate ofera garantie 12 luni fara limita de kilometri. T: 021.9793 E: office@dabauto.ro","robots":{"index":"index","follow":"follow","max-snippet":"max-snippet:-1","max-image-preview":"max-image-preview:large","max-video-preview":"max-video-preview:-1"},"canonical":"https:\/\/dabauto.ro\/autorulate\/garantie\/","og_locale":"ro_RO","og_type":"article","og_title":"Garantie - DAB Auto Rulate","og_description":"DAB Auto Rulate ofera garantie 12 luni fara limita de kilometri. T: 021.9793 E: office@dabauto.ro","og_url":"https:\/\/dabauto.ro\/autorulate\/garantie\/","og_site_name":"DAB Auto Rulate","article_modified_time":"2022-03-21T12:52:11+00:00","og_image":[{"url":"https:\/\/dabauto.ro\/autorulate\/wp-content\/uploads\/2022\/03\/garantie-12-luni-1024x334-1.png","type":"","width":"","height":""}],"twitter_card":"summary_large_image","twitter_misc":{"Timp estimat pentru citire":"3 minute"},"schema":{"@context":"https:\/\/schema.org","@graph":[{"@type":"WebPage","@id":"https:\/\/dabauto.ro\/autorulate\/garantie\/","url":"https:\/\/dabauto.ro\/autorulate\/garantie\/","name":"Garantie - DAB Auto Rulate","isPartOf":{"@id":"https:\/\/dabauto.ro\/autorulate\/#website"},"primaryImageOfPage":{"@id":"https:\/\/dabauto.ro\/autorulate\/garantie\/#primaryimage"},"image":{"@id":"https:\/\/dabauto.ro\/autorulate\/garantie\/#primaryimage"},"thumbnailUrl":"https:\/\/dabauto.ro\/autorulate\/wp-content\/uploads\/2022\/03\/garantie-12-luni-1024x334-1.png","datePublished":"2022-03-20T19:24:22+00:00","dateModified":"2022-03-21T12:52:11+00:00","description":"DAB Auto Rulate ofera garantie 12 luni fara limita de kilometri. T: 021.9793 E: office@dabauto.ro","breadcrumb":{"@id":"https:\/\/dabauto.ro\/autorulate\/garantie\/#breadcrumb"},"inLanguage":"ro-RO","potentialAction":[{"@type":"ReadAction","target":["https:\/\/dabauto.ro\/autorulate\/garantie\/"]}]},{"@type":"ImageObject","inLanguage":"ro-RO","@id":"https:\/\/dabauto.ro\/autorulate\/garantie\/#primaryimage","url":"https:\/\/dabauto.ro\/autorulate\/wp-content\/uploads\/2022\/03\/garantie-12-luni-1024x334-1.png","contentUrl":"https:\/\/dabauto.ro\/autorulate\/wp-content\/uploads\/2022\/03\/garantie-12-luni-1024x334-1.png","width":1024,"height":334},{"@type":"BreadcrumbList","@id":"https:\/\/dabauto.ro\/autorulate\/garantie\/#breadcrumb","itemListElement":[{"@type":"ListItem","position":1,"name":"Prima pagin\u0103","item":"https:\/\/dabauto.ro\/autorulate\/"},{"@type":"ListItem","position":2,"name":"Garantie"}]},{"@type":"WebSite","@id":"https:\/\/dabauto.ro\/autorulate\/#website","url":"https:\/\/dabauto.ro\/autorulate\/","name":"DAB Auto Rulate","description":"Auto rulate cu garantie!","potentialAction":[{"@type":"SearchAction","target":{"@type":"EntryPoint","urlTemplate":"https:\/\/dabauto.ro\/autorulate\/?s={search_term_string}"},"query-input":{"@type":"PropertyValueSpecification","valueRequired":true,"valueName":"search_term_string"}}],"inLanguage":"ro-RO"}]}},"_links":{"self":[{"href":"https:\/\/dabauto.ro\/autorulate\/wp-json\/wp\/v2\/pages\/2244","targetHints":{"allow":["GET"]}}],"collection":[{"href":"https:\/\/dabauto.ro\/autorulate\/wp-json\/wp\/v2\/pages"}],"about":[{"href":"https:\/\/dabauto.ro\/autorulate\/wp-json\/wp\/v2\/types\/page"}],"author":[{"embeddable":true,"href":"https:\/\/dabauto.ro\/autorulate\/wp-json\/wp\/v2\/users\/1"}],"replies":[{"embeddable":true,"href":"https:\/\/dabauto.ro\/autorulate\/wp-json\/wp\/v2\/comments?post=2244"}],"version-history":[{"count":10,"href":"https:\/\/dabauto.ro\/autorulate\/wp-json\/wp\/v2\/pages\/2244\/revisions"}],"predecessor-version":[{"id":2279,"href":"https:\/\/dabauto.ro\/autorulate\/wp-json\/wp\/v2\/pages\/2244\/revisions\/2279"}],"wp:attachment":[{"href":"https:\/\/dabauto.ro\/autorulate\/wp-json\/wp\/v2\/media?parent=2244"}],"curies":[{"name":"wp","href":"https:\/\/api.w.org\/{rel}","templated":true}]}}