{"id":546,"date":"2015-11-05T06:03:59","date_gmt":"2015-11-05T06:03:59","guid":{"rendered":"https:\/\/motors.stylemixthemes.com\/demo\/?page_id=546"},"modified":"2022-03-20T22:40:48","modified_gmt":"2022-03-20T19:40:48","slug":"service","status":"publish","type":"page","link":"https:\/\/dabauto.ro\/autorulate\/service\/","title":{"rendered":"Service"},"content":{"rendered":"<p>[vc_row css=&#8221;.vc_custom_1446724724284{margin-top: 33px !important;margin-bottom: 42px !important;}&#8221;][vc_column width=&#8221;2\/3&#8243; css=&#8221;.vc_custom_1446724718390{margin-bottom: 42px !important;}&#8221;][vc_custom_heading text=&#8221;SERVICE MULTIMARCA&#8221; font_container=&#8221;tag:h3|text_align:left&#8221; use_theme_fonts=&#8221;yes&#8221;][vc_column_text css=&#8221;.vc_custom_1632776437843{margin-bottom: 31px !important;padding-left: 2px !important;}&#8221;]Sunte\u021bi gata s\u0103 oferi\u021bi ma\u0219inii dvs. serviciul pe care \u00eel merita? Programa\u021bi \u00eentre\u021binerea sau repararea ma\u0219inii chiar aici. Personalul nostru inalt calificat v\u0103 poate repara rapid si eficient ma\u0219ina. \u0218tim c\u0103 nu este nimic mai frustrant dec\u00e2t s\u0103 fii f\u0103r\u0103 vehiculul t\u0103u \u00een timp ce acesta este reparat. De aceea, avem un personal care exceleaz\u0103 \u00een furnizarea de \u00eentre\u021binere \u0219i repara\u021bii de top \u0219i este capabil s\u0103 o fac\u0103 si rapid.[\/vc_column_text][vc_custom_heading text=&#8221;SERVICIILE NOASTRE INCLUD&#8221; font_container=&#8221;tag:h4|text_align:left&#8221; use_theme_fonts=&#8221;yes&#8221; css=&#8221;.vc_custom_1632776488002{margin-bottom: 20px !important;}&#8221;][vc_row_inner css=&#8221;.vc_custom_1446703897866{margin-bottom: 30px !important;}&#8221;][vc_column_inner width=&#8221;1\/2&#8243;][vc_column_text]<\/p>\n<ul class=\"list-style-1\">\n<li>Reparatii Auto Generale<\/li>\n<li>Mentenanta Auto Preventiva<\/li>\n<li>Service Aer Conditionat<\/li>\n<li>Reparatii Sistem Racire<\/li>\n<li>Inlocuire Ulei Motor Sintetic<\/li>\n<li>Tinichigerie<\/li>\n<\/ul>\n<p>[\/vc_column_text][\/vc_column_inner][vc_column_inner width=&#8221;1\/2&#8243;][vc_column_text css_animation=&#8221;none&#8221;]<\/p>\n<ul class=\"list-style-1\">\n<li>Inlocuire Filtru Ulei Motor<\/li>\n<li>Reparatii Sistem Franare<\/li>\n<li>Diagnostic Motor<\/li>\n<li>Curele, Furtune, Lichide<\/li>\n<li>Servicii Transmisie<\/li>\n<li>Vopsitorie<\/li>\n<\/ul>\n<p>[\/vc_column_text][\/vc_column_inner][\/vc_row_inner][vc_column_text css=&#8221;.vc_custom_1633771839649{padding-left: 2px !important;}&#8221;]<span style=\"color: #888888; font-size: 13px;\">Economisi\u021bi-v\u0103 timp program\u00e2nd serviciul chiar aici. Dup\u0103 ce trimite\u021bi formularul, v\u0103 vom contacta pentru a v\u0103 confirma programarea. Nu devine mult mai u\u0219or dec\u00e2t at\u00e2t. <\/span>[\/vc_column_text][\/vc_column][vc_column width=&#8221;1\/3&#8243; css=&#8221;.vc_custom_1446703675847{margin-top: 13px !important;}&#8221;][vc_single_image image=&#8221;1886&#8243; img_size=&#8221;350&#215;205&#8243; stm_fancybox=&#8221;yes&#8221; css=&#8221;.vc_custom_1647431233428{margin-bottom: 25px !important;}&#8221;][vc_single_image image=&#8221;1888&#8243; img_size=&#8221;350&#215;205&#8243; stm_fancybox=&#8221;yes&#8221;][\/vc_column][\/vc_row][vc_row css=&#8221;.vc_custom_1446724488622{margin-bottom: 28px !important;}&#8221;][vc_column width=&#8221;2\/3&#8243; css=&#8221;.vc_custom_1446723952022{margin-bottom: 45px !important;}&#8221;][vc_custom_heading text=&#8221;PROGRAMARE SERVICE&#8221; font_container=&#8221;tag:h3|text_align:left&#8221; use_theme_fonts=&#8221;yes&#8221;][vc_separator css=&#8221;.vc_custom_1446719521258{margin-top: 24px !important;margin-bottom: 24px !important;}&#8221;]\n<div class=\"wpcf7 no-js\" id=\"wpcf7-f587-o1\" lang=\"en-US\" dir=\"ltr\" data-wpcf7-id=\"587\">\n<div class=\"screen-reader-response\"><p role=\"status\" aria-live=\"polite\" aria-atomic=\"true\"><\/p> <ul><\/ul><\/div>\n<form action=\"\/autorulate\/wp-json\/wp\/v2\/pages\/546#wpcf7-f587-o1\" method=\"post\" class=\"wpcf7-form init\" aria-label=\"Contact form\" novalidate=\"novalidate\" data-status=\"init\">\n<fieldset class=\"hidden-fields-container\"><input type=\"hidden\" name=\"_wpcf7\" value=\"587\" \/><input type=\"hidden\" name=\"_wpcf7_version\" value=\"6.1.5\" \/><input type=\"hidden\" name=\"_wpcf7_locale\" value=\"en_US\" \/><input type=\"hidden\" name=\"_wpcf7_unit_tag\" value=\"wpcf7-f587-o1\" \/><input type=\"hidden\" name=\"_wpcf7_container_post\" value=\"0\" \/><input type=\"hidden\" name=\"_wpcf7_posted_data_hash\" value=\"\" \/><input type=\"hidden\" name=\"_wpcf7_recaptcha_response\" value=\"\" \/>\n<\/fieldset>\n<div class=\"row stm-forms-sm\">\n\t<div class=\"col-md-4 col-sm-4\">\n\t\t<div class=\"form-group\">\n\t\t\t<div class=\"form-label-small\">\n\t\t\t\t<p>Nume\n\t\t\t\t<\/p>\n\t\t\t<\/div>\n\t\t\t<p><span class=\"wpcf7-form-control-wrap\" data-name=\"your-name\"><input size=\"40\" maxlength=\"400\" class=\"wpcf7-form-control wpcf7-text wpcf7-validates-as-required\" aria-required=\"true\" aria-invalid=\"false\" value=\"\" type=\"text\" name=\"your-name\" \/><\/span>\n\t\t\t<\/p>\n\t\t<\/div>\n\t<\/div>\n\t<div class=\"col-md-4 col-sm-4\">\n\t\t<div class=\"form-group\">\n\t\t\t<div class=\"form-label-small\">\n\t\t\t\t<p>Email\n\t\t\t\t<\/p>\n\t\t\t<\/div>\n\t\t\t<p><span class=\"wpcf7-form-control-wrap\" data-name=\"your-email\"><input size=\"40\" maxlength=\"400\" class=\"wpcf7-form-control wpcf7-email wpcf7-validates-as-required wpcf7-text wpcf7-validates-as-email\" aria-required=\"true\" aria-invalid=\"false\" value=\"\" type=\"email\" name=\"your-email\" \/><\/span>\n\t\t\t<\/p>\n\t\t<\/div>\n\t<\/div>\n\t<div class=\"col-md-4 col-sm-4\">\n\t\t<div class=\"form-group\">\n\t\t\t<div class=\"form-label-small\">\n\t\t\t\t<p>Telefon\n\t\t\t\t<\/p>\n\t\t\t<\/div>\n\t\t\t<p><span class=\"wpcf7-form-control-wrap\" data-name=\"your-tel\"><input size=\"40\" maxlength=\"400\" class=\"wpcf7-form-control wpcf7-tel wpcf7-validates-as-required wpcf7-text wpcf7-validates-as-tel\" aria-required=\"true\" aria-invalid=\"false\" value=\"\" type=\"tel\" name=\"your-tel\" \/><\/span>\n\t\t\t<\/p>\n\t\t<\/div>\n\t<\/div>\n<\/div>\n<div class=\"row stm-forms-sm\">\n\t<div class=\"col-md-4 col-sm-4\">\n\t\t<div class=\"form-group\">\n\t\t\t<div class=\"form-label-small\">\n\t\t\t\t<p>Marca\/Model\n\t\t\t\t<\/p>\n\t\t\t<\/div>\n\t\t\t<p><span class=\"wpcf7-form-control-wrap\" data-name=\"make-model\"><input size=\"40\" maxlength=\"400\" class=\"wpcf7-form-control wpcf7-text wpcf7-validates-as-required\" aria-required=\"true\" aria-invalid=\"false\" value=\"\" type=\"text\" name=\"make-model\" \/><\/span>\n\t\t\t<\/p>\n\t\t<\/div>\n\t<\/div>\n\t<div class=\"col-md-4 col-sm-4\">\n\t\t<div class=\"form-group\">\n\t\t\t<div class=\"form-label-small\">\n\t\t\t\t<p>Kilometri (optional)\n\t\t\t\t<\/p>\n\t\t\t<\/div>\n\t\t\t<p><span class=\"wpcf7-form-control-wrap\" data-name=\"mileage\"><input size=\"40\" maxlength=\"400\" class=\"wpcf7-form-control wpcf7-text\" aria-invalid=\"false\" value=\"\" type=\"text\" name=\"mileage\" \/><\/span>\n\t\t\t<\/p>\n\t\t<\/div>\n\t<\/div>\n\t<div class=\"col-md-4 col-sm-4\">\n\t\t<div class=\"form-group\">\n\t\t\t<div class=\"form-label-small\">\n\t\t\t\t<p>Data Dorita\n\t\t\t\t<\/p>\n\t\t\t<\/div>\n\t\t\t<div class=\"stm-datepicker-input-icon\">\n\t\t\t\t<p><span class=\"wpcf7-form-control-wrap\" data-name=\"time\"><input size=\"40\" maxlength=\"400\" class=\"wpcf7-form-control wpcf7-text wpcf7-validates-as-required stm-date-timepicker\" aria-required=\"true\" aria-invalid=\"false\" value=\"\" type=\"text\" name=\"time\" \/><\/span>\n\t\t\t\t<\/p>\n\t\t\t<\/div>\n\t\t<\/div>\n\t<\/div>\n<\/div>\n<hr class=\"form-hr\" \/>\n<div class=\"row\">\n\t<div class=\"col-md-4 col-sm-4\">\n\t\t<p><input class=\"wpcf7-form-control wpcf7-submit has-spinner button-fluid\" type=\"submit\" value=\"Programeaza Service\" \/>\n\t\t<\/p>\n\t<\/div>\n\t<div class=\"col-md-8 col-sm-8\">\n\t\t<div class=\"stm-form-alert\">\n\t\t\t<p><span class=\"wpcf7-form-control-wrap\" data-name=\"acceptance-876\"><span class=\"wpcf7-form-control wpcf7-acceptance\"><span class=\"wpcf7-list-item\"><label><input type=\"checkbox\" name=\"acceptance-876\" value=\"1\" aria-invalid=\"false\" \/><span class=\"wpcf7-list-item-label\">Am citit documentele din sectiunea \"Legal si Protectia Datelor\"<\/span><\/label><\/span><\/span><\/span>\n\t\t\t<\/p>\n\t\t\t<p>*Prin trimiterea acestui formular, ve\u021bi face programare prealabila in service. Pentru confirmare ve\u021bi fi contactat \u00een termen de max 24 de ore de c\u0103tre un consilier de service.\n\t\t\t<\/p>\n\t\t<\/div>\n\t<\/div>\n<\/div><div class=\"wpcf7-response-output\" aria-hidden=\"true\"><\/div>\n<\/form>\n<\/div>\n[\/vc_column][vc_column width=&#8221;1\/3&#8243;][stm_working_days title=&#8221;PROGRAM LUCRU&#8221; monday=&#8221;08:00 &#8211; 17.00&#8243; tuesday=&#8221;08:00 &#8211; 17.00&#8243; wednesday=&#8221;08:00 &#8211; 17.00&#8243; thursday=&#8221;08:00 &#8211; 17.00&#8243; friday=&#8221;08:00 &#8211; 17.00&#8243; css=&#8221;.vc_custom_1632777049106{margin-top: 6px !important;}&#8221;][\/vc_column][\/vc_row][vc_row css=&#8221;.vc_custom_1446724426854{margin-bottom: 0px !important;}&#8221;][vc_column][stm_call_to_action_2 call_to_action_icon=&#8221;stm-icon-question&#8221; call_to_action_icon_right=&#8221;stm-icon-phone2&#8243; call_to_action_color=&#8221;#6c98e1&#8243; call_to_action_text_color=&#8221;#ffffff&#8221; call_to_action_label=&#8221;Ai o Intrebare? Suna Acum!&#8221; call_to_action_label_right=&#8221;0219793&#8243;][\/vc_column][\/vc_row][vc_row][vc_column][vc_empty_space][\/vc_column][\/vc_row]<\/p>\n","protected":false},"excerpt":{"rendered":"<p>[vc_row css=&#8221;.vc_custom_1446724724284{margin-top: 33px !important;margin-bottom: 42px !important;}&#8221;][vc_column width=&#8221;2\/3&#8243; css=&#8221;.vc_custom_1446724718390{margin-bottom: 42px !important;}&#8221;][vc_custom_heading text=&#8221;SERVICE MULTIMARCA&#8221; font_container=&#8221;tag:h3|text_align:left&#8221; use_theme_fonts=&#8221;yes&#8221;][vc_column_text css=&#8221;.vc_custom_1632776437843{margin-bottom: 31px !important;padding-left: 2px !important;}&#8221;]Sunte\u021bi gata s\u0103 oferi\u021bi ma\u0219inii dvs. serviciul pe care \u00eel merita? Programa\u021bi \u00eentre\u021binerea sau repararea ma\u0219inii chiar aici. Personalul nostru inalt calificat v\u0103 poate repara rapid si eficient ma\u0219ina. \u0218tim c\u0103 nu este nimic mai frustrant dec\u00e2t&#8230;<\/p>\n","protected":false},"author":1,"featured_media":0,"parent":0,"menu_order":0,"comment_status":"closed","ping_status":"closed","template":"","meta":{"footnotes":""},"class_list":["post-546","page","type-page","status-publish","hentry"],"yoast_head":"<!-- This site is optimized with the Yoast SEO plugin v27.4 - https:\/\/yoast.com\/product\/yoast-seo-wordpress\/ -->\n<title>Service - DAB Auto Rulate<\/title>\n<meta name=\"description\" content=\"DAB Auto Serv - service auto multimarca. Service autorizat Hyundai, Suzuki, Mitsubishi, Fiat, Jeep, Alfa Romeo, Abarth, Jaguar, Land Rover si Tesla.\" \/>\n<meta name=\"robots\" content=\"index, follow, max-snippet:-1, max-image-preview:large, max-video-preview:-1\" \/>\n<link rel=\"canonical\" href=\"https:\/\/dabauto.ro\/autorulate\/service\/\" \/>\n<meta property=\"og:locale\" content=\"ro_RO\" \/>\n<meta property=\"og:type\" content=\"article\" \/>\n<meta property=\"og:title\" content=\"Service - DAB Auto Rulate\" \/>\n<meta property=\"og:description\" content=\"DAB Auto Serv - service auto multimarca. Service autorizat Hyundai, Suzuki, Mitsubishi, Fiat, Jeep, Alfa Romeo, Abarth, Jaguar, Land Rover si Tesla.\" \/>\n<meta property=\"og:url\" content=\"https:\/\/dabauto.ro\/autorulate\/service\/\" \/>\n<meta property=\"og:site_name\" content=\"DAB Auto Rulate\" \/>\n<meta property=\"article:modified_time\" content=\"2022-03-20T19:40:48+00:00\" \/>\n<meta name=\"twitter:card\" content=\"summary_large_image\" \/>\n<meta name=\"twitter:label1\" content=\"Timp estimat pentru citire\" \/>\n\t<meta name=\"twitter:data1\" content=\"2 minute\" \/>\n<script type=\"application\/ld+json\" class=\"yoast-schema-graph\">{\"@context\":\"https:\\\/\\\/schema.org\",\"@graph\":[{\"@type\":\"WebPage\",\"@id\":\"https:\\\/\\\/dabauto.ro\\\/autorulate\\\/service\\\/\",\"url\":\"https:\\\/\\\/dabauto.ro\\\/autorulate\\\/service\\\/\",\"name\":\"Service - DAB Auto Rulate\",\"isPartOf\":{\"@id\":\"https:\\\/\\\/dabauto.ro\\\/autorulate\\\/#website\"},\"datePublished\":\"2015-11-05T06:03:59+00:00\",\"dateModified\":\"2022-03-20T19:40:48+00:00\",\"description\":\"DAB Auto Serv - service auto multimarca. Service autorizat Hyundai, Suzuki, Mitsubishi, Fiat, Jeep, Alfa Romeo, Abarth, Jaguar, Land Rover si Tesla.\",\"breadcrumb\":{\"@id\":\"https:\\\/\\\/dabauto.ro\\\/autorulate\\\/service\\\/#breadcrumb\"},\"inLanguage\":\"ro-RO\",\"potentialAction\":[{\"@type\":\"ReadAction\",\"target\":[\"https:\\\/\\\/dabauto.ro\\\/autorulate\\\/service\\\/\"]}]},{\"@type\":\"BreadcrumbList\",\"@id\":\"https:\\\/\\\/dabauto.ro\\\/autorulate\\\/service\\\/#breadcrumb\",\"itemListElement\":[{\"@type\":\"ListItem\",\"position\":1,\"name\":\"Prima pagin\u0103\",\"item\":\"https:\\\/\\\/dabauto.ro\\\/autorulate\\\/\"},{\"@type\":\"ListItem\",\"position\":2,\"name\":\"Service\"}]},{\"@type\":\"WebSite\",\"@id\":\"https:\\\/\\\/dabauto.ro\\\/autorulate\\\/#website\",\"url\":\"https:\\\/\\\/dabauto.ro\\\/autorulate\\\/\",\"name\":\"DAB Auto Rulate\",\"description\":\"Auto rulate cu garantie!\",\"potentialAction\":[{\"@type\":\"SearchAction\",\"target\":{\"@type\":\"EntryPoint\",\"urlTemplate\":\"https:\\\/\\\/dabauto.ro\\\/autorulate\\\/?s={search_term_string}\"},\"query-input\":{\"@type\":\"PropertyValueSpecification\",\"valueRequired\":true,\"valueName\":\"search_term_string\"}}],\"inLanguage\":\"ro-RO\"}]}<\/script>\n<!-- \/ Yoast SEO plugin. -->","yoast_head_json":{"title":"Service - DAB Auto Rulate","description":"DAB Auto Serv - service auto multimarca. Service autorizat Hyundai, Suzuki, Mitsubishi, Fiat, Jeep, Alfa Romeo, Abarth, Jaguar, Land Rover si Tesla.","robots":{"index":"index","follow":"follow","max-snippet":"max-snippet:-1","max-image-preview":"max-image-preview:large","max-video-preview":"max-video-preview:-1"},"canonical":"https:\/\/dabauto.ro\/autorulate\/service\/","og_locale":"ro_RO","og_type":"article","og_title":"Service - DAB Auto Rulate","og_description":"DAB Auto Serv - service auto multimarca. Service autorizat Hyundai, Suzuki, Mitsubishi, Fiat, Jeep, Alfa Romeo, Abarth, Jaguar, Land Rover si Tesla.","og_url":"https:\/\/dabauto.ro\/autorulate\/service\/","og_site_name":"DAB Auto Rulate","article_modified_time":"2022-03-20T19:40:48+00:00","twitter_card":"summary_large_image","twitter_misc":{"Timp estimat pentru citire":"2 minute"},"schema":{"@context":"https:\/\/schema.org","@graph":[{"@type":"WebPage","@id":"https:\/\/dabauto.ro\/autorulate\/service\/","url":"https:\/\/dabauto.ro\/autorulate\/service\/","name":"Service - DAB Auto Rulate","isPartOf":{"@id":"https:\/\/dabauto.ro\/autorulate\/#website"},"datePublished":"2015-11-05T06:03:59+00:00","dateModified":"2022-03-20T19:40:48+00:00","description":"DAB Auto Serv - service auto multimarca. Service autorizat Hyundai, Suzuki, Mitsubishi, Fiat, Jeep, Alfa Romeo, Abarth, Jaguar, Land Rover si Tesla.","breadcrumb":{"@id":"https:\/\/dabauto.ro\/autorulate\/service\/#breadcrumb"},"inLanguage":"ro-RO","potentialAction":[{"@type":"ReadAction","target":["https:\/\/dabauto.ro\/autorulate\/service\/"]}]},{"@type":"BreadcrumbList","@id":"https:\/\/dabauto.ro\/autorulate\/service\/#breadcrumb","itemListElement":[{"@type":"ListItem","position":1,"name":"Prima pagin\u0103","item":"https:\/\/dabauto.ro\/autorulate\/"},{"@type":"ListItem","position":2,"name":"Service"}]},{"@type":"WebSite","@id":"https:\/\/dabauto.ro\/autorulate\/#website","url":"https:\/\/dabauto.ro\/autorulate\/","name":"DAB Auto Rulate","description":"Auto rulate cu garantie!","potentialAction":[{"@type":"SearchAction","target":{"@type":"EntryPoint","urlTemplate":"https:\/\/dabauto.ro\/autorulate\/?s={search_term_string}"},"query-input":{"@type":"PropertyValueSpecification","valueRequired":true,"valueName":"search_term_string"}}],"inLanguage":"ro-RO"}]}},"_links":{"self":[{"href":"https:\/\/dabauto.ro\/autorulate\/wp-json\/wp\/v2\/pages\/546","targetHints":{"allow":["GET"]}}],"collection":[{"href":"https:\/\/dabauto.ro\/autorulate\/wp-json\/wp\/v2\/pages"}],"about":[{"href":"https:\/\/dabauto.ro\/autorulate\/wp-json\/wp\/v2\/types\/page"}],"author":[{"embeddable":true,"href":"https:\/\/dabauto.ro\/autorulate\/wp-json\/wp\/v2\/users\/1"}],"replies":[{"embeddable":true,"href":"https:\/\/dabauto.ro\/autorulate\/wp-json\/wp\/v2\/comments?post=546"}],"version-history":[{"count":24,"href":"https:\/\/dabauto.ro\/autorulate\/wp-json\/wp\/v2\/pages\/546\/revisions"}],"predecessor-version":[{"id":2252,"href":"https:\/\/dabauto.ro\/autorulate\/wp-json\/wp\/v2\/pages\/546\/revisions\/2252"}],"wp:attachment":[{"href":"https:\/\/dabauto.ro\/autorulate\/wp-json\/wp\/v2\/media?parent=546"}],"curies":[{"name":"wp","href":"https:\/\/api.w.org\/{rel}","templated":true}]}}