{"id":6415,"date":"2025-05-29T08:14:36","date_gmt":"2025-05-29T05:14:36","guid":{"rendered":"https:\/\/dabauto.ro\/byd\/?page_id=6415"},"modified":"2026-05-12T09:27:18","modified_gmt":"2026-05-12T06:27:18","slug":"garantie","status":"publish","type":"page","link":"https:\/\/dabauto.ro\/byd\/garantie\/","title":{"rendered":"Garantie"},"content":{"rendered":"\n<div class=\"slider-wrapper relative\" id=\"slider-1766650929\" >\n    <div class=\"slider slider-nav-circle slider-nav-large slider-nav-light slider-style-normal\"\n        data-flickity-options='{\n            \"cellAlign\": \"center\",\n            \"imagesLoaded\": true,\n            \"lazyLoad\": 1,\n            \"freeScroll\": false,\n            \"wrapAround\": true,\n            \"autoPlay\": 3000,\n            \"pauseAutoPlayOnHover\" : true,\n            \"prevNextButtons\": true,\n            \"contain\" : true,\n            \"adaptiveHeight\" : true,\n            \"dragThreshold\" : 10,\n            \"percentPosition\": true,\n            \"pageDots\": true,\n            \"rightToLeft\": false,\n            \"draggable\": true,\n            \"selectedAttraction\": 0.1,\n            \"parallax\" : 0,\n            \"friction\": 0.6        }'\n        >\n        \n\n\n  <div class=\"banner has-hover\" id=\"banner-1186429896\">\n          <div class=\"banner-inner fill\">\n        <div class=\"banner-bg fill\" >\n            <div class=\"bg fill bg-fill \"><\/div>\n                                    \n                    <\/div>\n\t\t\n        <div class=\"banner-layers container\">\n            <div class=\"fill banner-link\"><\/div>            \n\n   <div id=\"text-box-1603423290\" class=\"text-box banner-layer hide-for-small x50 md-x50 lg-x50 y100 md-y100 lg-y100 res-text\">\n                     <div data-animate=\"none\">           <div class=\"text-box-content text dark\">\n              \n              <div class=\"text-inner text-center\">\n                  \n\n<p><a href=\"https:\/\/dabauto.ro\/byd-dealer\/wp-content\/uploads\/2024\/11\/7-ani-garantie.svg\"><img decoding=\"async\" class=\"aligncenter wp-image-2425\" src=\"https:\/\/dabauto.ro\/byd-dealer\/wp-content\/uploads\/2024\/11\/7-ani-garantie.svg\" alt=\"\" width=\"200\" \/><\/a><\/p>\n\n              <\/div>\n           <\/div>\n       <\/div>                     \n<style>\n#text-box-1603423290 {\n  width: 84%;\n}\n#text-box-1603423290 .text-box-content {\n  font-size: 111%;\n}\n@media (min-width:550px) {\n  #text-box-1603423290 {\n    width: 20%;\n  }\n  #text-box-1603423290 .text-box-content {\n    font-size: 100%;\n  }\n}\n<\/style>\n    <\/div>\n \n\n        <\/div>\n      <\/div>\n\n              <div class=\"height-fix is-invisible\"><img loading=\"lazy\" decoding=\"async\" width=\"1920\" height=\"1080\" src=\"https:\/\/dabauto.ro\/byd\/wp-content\/uploads\/2025\/05\/garantie-byd-hero.jpg\" class=\"attachment-original size-original\" alt=\"\" srcset=\"https:\/\/dabauto.ro\/byd\/wp-content\/uploads\/2025\/05\/garantie-byd-hero.jpg 1920w, https:\/\/dabauto.ro\/byd\/wp-content\/uploads\/2025\/05\/garantie-byd-hero-300x169.jpg 300w, https:\/\/dabauto.ro\/byd\/wp-content\/uploads\/2025\/05\/garantie-byd-hero-768x432.jpg 768w, https:\/\/dabauto.ro\/byd\/wp-content\/uploads\/2025\/05\/garantie-byd-hero-1536x864.jpg 1536w\" sizes=\"auto, (max-width: 1920px) 100vw, 1920px\" \/><\/div>\n            \n<style>\n#banner-1186429896 .bg.bg-loaded {\n  background-image: url(https:\/\/dabauto.ro\/byd\/wp-content\/uploads\/2025\/05\/garantie-byd-hero.jpg);\n}\n#banner-1186429896 .bg {\n  background-position: 50% 50%;\n}\n#banner-1186429896 .ux-shape-divider--top svg {\n  height: 150px;\n  --divider-top-width: 100%;\n}\n#banner-1186429896 .ux-shape-divider--bottom svg {\n  height: 150px;\n  --divider-width: 100%;\n}\n<\/style>\n  <\/div>\n\n\n\n     <\/div>\n\n     <div class=\"loading-spin dark large centered\"><\/div>\n\n     \t<\/div>\n\n\n\t<div id=\"gap-236216874\" class=\"gap-element clearfix\" style=\"display:block; height:auto;\">\n\t\t\n<style>\n#gap-236216874 {\n  padding-top: 30px;\n}\n<\/style>\n\t<\/div>\n\t\n\n<div class=\"row align-center\"  id=\"row-781996362\">\n\n\n\t<div id=\"col-1792771879\" class=\"col small-12 large-12\"  >\n\t\t\t\t<div class=\"col-inner text-center\"  >\n\t\t\t\n\t\t\t\n\n\t<div id=\"text-3772441467\" class=\"text\">\n\t\t\n\n<h1><span style=\"font-size: 150%;\">Garan\u021bie<\/span><\/h1>\n\t\t\n<style>\n#text-3772441467 {\n  font-size: 1rem;\n  text-align: center;\n  color: rgb(0,0,0);\n}\n#text-3772441467 > * {\n  color: rgb(0,0,0);\n}\n<\/style>\n\t<\/div>\n\t\n\n\t\t<\/div>\n\t\t\t\t\n<style>\n#col-1792771879 > .col-inner {\n  margin: 15px 0px 0px 0px;\n}\n<\/style>\n\t<\/div>\n\n\t\n\n<\/div>\n<div class=\"row row-collapse align-middle align-center\"  id=\"row-292399284\">\n\n\n\t<div id=\"col-2012938026\" class=\"col medium-6 small-12 large-6\"  >\n\t\t\t\t<div class=\"col-inner text-left\"  >\n\t\t\t\n\t\t\t\n\n\t<div class=\"img has-hover x md-x lg-x y md-y lg-y\" id=\"image_917270889\">\n\t\t\t\t\t\t\t\t<div class=\"img-inner dark\" >\n\t\t\t<img loading=\"lazy\" decoding=\"async\" width=\"720\" height=\"348\" src=\"https:\/\/dabauto.ro\/byd\/wp-content\/uploads\/2025\/05\/image-01-Mob.png\" class=\"attachment-original size-original\" alt=\"\" srcset=\"https:\/\/dabauto.ro\/byd\/wp-content\/uploads\/2025\/05\/image-01-Mob.png 720w, https:\/\/dabauto.ro\/byd\/wp-content\/uploads\/2025\/05\/image-01-Mob-300x145.png 300w\" sizes=\"auto, (max-width: 720px) 100vw, 720px\" \/>\t\t\t\t\t\t\n\t\t\t\t\t<\/div>\n\t\t\t\t\t\t\t\t\n<style>\n#image_917270889 {\n  width: 100%;\n}\n<\/style>\n\t<\/div>\n\t\n\n\n\t\t<\/div>\n\t\t\t\t\n<style>\n#col-2012938026 > .col-inner {\n  padding: 20px 20px 20px 20px;\n}\n<\/style>\n\t<\/div>\n\n\t\n\n\t<div id=\"col-1696028991\" class=\"col medium-6 small-12 large-6\"  >\n\t\t\t\t<div class=\"col-inner text-left\"  >\n\t\t\t\n\t\t\t\n\n\t<div id=\"text-4236627796\" class=\"text\">\n\t\t\n\n<h3>Garan\u021bie<\/h3>\n<p>O politic\u0103 de garan\u021bie cuprinz\u0103toare este \u00een vigoare pentru dvs. Pentru mai multe detalii despre garan\u021bie, v\u0103 rug\u0103m s\u0103 ne contacta\u021bi.<\/p>\n\t\t\n<style>\n#text-4236627796 {\n  color: rgb(0,0,0);\n}\n#text-4236627796 > * {\n  color: rgb(0,0,0);\n}\n<\/style>\n\t<\/div>\n\t\n<a rel=\"noopener noreferrer\" href=\"https:\/\/dabauto.ro\/byd\/wp-content\/uploads\/2026\/05\/BYD-Manual-de-garantie-limitata-2026-EEA-UK-Elvetia_RO.pdf\" target=\"_blank\" class=\"button secondary is-outline\"  >\n    <span>Descarca Manual Garantie Limitata<\/span>\n  <i class=\"icon-angle-down\" aria-hidden=\"true\" ><\/i><\/a>\n\n\n\n\t\t<\/div>\n\t\t\t\t\n<style>\n#col-1696028991 > .col-inner {\n  padding: 20px 20px 20px 20px;\n}\n<\/style>\n\t<\/div>\n\n\t\n\n<\/div>\n<div class=\"row\"  id=\"row-2048694988\">\n\n\n\t<div id=\"col-551673952\" class=\"col small-12 large-12\"  >\n\t\t\t\t<div class=\"col-inner\"  >\n\t\t\t\n\t\t\t\n\n<div class=\"wp-block-pdfemb-pdf-embedder-viewer\"><a href=\"https:\/\/dabauto.ro\/byd\/wp-content\/uploads\/2026\/05\/BYD-Manual-de-garantie-limitata-2026-EEA-UK-Elvetia_RO.pdf\" class=\"pdfemb-viewer\" style=\"\" data-width=\"max\" data-height=\"max\" data-toolbar=\"top\" data-toolbar-fixed=\"on\">Manual de garan\u021bie limitat\u0103-RO<\/a><\/div>\n\n\t\t<\/div>\n\t\t\t\t\t<\/div>\n\n\t\n\n<\/div>\n\t<div id=\"gap-77183578\" class=\"gap-element clearfix\" style=\"display:block; height:auto;\">\n\t\t\n<style>\n#gap-77183578 {\n  padding-top: 30px;\n}\n<\/style>\n\t<\/div>\n\t\n\n\n","protected":false},"excerpt":{"rendered":"","protected":false},"author":4,"featured_media":6417,"parent":0,"menu_order":0,"comment_status":"closed","ping_status":"closed","template":"page-blank.php","meta":{"footnotes":""},"class_list":["post-6415","page","type-page","status-publish","has-post-thumbnail","hentry"],"yoast_head":"<!-- This site is optimized with the Yoast SEO Premium plugin v24.7 (Yoast SEO v27.6) - https:\/\/yoast.com\/product\/yoast-seo-premium-wordpress\/ -->\n<title>Garantie &#187; Dealer &amp; Service Autorizat BYD | Bucuresti<\/title>\n<meta name=\"description\" content=\"Garantie BYD - DAB Auto Serv | T: 021.9793 | E: vanzari.byd@dabauto.ro | Splaiul Unirii 371 - 383, Sector 3, Bucuresti.\" \/>\n<meta name=\"robots\" content=\"index, follow, max-snippet:-1, max-image-preview:large, max-video-preview:-1\" \/>\n<link rel=\"canonical\" href=\"https:\/\/dabauto.ro\/byd\/garantie\/\" \/>\n<meta property=\"og:locale\" content=\"ro_RO\" \/>\n<meta property=\"og:type\" content=\"article\" \/>\n<meta property=\"og:title\" content=\"Garantie\" \/>\n<meta property=\"og:description\" content=\"Garantie BYD - DAB Auto Serv | T: 021.9793 | E: vanzari.byd@dabauto.ro | Splaiul Unirii 371 - 383, Sector 3, Bucuresti.\" \/>\n<meta property=\"og:url\" content=\"https:\/\/dabauto.ro\/byd\/garantie\/\" \/>\n<meta property=\"og:site_name\" content=\"Dealer &amp; Service Autorizat BYD | Bucuresti\" \/>\n<meta property=\"article:publisher\" content=\"https:\/\/www.facebook.com\/DABAutoServRO\" \/>\n<meta property=\"article:modified_time\" content=\"2026-05-12T06:27:18+00:00\" \/>\n<meta property=\"og:image\" content=\"https:\/\/dabauto.ro\/byd\/wp-content\/uploads\/2025\/05\/garantie-byd-hero.jpg\" \/>\n\t<meta property=\"og:image:width\" content=\"1920\" \/>\n\t<meta property=\"og:image:height\" content=\"1080\" \/>\n\t<meta property=\"og:image:type\" content=\"image\/jpeg\" \/>\n<meta name=\"twitter:card\" content=\"summary_large_image\" \/>\n<meta name=\"twitter:label1\" content=\"Timp estimat pentru citire\" \/>\n\t<meta name=\"twitter:data1\" content=\"4 minute\" \/>\n<script type=\"application\/ld+json\" class=\"yoast-schema-graph\">{\"@context\":\"https:\\\/\\\/schema.org\",\"@graph\":[{\"@type\":\"NewsArticle\",\"@id\":\"https:\\\/\\\/dabauto.ro\\\/byd\\\/garantie\\\/#article\",\"isPartOf\":{\"@id\":\"https:\\\/\\\/dabauto.ro\\\/byd\\\/garantie\\\/\"},\"author\":{\"name\":\"Marinescu Bogdan\",\"@id\":\"https:\\\/\\\/dabauto.ro\\\/byd\\\/#\\\/schema\\\/person\\\/d126d7dbfe446ef79643674e8ac17a92\"},\"headline\":\"Garantie\",\"datePublished\":\"2025-05-29T05:14:36+00:00\",\"dateModified\":\"2026-05-12T06:27:18+00:00\",\"mainEntityOfPage\":{\"@id\":\"https:\\\/\\\/dabauto.ro\\\/byd\\\/garantie\\\/\"},\"wordCount\":195,\"publisher\":{\"@id\":\"https:\\\/\\\/dabauto.ro\\\/byd\\\/#organization\"},\"image\":{\"@id\":\"https:\\\/\\\/dabauto.ro\\\/byd\\\/garantie\\\/#primaryimage\"},\"thumbnailUrl\":\"https:\\\/\\\/dabauto.ro\\\/byd\\\/wp-content\\\/uploads\\\/2025\\\/05\\\/garantie-byd-hero.jpg\",\"inLanguage\":\"ro-RO\"},{\"@type\":\"WebPage\",\"@id\":\"https:\\\/\\\/dabauto.ro\\\/byd\\\/garantie\\\/\",\"url\":\"https:\\\/\\\/dabauto.ro\\\/byd\\\/garantie\\\/\",\"name\":\"Garantie &#187; Dealer &amp; Service Autorizat BYD | Bucuresti\",\"isPartOf\":{\"@id\":\"https:\\\/\\\/dabauto.ro\\\/byd\\\/#website\"},\"primaryImageOfPage\":{\"@id\":\"https:\\\/\\\/dabauto.ro\\\/byd\\\/garantie\\\/#primaryimage\"},\"image\":{\"@id\":\"https:\\\/\\\/dabauto.ro\\\/byd\\\/garantie\\\/#primaryimage\"},\"thumbnailUrl\":\"https:\\\/\\\/dabauto.ro\\\/byd\\\/wp-content\\\/uploads\\\/2025\\\/05\\\/garantie-byd-hero.jpg\",\"datePublished\":\"2025-05-29T05:14:36+00:00\",\"dateModified\":\"2026-05-12T06:27:18+00:00\",\"description\":\"Garantie BYD - DAB Auto Serv | T: 021.9793 | E: vanzari.byd@dabauto.ro | Splaiul Unirii 371 - 383, Sector 3, Bucuresti.\",\"breadcrumb\":{\"@id\":\"https:\\\/\\\/dabauto.ro\\\/byd\\\/garantie\\\/#breadcrumb\"},\"inLanguage\":\"ro-RO\",\"potentialAction\":[{\"@type\":\"ReadAction\",\"target\":[\"https:\\\/\\\/dabauto.ro\\\/byd\\\/garantie\\\/\"]}]},{\"@type\":\"ImageObject\",\"inLanguage\":\"ro-RO\",\"@id\":\"https:\\\/\\\/dabauto.ro\\\/byd\\\/garantie\\\/#primaryimage\",\"url\":\"https:\\\/\\\/dabauto.ro\\\/byd\\\/wp-content\\\/uploads\\\/2025\\\/05\\\/garantie-byd-hero.jpg\",\"contentUrl\":\"https:\\\/\\\/dabauto.ro\\\/byd\\\/wp-content\\\/uploads\\\/2025\\\/05\\\/garantie-byd-hero.jpg\",\"width\":1920,\"height\":1080},{\"@type\":\"BreadcrumbList\",\"@id\":\"https:\\\/\\\/dabauto.ro\\\/byd\\\/garantie\\\/#breadcrumb\",\"itemListElement\":[{\"@type\":\"ListItem\",\"position\":1,\"name\":\"Prima pagin\u0103\",\"item\":\"https:\\\/\\\/dabauto.ro\\\/byd\\\/\"},{\"@type\":\"ListItem\",\"position\":2,\"name\":\"Garantie\"}]},{\"@type\":\"WebSite\",\"@id\":\"https:\\\/\\\/dabauto.ro\\\/byd\\\/#website\",\"url\":\"https:\\\/\\\/dabauto.ro\\\/byd\\\/\",\"name\":\"Dealer & Service Autorizat BYD | Bucuresti\",\"description\":\"DAB Auto Serv - Dealer si Service Autorizat BYD in Bucuresti\",\"publisher\":{\"@id\":\"https:\\\/\\\/dabauto.ro\\\/byd\\\/#organization\"},\"potentialAction\":[{\"@type\":\"SearchAction\",\"target\":{\"@type\":\"EntryPoint\",\"urlTemplate\":\"https:\\\/\\\/dabauto.ro\\\/byd\\\/?s={search_term_string}\"},\"query-input\":{\"@type\":\"PropertyValueSpecification\",\"valueRequired\":true,\"valueName\":\"search_term_string\"}}],\"inLanguage\":\"ro-RO\"},{\"@type\":\"Organization\",\"@id\":\"https:\\\/\\\/dabauto.ro\\\/byd\\\/#organization\",\"name\":\"DAB Auto Serv\",\"alternateName\":\"DAB\",\"url\":\"https:\\\/\\\/dabauto.ro\\\/byd\\\/\",\"logo\":{\"@type\":\"ImageObject\",\"inLanguage\":\"ro-RO\",\"@id\":\"https:\\\/\\\/dabauto.ro\\\/byd\\\/#\\\/schema\\\/logo\\\/image\\\/\",\"url\":\"https:\\\/\\\/dabauto.ro\\\/byd\\\/wp-content\\\/uploads\\\/2025\\\/05\\\/BYD-fpage.jpg\",\"contentUrl\":\"https:\\\/\\\/dabauto.ro\\\/byd\\\/wp-content\\\/uploads\\\/2025\\\/05\\\/BYD-fpage.jpg\",\"width\":720,\"height\":405,\"caption\":\"DAB Auto Serv\"},\"image\":{\"@id\":\"https:\\\/\\\/dabauto.ro\\\/byd\\\/#\\\/schema\\\/logo\\\/image\\\/\"},\"sameAs\":[\"https:\\\/\\\/www.facebook.com\\\/DABAutoServRO\",\"https:\\\/\\\/www.instagram.com\\\/dab_auto\\\/\"],\"email\":\"office@dabauto.ro\",\"telephone\":\"0219793\",\"foundingDate\":\"2000-05-01\",\"numberOfEmployees\":{\"@type\":\"QuantitativeValue\",\"minValue\":\"51\",\"maxValue\":\"200\"}},{\"@type\":\"Person\",\"@id\":\"https:\\\/\\\/dabauto.ro\\\/byd\\\/#\\\/schema\\\/person\\\/d126d7dbfe446ef79643674e8ac17a92\",\"name\":\"Marinescu Bogdan\",\"image\":{\"@type\":\"ImageObject\",\"inLanguage\":\"ro-RO\",\"@id\":\"https:\\\/\\\/secure.gravatar.com\\\/avatar\\\/a5cad38611406c2f007226622fd794a2afcd6547b275c460695f5cdbff1d1188?s=96&d=mm&r=g\",\"url\":\"https:\\\/\\\/secure.gravatar.com\\\/avatar\\\/a5cad38611406c2f007226622fd794a2afcd6547b275c460695f5cdbff1d1188?s=96&d=mm&r=g\",\"contentUrl\":\"https:\\\/\\\/secure.gravatar.com\\\/avatar\\\/a5cad38611406c2f007226622fd794a2afcd6547b275c460695f5cdbff1d1188?s=96&d=mm&r=g\",\"caption\":\"Marinescu Bogdan\"},\"sameAs\":[\"https:\\\/\\\/dabauto.ro\\\/byd\"],\"url\":\"https:\\\/\\\/dabauto.ro\\\/byd\\\/author\\\/byd\\\/\"}]}<\/script>\n<!-- \/ Yoast SEO Premium plugin. -->","yoast_head_json":{"title":"Garantie &#187; Dealer &amp; Service Autorizat BYD | Bucuresti","description":"Garantie BYD - DAB Auto Serv | T: 021.9793 | E: vanzari.byd@dabauto.ro | Splaiul Unirii 371 - 383, Sector 3, Bucuresti.","robots":{"index":"index","follow":"follow","max-snippet":"max-snippet:-1","max-image-preview":"max-image-preview:large","max-video-preview":"max-video-preview:-1"},"canonical":"https:\/\/dabauto.ro\/byd\/garantie\/","og_locale":"ro_RO","og_type":"article","og_title":"Garantie","og_description":"Garantie BYD - DAB Auto Serv | T: 021.9793 | E: vanzari.byd@dabauto.ro | Splaiul Unirii 371 - 383, Sector 3, Bucuresti.","og_url":"https:\/\/dabauto.ro\/byd\/garantie\/","og_site_name":"Dealer &amp; Service Autorizat BYD | Bucuresti","article_publisher":"https:\/\/www.facebook.com\/DABAutoServRO","article_modified_time":"2026-05-12T06:27:18+00:00","og_image":[{"width":1920,"height":1080,"url":"https:\/\/dabauto.ro\/byd\/wp-content\/uploads\/2025\/05\/garantie-byd-hero.jpg","type":"image\/jpeg"}],"twitter_card":"summary_large_image","twitter_misc":{"Timp estimat pentru citire":"4 minute"},"schema":{"@context":"https:\/\/schema.org","@graph":[{"@type":"NewsArticle","@id":"https:\/\/dabauto.ro\/byd\/garantie\/#article","isPartOf":{"@id":"https:\/\/dabauto.ro\/byd\/garantie\/"},"author":{"name":"Marinescu Bogdan","@id":"https:\/\/dabauto.ro\/byd\/#\/schema\/person\/d126d7dbfe446ef79643674e8ac17a92"},"headline":"Garantie","datePublished":"2025-05-29T05:14:36+00:00","dateModified":"2026-05-12T06:27:18+00:00","mainEntityOfPage":{"@id":"https:\/\/dabauto.ro\/byd\/garantie\/"},"wordCount":195,"publisher":{"@id":"https:\/\/dabauto.ro\/byd\/#organization"},"image":{"@id":"https:\/\/dabauto.ro\/byd\/garantie\/#primaryimage"},"thumbnailUrl":"https:\/\/dabauto.ro\/byd\/wp-content\/uploads\/2025\/05\/garantie-byd-hero.jpg","inLanguage":"ro-RO"},{"@type":"WebPage","@id":"https:\/\/dabauto.ro\/byd\/garantie\/","url":"https:\/\/dabauto.ro\/byd\/garantie\/","name":"Garantie &#187; Dealer &amp; Service Autorizat BYD | Bucuresti","isPartOf":{"@id":"https:\/\/dabauto.ro\/byd\/#website"},"primaryImageOfPage":{"@id":"https:\/\/dabauto.ro\/byd\/garantie\/#primaryimage"},"image":{"@id":"https:\/\/dabauto.ro\/byd\/garantie\/#primaryimage"},"thumbnailUrl":"https:\/\/dabauto.ro\/byd\/wp-content\/uploads\/2025\/05\/garantie-byd-hero.jpg","datePublished":"2025-05-29T05:14:36+00:00","dateModified":"2026-05-12T06:27:18+00:00","description":"Garantie BYD - DAB Auto Serv | T: 021.9793 | E: vanzari.byd@dabauto.ro | Splaiul Unirii 371 - 383, Sector 3, Bucuresti.","breadcrumb":{"@id":"https:\/\/dabauto.ro\/byd\/garantie\/#breadcrumb"},"inLanguage":"ro-RO","potentialAction":[{"@type":"ReadAction","target":["https:\/\/dabauto.ro\/byd\/garantie\/"]}]},{"@type":"ImageObject","inLanguage":"ro-RO","@id":"https:\/\/dabauto.ro\/byd\/garantie\/#primaryimage","url":"https:\/\/dabauto.ro\/byd\/wp-content\/uploads\/2025\/05\/garantie-byd-hero.jpg","contentUrl":"https:\/\/dabauto.ro\/byd\/wp-content\/uploads\/2025\/05\/garantie-byd-hero.jpg","width":1920,"height":1080},{"@type":"BreadcrumbList","@id":"https:\/\/dabauto.ro\/byd\/garantie\/#breadcrumb","itemListElement":[{"@type":"ListItem","position":1,"name":"Prima pagin\u0103","item":"https:\/\/dabauto.ro\/byd\/"},{"@type":"ListItem","position":2,"name":"Garantie"}]},{"@type":"WebSite","@id":"https:\/\/dabauto.ro\/byd\/#website","url":"https:\/\/dabauto.ro\/byd\/","name":"Dealer & Service Autorizat BYD | Bucuresti","description":"DAB Auto Serv - Dealer si Service Autorizat BYD in Bucuresti","publisher":{"@id":"https:\/\/dabauto.ro\/byd\/#organization"},"potentialAction":[{"@type":"SearchAction","target":{"@type":"EntryPoint","urlTemplate":"https:\/\/dabauto.ro\/byd\/?s={search_term_string}"},"query-input":{"@type":"PropertyValueSpecification","valueRequired":true,"valueName":"search_term_string"}}],"inLanguage":"ro-RO"},{"@type":"Organization","@id":"https:\/\/dabauto.ro\/byd\/#organization","name":"DAB Auto Serv","alternateName":"DAB","url":"https:\/\/dabauto.ro\/byd\/","logo":{"@type":"ImageObject","inLanguage":"ro-RO","@id":"https:\/\/dabauto.ro\/byd\/#\/schema\/logo\/image\/","url":"https:\/\/dabauto.ro\/byd\/wp-content\/uploads\/2025\/05\/BYD-fpage.jpg","contentUrl":"https:\/\/dabauto.ro\/byd\/wp-content\/uploads\/2025\/05\/BYD-fpage.jpg","width":720,"height":405,"caption":"DAB Auto Serv"},"image":{"@id":"https:\/\/dabauto.ro\/byd\/#\/schema\/logo\/image\/"},"sameAs":["https:\/\/www.facebook.com\/DABAutoServRO","https:\/\/www.instagram.com\/dab_auto\/"],"email":"office@dabauto.ro","telephone":"0219793","foundingDate":"2000-05-01","numberOfEmployees":{"@type":"QuantitativeValue","minValue":"51","maxValue":"200"}},{"@type":"Person","@id":"https:\/\/dabauto.ro\/byd\/#\/schema\/person\/d126d7dbfe446ef79643674e8ac17a92","name":"Marinescu Bogdan","image":{"@type":"ImageObject","inLanguage":"ro-RO","@id":"https:\/\/secure.gravatar.com\/avatar\/a5cad38611406c2f007226622fd794a2afcd6547b275c460695f5cdbff1d1188?s=96&d=mm&r=g","url":"https:\/\/secure.gravatar.com\/avatar\/a5cad38611406c2f007226622fd794a2afcd6547b275c460695f5cdbff1d1188?s=96&d=mm&r=g","contentUrl":"https:\/\/secure.gravatar.com\/avatar\/a5cad38611406c2f007226622fd794a2afcd6547b275c460695f5cdbff1d1188?s=96&d=mm&r=g","caption":"Marinescu Bogdan"},"sameAs":["https:\/\/dabauto.ro\/byd"],"url":"https:\/\/dabauto.ro\/byd\/author\/byd\/"}]}},"_links":{"self":[{"href":"https:\/\/dabauto.ro\/byd\/wp-json\/wp\/v2\/pages\/6415","targetHints":{"allow":["GET"]}}],"collection":[{"href":"https:\/\/dabauto.ro\/byd\/wp-json\/wp\/v2\/pages"}],"about":[{"href":"https:\/\/dabauto.ro\/byd\/wp-json\/wp\/v2\/types\/page"}],"author":[{"embeddable":true,"href":"https:\/\/dabauto.ro\/byd\/wp-json\/wp\/v2\/users\/4"}],"replies":[{"embeddable":true,"href":"https:\/\/dabauto.ro\/byd\/wp-json\/wp\/v2\/comments?post=6415"}],"version-history":[{"count":10,"href":"https:\/\/dabauto.ro\/byd\/wp-json\/wp\/v2\/pages\/6415\/revisions"}],"predecessor-version":[{"id":11104,"href":"https:\/\/dabauto.ro\/byd\/wp-json\/wp\/v2\/pages\/6415\/revisions\/11104"}],"wp:featuredmedia":[{"embeddable":true,"href":"https:\/\/dabauto.ro\/byd\/wp-json\/wp\/v2\/media\/6417"}],"wp:attachment":[{"href":"https:\/\/dabauto.ro\/byd\/wp-json\/wp\/v2\/media?parent=6415"}],"curies":[{"name":"wp","href":"https:\/\/api.w.org\/{rel}","templated":true}]}}