{"id":7839,"date":"2023-04-24T14:02:11","date_gmt":"2023-04-24T11:02:11","guid":{"rendered":"https:\/\/dabauto.ro\/fca\/?page_id=7839"},"modified":"2023-04-25T12:49:29","modified_gmt":"2023-04-25T09:49:29","slug":"programare-service","status":"publish","type":"page","link":"https:\/\/dabauto.ro\/fca\/programare-service\/","title":{"rendered":"Programare Service"},"content":{"rendered":"\n<div class=\"slider-wrapper relative\" id=\"slider-1470571583\" >\n    <div class=\"slider slider-nav-circle slider-nav-large slider-nav-light slider-style-normal slider-show-nav\"\n        data-flickity-options='{\n            \"cellAlign\": \"center\",\n            \"imagesLoaded\": true,\n            \"lazyLoad\": 1,\n            \"freeScroll\": false,\n            \"wrapAround\": true,\n            \"autoPlay\": 4000,\n            \"pauseAutoPlayOnHover\" : false,\n            \"prevNextButtons\": true,\n            \"contain\" : true,\n            \"adaptiveHeight\" : true,\n            \"dragThreshold\" : 10,\n            \"percentPosition\": true,\n            \"pageDots\": true,\n            \"rightToLeft\": false,\n            \"draggable\": true,\n            \"selectedAttraction\": 0.1,\n            \"parallax\" : 0,\n            \"friction\": 0.6        }'\n        >\n        \n\n\n  <div class=\"banner has-hover\" id=\"banner-1820099181\">\n          <div class=\"banner-inner fill\">\n        <div class=\"banner-bg fill\" >\n            <img loading=\"lazy\" decoding=\"async\" width=\"1920\" height=\"660\" src=\"https:\/\/dabauto.ro\/fca\/wp-content\/uploads\/2023\/04\/fca-prog-serv-header.jpg\" class=\"bg attachment-original size-original\" alt=\"\" \/>                                    \n                    <\/div>\n\t\t\n        <div class=\"banner-layers container\">\n            <div class=\"fill banner-link\"><\/div>            \n\n   <div id=\"text-box-1372028472\" class=\"text-box banner-layer hide-for-small x50 md-x50 lg-x50 y50 md-y50 lg-y50 res-text\">\n                                <div class=\"text-box-content text \">\n              \n              <div class=\"text-inner text-center\">\n                  \n\n\t<div id=\"text-3694540155\" class=\"text\">\n\t\t\n\n<h1 style=\"text-align: center;\">Programare Service<\/h1>\n<p class=\"thin-font\" style=\"text-align: center;\">V\u0103 rug\u0103m s\u0103 completa\u021bi formularul de mai jos pentru a trimite o solicitare de service c\u0103tre reprezentan\u021ba local\u0103.<\/p>\n\t\t\n<style>\n#text-3694540155 {\n  font-size: 1rem;\n  text-align: center;\n  color: rgb(255, 255, 255);\n}\n#text-3694540155 > * {\n  color: rgb(255, 255, 255);\n}\n<\/style>\n\t<\/div>\n\t\n\n              <\/div>\n           <\/div>\n                            \n<style>\n#text-box-1372028472 .text-box-content {\n  background-color: rgba(0, 0, 0, 0.7);\n  font-size: 100%;\n}\n#text-box-1372028472 .text-inner {\n  padding: 10px 10px 10px 10px;\n}\n#text-box-1372028472 {\n  width: 60%;\n}\n@media (min-width:550px) {\n  #text-box-1372028472 {\n    width: 50%;\n  }\n}\n<\/style>\n    <\/div>\n \n\n        <\/div>\n      <\/div>\n\n              <div class=\"height-fix is-invisible\"><img loading=\"lazy\" decoding=\"async\" width=\"1920\" height=\"660\" src=\"https:\/\/dabauto.ro\/fca\/wp-content\/uploads\/2023\/04\/fca-prog-serv-header.jpg\" class=\"attachment-original size-original\" alt=\"\" srcset=\"https:\/\/dabauto.ro\/fca\/wp-content\/uploads\/2023\/04\/fca-prog-serv-header.jpg 1920w, https:\/\/dabauto.ro\/fca\/wp-content\/uploads\/2023\/04\/fca-prog-serv-header-300x103.jpg 300w, https:\/\/dabauto.ro\/fca\/wp-content\/uploads\/2023\/04\/fca-prog-serv-header-1024x352.jpg 1024w, https:\/\/dabauto.ro\/fca\/wp-content\/uploads\/2023\/04\/fca-prog-serv-header-768x264.jpg 768w, https:\/\/dabauto.ro\/fca\/wp-content\/uploads\/2023\/04\/fca-prog-serv-header-1536x528.jpg 1536w\" sizes=\"auto, (max-width: 1920px) 100vw, 1920px\" \/><\/div>\n            \n<style>\n#banner-1820099181 .banner-bg img {\n  object-position: 50% 50%;\n}\n<\/style>\n  <\/div>\n\n\n\n     <\/div>\n\n     <div class=\"loading-spin dark large centered\"><\/div>\n\n\t<\/div>\n\n\n\n\t<section class=\"section\" id=\"section_375587975\">\n\t\t<div class=\"section-bg fill\" >\n\t\t\t\t\t\t\t\t\t\n\t\t\t\n\n\t\t<\/div>\n\n\t\t\n\n\t\t<div class=\"section-content relative\">\n\t\t\t\n\n<div class=\"row align-middle align-center\"  id=\"row-1113652823\">\n\n\n\t<div id=\"col-1871711367\" class=\"col medium-10 small-12 large-10\"  >\n\t\t\t\t<div class=\"col-inner text-center\"  >\n\t\t\t\n\t\t\t\n\n\t<div id=\"text-185010442\" class=\"text\">\n\t\t\n\n<h2 style=\"text-align: center;\">Face\u021bi o rezervare la service<\/h2>\n<p style=\"text-align: center;\">V\u0103 rug\u0103m s\u0103 completa\u021bi formularul de mai jos pentru a trimite o solicitare de service c\u0103tre reprezentan\u021ba local\u0103.<\/p>\n\t\t\n<style>\n#text-185010442 {\n  font-size: 1rem;\n  text-align: center;\n  color: rgb(0,0,0);\n}\n#text-185010442 > * {\n  color: rgb(0,0,0);\n}\n<\/style>\n\t<\/div>\n\t\n\n\t\t<\/div>\n\t\t\t\t\n<style>\n#col-1871711367 > .col-inner {\n  margin: 25px 0px 0px 0px;\n}\n<\/style>\n\t<\/div>\n\n\t\n\n\n<style>\n#row-1113652823 > .col > .col-inner {\n  padding: 0px 25px 0px 25px;\n}\n<\/style>\n<\/div>\n<div class=\"row align-middle align-center\"  id=\"row-1179366845\">\n\n\n\t<div id=\"col-1784666013\" class=\"col medium-10 small-12 large-10\"  >\n\t\t\t\t<div class=\"col-inner text-left\"  >\n\t\t\t\n\t<div class=\"is-border\"\n\t\tstyle=\"border-color:rgb(220, 220, 220);border-radius:25px;border-width:2px 2px 2px 2px;\">\n\t<\/div>\n\t\t\t\n\n\n\n\n<div class=\"wpcf7 no-js\" id=\"wpcf7-f7845-o1\" lang=\"ro-RO\" dir=\"ltr\" data-wpcf7-id=\"7845\">\n<div class=\"screen-reader-response\"><p role=\"status\" aria-live=\"polite\" aria-atomic=\"true\"><\/p> <ul><\/ul><\/div>\n<form action=\"\/fca\/wp-json\/wp\/v2\/pages\/7839#wpcf7-f7845-o1\" method=\"post\" class=\"wpcf7-form init\" aria-label=\"Formular de contact\" novalidate=\"novalidate\" data-status=\"init\">\n<fieldset class=\"hidden-fields-container\"><input type=\"hidden\" name=\"_wpcf7\" value=\"7845\" \/><input type=\"hidden\" name=\"_wpcf7_version\" value=\"6.1.5\" \/><input type=\"hidden\" name=\"_wpcf7_locale\" value=\"ro_RO\" \/><input type=\"hidden\" name=\"_wpcf7_unit_tag\" value=\"wpcf7-f7845-o1\" \/><input type=\"hidden\" name=\"_wpcf7_container_post\" value=\"0\" \/><input type=\"hidden\" name=\"_wpcf7_posted_data_hash\" value=\"\" \/><input type=\"hidden\" name=\"_wpcf7_recaptcha_response\" value=\"\" \/>\n<\/fieldset>\n<h3>DETALII SERVICE:\n<\/h3>\n<div class=\"one-half\">\n\t<p><label> Marca *<br \/>\n<span class=\"wpcf7-form-control-wrap\" data-name=\"marca\"><input size=\"40\" maxlength=\"400\" class=\"wpcf7-form-control wpcf7-text wpcf7-validates-as-required\" aria-required=\"true\" aria-invalid=\"false\" value=\"\" type=\"text\" name=\"marca\" \/><\/span> <\/label>\n\t<\/p>\n<\/div>\n<div class=\"one-half last\">\n\t<p><label> Model *<br \/>\n<span class=\"wpcf7-form-control-wrap\" data-name=\"model\"><input size=\"40\" maxlength=\"400\" class=\"wpcf7-form-control wpcf7-text wpcf7-validates-as-required\" aria-required=\"true\" aria-invalid=\"false\" value=\"\" type=\"text\" name=\"model\" \/><\/span> <\/label>\n\t<\/p>\n<\/div>\n<div class=\"one-half\">\n\t<p><label> Seria de sasiu (VIN) *<br \/>\n<span class=\"wpcf7-form-control-wrap\" data-name=\"vin\"><input size=\"40\" maxlength=\"400\" class=\"wpcf7-form-control wpcf7-text wpcf7-validates-as-required\" aria-required=\"true\" aria-invalid=\"false\" value=\"\" type=\"text\" name=\"vin\" \/><\/span> <\/label>\n\t<\/p>\n<\/div>\n<div class=\"one-half last\">\n\t<p><label> Numar inmatriculare *<br \/>\n<span class=\"wpcf7-form-control-wrap\" data-name=\"nrinm\"><input size=\"40\" maxlength=\"400\" class=\"wpcf7-form-control wpcf7-text wpcf7-validates-as-required\" aria-required=\"true\" aria-invalid=\"false\" value=\"\" type=\"text\" name=\"nrinm\" \/><\/span> <\/label>\n\t<\/p>\n<\/div>\n<div class=\"one-half\">\n\t<p><label> An Fabricatie *<br \/>\n<span class=\"wpcf7-form-control-wrap\" data-name=\"anfab\"><input size=\"40\" maxlength=\"400\" class=\"wpcf7-form-control wpcf7-text wpcf7-validates-as-required\" aria-required=\"true\" aria-invalid=\"false\" value=\"\" type=\"text\" name=\"anfab\" \/><\/span> <\/label>\n\t<\/p>\n<\/div>\n<div class=\"one-half last\">\n\t<p><label> Motiv Programare *<br \/>\n<span class=\"wpcf7-form-control-wrap\" data-name=\"motiv\"><input size=\"40\" maxlength=\"400\" class=\"wpcf7-form-control wpcf7-text wpcf7-validates-as-required\" aria-required=\"true\" aria-invalid=\"false\" value=\"\" type=\"text\" name=\"motiv\" \/><\/span> <\/label>\n\t<\/p>\n<\/div>\n<div class=\"one-half\">\n\t<p><label> Data dorita *<br \/>\n<span class=\"wpcf7-form-control-wrap\" data-name=\"date-prog\"><input class=\"wpcf7-form-control wpcf7-date wpcf7-validates-as-required wpcf7-validates-as-date\" aria-required=\"true\" aria-invalid=\"false\" value=\"\" type=\"date\" name=\"date-prog\" \/><\/span> <\/label>\n\t<\/p>\n<\/div>\n<div class=\"one-half last\">\n\t<p><label> Ora ideala pentru Dvs *<br \/>\n<span class=\"wpcf7-form-control-wrap\" data-name=\"menu-hour\"><select class=\"wpcf7-form-control wpcf7-select wpcf7-validates-as-required\" aria-required=\"true\" aria-invalid=\"false\" name=\"menu-hour\"><option value=\"08AM - 09AM\">08AM - 09AM<\/option><option value=\"09AM - 10AM\">09AM - 10AM<\/option><option value=\"10AM - 11AM\">10AM - 11AM<\/option><option value=\"11AM - 12AM\">11AM - 12AM<\/option><option value=\"13AM - 14AM\">13AM - 14AM<\/option><option value=\"14AM - 15AM\">14AM - 15AM<\/option><option value=\"15AM - 16AM\">15AM - 16AM<\/option><option value=\"16AM - 17AM\">16AM - 17AM<\/option><\/select><\/span> <\/label>\n\t<\/p>\n<\/div>\n<h3>DATE DE CONTACT:\n<\/h3>\n<div class=\"one-half\">\n\t<p><label> Prenume *<br \/>\n<span class=\"wpcf7-form-control-wrap\" data-name=\"prenume\"><input size=\"40\" maxlength=\"400\" class=\"wpcf7-form-control wpcf7-text wpcf7-validates-as-required\" aria-required=\"true\" aria-invalid=\"false\" value=\"\" type=\"text\" name=\"prenume\" \/><\/span> <\/label>\n\t<\/p>\n<\/div>\n<div class=\"one-half last\">\n\t<p><label> Nume *<br \/>\n<span class=\"wpcf7-form-control-wrap\" data-name=\"nume\"><input size=\"40\" maxlength=\"400\" class=\"wpcf7-form-control wpcf7-text wpcf7-validates-as-required\" aria-required=\"true\" aria-invalid=\"false\" value=\"\" type=\"text\" name=\"nume\" \/><\/span> <\/label>\n\t<\/p>\n<\/div>\n<div class=\"one-half\">\n\t<p><label> Email *<br \/>\n<span class=\"wpcf7-form-control-wrap\" data-name=\"email\"><input size=\"40\" maxlength=\"400\" class=\"wpcf7-form-control wpcf7-email wpcf7-validates-as-required wpcf7-text wpcf7-validates-as-email\" aria-required=\"true\" aria-invalid=\"false\" value=\"\" type=\"email\" name=\"email\" \/><\/span> <\/label>\n\t<\/p>\n<\/div>\n<div class=\"one-half last\">\n\t<p><label> Telefon *<br \/>\n<span class=\"wpcf7-form-control-wrap\" data-name=\"tel\"><input size=\"40\" maxlength=\"400\" class=\"wpcf7-form-control wpcf7-tel wpcf7-validates-as-required wpcf7-text wpcf7-validates-as-tel\" aria-required=\"true\" aria-invalid=\"false\" value=\"\" type=\"tel\" name=\"tel\" \/><\/span> <\/label>\n\t<\/p>\n<\/div>\n<p><label> Informatii aditionale<br \/>\n<span class=\"wpcf7-form-control-wrap\" data-name=\"mesaj\"><textarea cols=\"40\" rows=\"10\" maxlength=\"2000\" class=\"wpcf7-form-control wpcf7-textarea\" aria-invalid=\"false\" name=\"mesaj\"><\/textarea><\/span> <\/label>\n<\/p>\n<p><span style=\"text-align: left;\"><span class=\"wpcf7-form-control-wrap\" data-name=\"your-consent\"><span class=\"wpcf7-form-control wpcf7-acceptance\"><span class=\"wpcf7-list-item\"><label><input type=\"checkbox\" name=\"your-consent\" value=\"1\" id=\"accepta\" aria-invalid=\"false\" \/><span class=\"wpcf7-list-item-label\">Am citit documentele din sectiunea <a href=\"https:\/\/dabauto.ro\/fca\/nota-informare-consimtamant-online\/\" target=\"_blank\" style=\"text-decoration:underline;\">Nota de informare<\/a> si <a href=\"https:\/\/dabauto.ro\/fca\/politica-de-confidentialitate\/\" target=\"_blank\" style=\"text-decoration:underline;\">Politica de Confidentialitate<\/a><\/span><\/label><\/span><\/span><\/span><\/span>\n<\/p>\n<p><span style=\"text-align: left;\"><span class=\"wpcf7-form-control-wrap\" data-name=\"varsta\"><span class=\"wpcf7-form-control wpcf7-acceptance\"><span class=\"wpcf7-list-item\"><label><input type=\"checkbox\" name=\"varsta\" value=\"1\" aria-invalid=\"false\" \/><span class=\"wpcf7-list-item-label\">Confirm ca am peste 16 ani \/ 18 ani in cazul solicitarilor pentru programare in service.<\/span><\/label><\/span><\/span><\/span><\/span>\n<\/p>\n<p><input class=\"wpcf7-form-control wpcf7-submit has-spinner\" type=\"submit\" value=\"TRIMITE\" \/>\n<\/p><div class=\"wpcf7-response-output\" aria-hidden=\"true\"><\/div>\n<\/form>\n<\/div>\n\n\n\n\t\t<\/div>\n\t\t\t\t\t<\/div>\n\n\t\n\n\n<style>\n#row-1179366845 > .col > .col-inner {\n  padding: 0px 25px 0px 25px;\n}\n<\/style>\n<\/div>\n\n\t\t<\/div>\n\n\t\t\n<style>\n#section_375587975 {\n  padding-top: 25px;\n  padding-bottom: 25px;\n}\n<\/style>\n\t<\/section>\n\t\n\n","protected":false},"excerpt":{"rendered":"","protected":false},"author":2,"featured_media":7841,"parent":0,"menu_order":0,"comment_status":"closed","ping_status":"closed","template":"page-blank.php","meta":{"footnotes":""},"class_list":["post-7839","page","type-page","status-publish","has-post-thumbnail","hentry"],"yoast_head":"<!-- This site is optimized with the Yoast SEO Premium plugin v24.7 (Yoast SEO v27.4) - https:\/\/yoast.com\/product\/yoast-seo-premium-wordpress\/ -->\n<title>Programare Service - Dealer &amp; Service Autorizat Grup Fiat<\/title>\n<meta name=\"description\" content=\"Programare service - Faceti o rezervare la atelierul mecanica - electrica din Splaiul Unirii nr. 355-383, Sector 3, Bucuresti.\" \/>\n<meta name=\"robots\" content=\"index, follow, max-snippet:-1, max-image-preview:large, max-video-preview:-1\" \/>\n<link rel=\"canonical\" href=\"https:\/\/dabauto.ro\/fca\/programare-service\/\" \/>\n<meta property=\"og:locale\" content=\"ro_RO\" \/>\n<meta property=\"og:type\" content=\"article\" \/>\n<meta property=\"og:title\" content=\"Programare Service\" \/>\n<meta property=\"og:description\" content=\"Programare service - Faceti o rezervare la atelierul mecanica - electrica din Splaiul Unirii nr. 355-383, Sector 3, Bucuresti.\" \/>\n<meta property=\"og:url\" content=\"https:\/\/dabauto.ro\/fca\/programare-service\/\" \/>\n<meta property=\"og:site_name\" content=\"Dealer &amp; Service Autorizat Grup Fiat\" \/>\n<meta property=\"article:publisher\" content=\"https:\/\/www.facebook.com\/DABAutoServRO\" \/>\n<meta property=\"article:modified_time\" content=\"2023-04-25T09:49:29+00:00\" \/>\n<meta property=\"og:image\" content=\"https:\/\/dabauto.ro\/fca\/wp-content\/uploads\/2023\/04\/fca-prog-serv-header.jpg\" \/>\n\t<meta property=\"og:image:width\" content=\"1920\" \/>\n\t<meta property=\"og:image:height\" content=\"660\" \/>\n\t<meta property=\"og:image:type\" content=\"image\/jpeg\" \/>\n<meta name=\"twitter:label1\" content=\"Timp estimat pentru citire\" \/>\n\t<meta name=\"twitter:data1\" content=\"1 minut\" \/>\n<script type=\"application\/ld+json\" class=\"yoast-schema-graph\">{\"@context\":\"https:\\\/\\\/schema.org\",\"@graph\":[{\"@type\":\"WebPage\",\"@id\":\"https:\\\/\\\/dabauto.ro\\\/fca\\\/programare-service\\\/\",\"url\":\"https:\\\/\\\/dabauto.ro\\\/fca\\\/programare-service\\\/\",\"name\":\"Programare Service - Dealer &amp; Service Autorizat Grup Fiat\",\"isPartOf\":{\"@id\":\"https:\\\/\\\/dabauto.ro\\\/fca\\\/#website\"},\"primaryImageOfPage\":{\"@id\":\"https:\\\/\\\/dabauto.ro\\\/fca\\\/programare-service\\\/#primaryimage\"},\"image\":{\"@id\":\"https:\\\/\\\/dabauto.ro\\\/fca\\\/programare-service\\\/#primaryimage\"},\"thumbnailUrl\":\"https:\\\/\\\/dabauto.ro\\\/fca\\\/wp-content\\\/uploads\\\/2023\\\/04\\\/fca-prog-serv-header.jpg\",\"datePublished\":\"2023-04-24T11:02:11+00:00\",\"dateModified\":\"2023-04-25T09:49:29+00:00\",\"description\":\"Programare service - Faceti o rezervare la atelierul mecanica - electrica din Splaiul Unirii nr. 355-383, Sector 3, Bucuresti.\",\"breadcrumb\":{\"@id\":\"https:\\\/\\\/dabauto.ro\\\/fca\\\/programare-service\\\/#breadcrumb\"},\"inLanguage\":\"ro-RO\",\"potentialAction\":[{\"@type\":\"ReadAction\",\"target\":[\"https:\\\/\\\/dabauto.ro\\\/fca\\\/programare-service\\\/\"]}]},{\"@type\":\"ImageObject\",\"inLanguage\":\"ro-RO\",\"@id\":\"https:\\\/\\\/dabauto.ro\\\/fca\\\/programare-service\\\/#primaryimage\",\"url\":\"https:\\\/\\\/dabauto.ro\\\/fca\\\/wp-content\\\/uploads\\\/2023\\\/04\\\/fca-prog-serv-header.jpg\",\"contentUrl\":\"https:\\\/\\\/dabauto.ro\\\/fca\\\/wp-content\\\/uploads\\\/2023\\\/04\\\/fca-prog-serv-header.jpg\",\"width\":1920,\"height\":660},{\"@type\":\"BreadcrumbList\",\"@id\":\"https:\\\/\\\/dabauto.ro\\\/fca\\\/programare-service\\\/#breadcrumb\",\"itemListElement\":[{\"@type\":\"ListItem\",\"position\":1,\"name\":\"Prima pagin\u0103\",\"item\":\"https:\\\/\\\/dabauto.ro\\\/fca\\\/\"},{\"@type\":\"ListItem\",\"position\":2,\"name\":\"Programare Service\"}]},{\"@type\":\"WebSite\",\"@id\":\"https:\\\/\\\/dabauto.ro\\\/fca\\\/#website\",\"url\":\"https:\\\/\\\/dabauto.ro\\\/fca\\\/\",\"name\":\"Dealer & Service Autorizat Grup Fiat\",\"description\":\"Concesionar Autorizat - Fiat, Alfa Romeo, Jeep, Abarth si LeapMotor in Bucuresti\",\"publisher\":{\"@id\":\"https:\\\/\\\/dabauto.ro\\\/fca\\\/#organization\"},\"potentialAction\":[{\"@type\":\"SearchAction\",\"target\":{\"@type\":\"EntryPoint\",\"urlTemplate\":\"https:\\\/\\\/dabauto.ro\\\/fca\\\/?s={search_term_string}\"},\"query-input\":{\"@type\":\"PropertyValueSpecification\",\"valueRequired\":true,\"valueName\":\"search_term_string\"}}],\"inLanguage\":\"ro-RO\"},{\"@type\":\"Organization\",\"@id\":\"https:\\\/\\\/dabauto.ro\\\/fca\\\/#organization\",\"name\":\"DAB Auto Serv srl\",\"alternateName\":\"DAB Auto Serv srl\",\"url\":\"https:\\\/\\\/dabauto.ro\\\/fca\\\/\",\"logo\":{\"@type\":\"ImageObject\",\"inLanguage\":\"ro-RO\",\"@id\":\"https:\\\/\\\/dabauto.ro\\\/fca\\\/#\\\/schema\\\/logo\\\/image\\\/\",\"url\":\"https:\\\/\\\/dabauto.ro\\\/fca\\\/wp-content\\\/uploads\\\/2025\\\/04\\\/logo_DAB_1200x1200.png\",\"contentUrl\":\"https:\\\/\\\/dabauto.ro\\\/fca\\\/wp-content\\\/uploads\\\/2025\\\/04\\\/logo_DAB_1200x1200.png\",\"width\":1200,\"height\":1200,\"caption\":\"DAB Auto Serv srl\"},\"image\":{\"@id\":\"https:\\\/\\\/dabauto.ro\\\/fca\\\/#\\\/schema\\\/logo\\\/image\\\/\"},\"sameAs\":[\"https:\\\/\\\/www.facebook.com\\\/DABAutoServRO\",\"https:\\\/\\\/www.instagram.com\\\/dab_auto\"],\"telephone\":\"0219793\",\"legalName\":\"DAB Auto Serv srl\",\"foundingDate\":\"2000-05-01\",\"vatID\":\"RO12734167\",\"numberOfEmployees\":{\"@type\":\"QuantitativeValue\",\"minValue\":\"51\",\"maxValue\":\"200\"}}]}<\/script>\n<!-- \/ Yoast SEO Premium plugin. -->","yoast_head_json":{"title":"Programare Service - Dealer &amp; Service Autorizat Grup Fiat","description":"Programare service - Faceti o rezervare la atelierul mecanica - electrica din Splaiul Unirii nr. 355-383, Sector 3, Bucuresti.","robots":{"index":"index","follow":"follow","max-snippet":"max-snippet:-1","max-image-preview":"max-image-preview:large","max-video-preview":"max-video-preview:-1"},"canonical":"https:\/\/dabauto.ro\/fca\/programare-service\/","og_locale":"ro_RO","og_type":"article","og_title":"Programare Service","og_description":"Programare service - Faceti o rezervare la atelierul mecanica - electrica din Splaiul Unirii nr. 355-383, Sector 3, Bucuresti.","og_url":"https:\/\/dabauto.ro\/fca\/programare-service\/","og_site_name":"Dealer &amp; Service Autorizat Grup Fiat","article_publisher":"https:\/\/www.facebook.com\/DABAutoServRO","article_modified_time":"2023-04-25T09:49:29+00:00","og_image":[{"width":1920,"height":660,"url":"https:\/\/dabauto.ro\/fca\/wp-content\/uploads\/2023\/04\/fca-prog-serv-header.jpg","type":"image\/jpeg"}],"twitter_misc":{"Timp estimat pentru citire":"1 minut"},"schema":{"@context":"https:\/\/schema.org","@graph":[{"@type":"WebPage","@id":"https:\/\/dabauto.ro\/fca\/programare-service\/","url":"https:\/\/dabauto.ro\/fca\/programare-service\/","name":"Programare Service - Dealer &amp; Service Autorizat Grup Fiat","isPartOf":{"@id":"https:\/\/dabauto.ro\/fca\/#website"},"primaryImageOfPage":{"@id":"https:\/\/dabauto.ro\/fca\/programare-service\/#primaryimage"},"image":{"@id":"https:\/\/dabauto.ro\/fca\/programare-service\/#primaryimage"},"thumbnailUrl":"https:\/\/dabauto.ro\/fca\/wp-content\/uploads\/2023\/04\/fca-prog-serv-header.jpg","datePublished":"2023-04-24T11:02:11+00:00","dateModified":"2023-04-25T09:49:29+00:00","description":"Programare service - Faceti o rezervare la atelierul mecanica - electrica din Splaiul Unirii nr. 355-383, Sector 3, Bucuresti.","breadcrumb":{"@id":"https:\/\/dabauto.ro\/fca\/programare-service\/#breadcrumb"},"inLanguage":"ro-RO","potentialAction":[{"@type":"ReadAction","target":["https:\/\/dabauto.ro\/fca\/programare-service\/"]}]},{"@type":"ImageObject","inLanguage":"ro-RO","@id":"https:\/\/dabauto.ro\/fca\/programare-service\/#primaryimage","url":"https:\/\/dabauto.ro\/fca\/wp-content\/uploads\/2023\/04\/fca-prog-serv-header.jpg","contentUrl":"https:\/\/dabauto.ro\/fca\/wp-content\/uploads\/2023\/04\/fca-prog-serv-header.jpg","width":1920,"height":660},{"@type":"BreadcrumbList","@id":"https:\/\/dabauto.ro\/fca\/programare-service\/#breadcrumb","itemListElement":[{"@type":"ListItem","position":1,"name":"Prima pagin\u0103","item":"https:\/\/dabauto.ro\/fca\/"},{"@type":"ListItem","position":2,"name":"Programare Service"}]},{"@type":"WebSite","@id":"https:\/\/dabauto.ro\/fca\/#website","url":"https:\/\/dabauto.ro\/fca\/","name":"Dealer & Service Autorizat Grup Fiat","description":"Concesionar Autorizat - Fiat, Alfa Romeo, Jeep, Abarth si LeapMotor in Bucuresti","publisher":{"@id":"https:\/\/dabauto.ro\/fca\/#organization"},"potentialAction":[{"@type":"SearchAction","target":{"@type":"EntryPoint","urlTemplate":"https:\/\/dabauto.ro\/fca\/?s={search_term_string}"},"query-input":{"@type":"PropertyValueSpecification","valueRequired":true,"valueName":"search_term_string"}}],"inLanguage":"ro-RO"},{"@type":"Organization","@id":"https:\/\/dabauto.ro\/fca\/#organization","name":"DAB Auto Serv srl","alternateName":"DAB Auto Serv srl","url":"https:\/\/dabauto.ro\/fca\/","logo":{"@type":"ImageObject","inLanguage":"ro-RO","@id":"https:\/\/dabauto.ro\/fca\/#\/schema\/logo\/image\/","url":"https:\/\/dabauto.ro\/fca\/wp-content\/uploads\/2025\/04\/logo_DAB_1200x1200.png","contentUrl":"https:\/\/dabauto.ro\/fca\/wp-content\/uploads\/2025\/04\/logo_DAB_1200x1200.png","width":1200,"height":1200,"caption":"DAB Auto Serv srl"},"image":{"@id":"https:\/\/dabauto.ro\/fca\/#\/schema\/logo\/image\/"},"sameAs":["https:\/\/www.facebook.com\/DABAutoServRO","https:\/\/www.instagram.com\/dab_auto"],"telephone":"0219793","legalName":"DAB Auto Serv srl","foundingDate":"2000-05-01","vatID":"RO12734167","numberOfEmployees":{"@type":"QuantitativeValue","minValue":"51","maxValue":"200"}}]}},"_links":{"self":[{"href":"https:\/\/dabauto.ro\/fca\/wp-json\/wp\/v2\/pages\/7839","targetHints":{"allow":["GET"]}}],"collection":[{"href":"https:\/\/dabauto.ro\/fca\/wp-json\/wp\/v2\/pages"}],"about":[{"href":"https:\/\/dabauto.ro\/fca\/wp-json\/wp\/v2\/types\/page"}],"author":[{"embeddable":true,"href":"https:\/\/dabauto.ro\/fca\/wp-json\/wp\/v2\/users\/2"}],"replies":[{"embeddable":true,"href":"https:\/\/dabauto.ro\/fca\/wp-json\/wp\/v2\/comments?post=7839"}],"version-history":[{"count":23,"href":"https:\/\/dabauto.ro\/fca\/wp-json\/wp\/v2\/pages\/7839\/revisions"}],"predecessor-version":[{"id":7873,"href":"https:\/\/dabauto.ro\/fca\/wp-json\/wp\/v2\/pages\/7839\/revisions\/7873"}],"wp:featuredmedia":[{"embeddable":true,"href":"https:\/\/dabauto.ro\/fca\/wp-json\/wp\/v2\/media\/7841"}],"wp:attachment":[{"href":"https:\/\/dabauto.ro\/fca\/wp-json\/wp\/v2\/media?parent=7839"}],"curies":[{"name":"wp","href":"https:\/\/api.w.org\/{rel}","templated":true}]}}