{"id":5352,"date":"2020-09-22T15:20:03","date_gmt":"2020-09-22T13:20:03","guid":{"rendered":"https:\/\/dabauto.ro\/hyundai\/?page_id=5352"},"modified":"2025-11-10T10:03:21","modified_gmt":"2025-11-10T08:03:21","slug":"politica-de-confidentialitate","status":"publish","type":"page","link":"https:\/\/dabauto.ro\/hyundai\/politica-de-confidentialitate\/","title":{"rendered":"Politica de confidentialitate"},"content":{"rendered":"","protected":false},"excerpt":{"rendered":"","protected":false},"author":10,"featured_media":0,"parent":0,"menu_order":0,"comment_status":"closed","ping_status":"closed","template":"","meta":{"footnotes":""},"class_list":["post-5352","page","type-page","status-publish","hentry"],"yoast_head":"<!-- This site is optimized with the Yoast SEO Premium plugin v24.7 (Yoast SEO v27.6) - https:\/\/yoast.com\/product\/yoast-seo-premium-wordpress\/ -->\n<title>Politica de confidentialitate &#8226; Hyundai Dealer &amp; Service | DAB Auto<\/title>\n<meta name=\"description\" content=\"Not\u0103 de informare privind prelucrarea datelor pe baza consim\u021b\u0103m\u00e2ntului online (\u00een scopuri de marketing)\" \/>\n<meta name=\"robots\" content=\"noindex, nofollow\" \/>\n<meta property=\"og:locale\" content=\"ro_RO\" \/>\n<meta property=\"og:type\" content=\"article\" \/>\n<meta property=\"og:title\" content=\"Politica de confidentialitate\" \/>\n<meta property=\"og:description\" content=\"Not\u0103 de informare privind prelucrarea datelor pe baza consim\u021b\u0103m\u00e2ntului online (\u00een scopuri de marketing)\" \/>\n<meta property=\"og:url\" content=\"https:\/\/dabauto.ro\/hyundai\/politica-de-confidentialitate\/\" \/>\n<meta property=\"og:site_name\" content=\"Hyundai Dealer &amp; Service | DAB Auto\" \/>\n<meta property=\"article:publisher\" content=\"https:\/\/www.facebook.com\/DABAutoServRO\" \/>\n<meta property=\"article:modified_time\" content=\"2025-11-10T08:03:21+00:00\" \/>\n<meta property=\"og:image\" content=\"https:\/\/dabauto.ro\/hyundai\/wp-content\/uploads\/2025\/03\/showroom-hyundai-1200x675-1.jpg\" \/>\n\t<meta property=\"og:image:width\" content=\"1200\" \/>\n\t<meta property=\"og:image:height\" content=\"675\" \/>\n\t<meta property=\"og:image:type\" content=\"image\/jpeg\" \/>\n<script type=\"application\/ld+json\" class=\"yoast-schema-graph\">{\"@context\":\"https:\\\/\\\/schema.org\",\"@graph\":[{\"@type\":\"WebPage\",\"@id\":\"https:\\\/\\\/dabauto.ro\\\/hyundai\\\/politica-de-confidentialitate\\\/\",\"url\":\"https:\\\/\\\/dabauto.ro\\\/hyundai\\\/politica-de-confidentialitate\\\/\",\"name\":\"Politica de confidentialitate &#8226; Hyundai Dealer &amp; Service | DAB Auto\",\"isPartOf\":{\"@id\":\"https:\\\/\\\/dabauto.ro\\\/hyundai\\\/#website\"},\"datePublished\":\"2020-09-22T13:20:03+00:00\",\"dateModified\":\"2025-11-10T08:03:21+00:00\",\"description\":\"Not\u0103 de informare privind prelucrarea datelor pe baza consim\u021b\u0103m\u00e2ntului online (\u00een scopuri de marketing)\",\"breadcrumb\":{\"@id\":\"https:\\\/\\\/dabauto.ro\\\/hyundai\\\/politica-de-confidentialitate\\\/#breadcrumb\"},\"inLanguage\":\"ro-RO\",\"potentialAction\":[{\"@type\":\"ReadAction\",\"target\":[\"https:\\\/\\\/dabauto.ro\\\/hyundai\\\/politica-de-confidentialitate\\\/\"]}]},{\"@type\":\"BreadcrumbList\",\"@id\":\"https:\\\/\\\/dabauto.ro\\\/hyundai\\\/politica-de-confidentialitate\\\/#breadcrumb\",\"itemListElement\":[{\"@type\":\"ListItem\",\"position\":1,\"name\":\"Home\",\"item\":\"https:\\\/\\\/dabauto.ro\\\/hyundai\\\/\"},{\"@type\":\"ListItem\",\"position\":2,\"name\":\"Politica de confidentialitate\"}]},{\"@type\":\"WebSite\",\"@id\":\"https:\\\/\\\/dabauto.ro\\\/hyundai\\\/#website\",\"url\":\"https:\\\/\\\/dabauto.ro\\\/hyundai\\\/\",\"name\":\"Hyundai Dealer &amp; Service | DAB Auto\",\"description\":\"Dealer &amp; Service Hyundai in Bucuresti\",\"publisher\":{\"@id\":\"https:\\\/\\\/dabauto.ro\\\/hyundai\\\/#organization\"},\"potentialAction\":[{\"@type\":\"SearchAction\",\"target\":{\"@type\":\"EntryPoint\",\"urlTemplate\":\"https:\\\/\\\/dabauto.ro\\\/hyundai\\\/?s={search_term_string}\"},\"query-input\":{\"@type\":\"PropertyValueSpecification\",\"valueRequired\":true,\"valueName\":\"search_term_string\"}}],\"inLanguage\":\"ro-RO\"},{\"@type\":\"Organization\",\"@id\":\"https:\\\/\\\/dabauto.ro\\\/hyundai\\\/#organization\",\"name\":\"Hyundai - DAB Auto Serv\",\"url\":\"https:\\\/\\\/dabauto.ro\\\/hyundai\\\/\",\"logo\":{\"@type\":\"ImageObject\",\"inLanguage\":\"ro-RO\",\"@id\":\"https:\\\/\\\/dabauto.ro\\\/hyundai\\\/#\\\/schema\\\/logo\\\/image\\\/\",\"url\":\"https:\\\/\\\/dabauto.ro\\\/hyundai\\\/wp-content\\\/uploads\\\/2025\\\/03\\\/logo_DAB_1200x1200.png\",\"contentUrl\":\"https:\\\/\\\/dabauto.ro\\\/hyundai\\\/wp-content\\\/uploads\\\/2025\\\/03\\\/logo_DAB_1200x1200.png\",\"width\":1200,\"height\":1200,\"caption\":\"Hyundai - DAB Auto Serv\"},\"image\":{\"@id\":\"https:\\\/\\\/dabauto.ro\\\/hyundai\\\/#\\\/schema\\\/logo\\\/image\\\/\"},\"sameAs\":[\"https:\\\/\\\/www.facebook.com\\\/DABAutoServRO\",\"https:\\\/\\\/www.instagram.com\\\/dab_auto\"],\"description\":\"DAB Auto Serv este partenerul tau pentru mobilitate cu o experienta de peste 24 de ani in domeniul serviciilor auto. Ne concentram activitatea pe vanzarea autoturismelor noi si rulate, iti oferim consultanta specializata privind daunele auto, reparatii autorizate de producator si iti punem la dispozitie servicii auto complete, livrate la cele mai inalte standarde de calitate.\",\"email\":\"office@dabauto.ro\",\"telephone\":\"0040219793\",\"legalName\":\"DAB Auto Serv srl\",\"foundingDate\":\"2000-05-01\",\"vatID\":\"RO12734167\",\"numberOfEmployees\":{\"@type\":\"QuantitativeValue\",\"minValue\":\"51\",\"maxValue\":\"200\"}}]}<\/script>\n<!-- \/ Yoast SEO Premium plugin. -->","yoast_head_json":{"title":"Politica de confidentialitate &#8226; Hyundai Dealer &amp; Service | DAB Auto","description":"Not\u0103 de informare privind prelucrarea datelor pe baza consim\u021b\u0103m\u00e2ntului online (\u00een scopuri de marketing)","robots":{"index":"noindex","follow":"nofollow"},"og_locale":"ro_RO","og_type":"article","og_title":"Politica de confidentialitate","og_description":"Not\u0103 de informare privind prelucrarea datelor pe baza consim\u021b\u0103m\u00e2ntului online (\u00een scopuri de marketing)","og_url":"https:\/\/dabauto.ro\/hyundai\/politica-de-confidentialitate\/","og_site_name":"Hyundai Dealer &amp; Service | DAB Auto","article_publisher":"https:\/\/www.facebook.com\/DABAutoServRO","article_modified_time":"2025-11-10T08:03:21+00:00","og_image":[{"width":1200,"height":675,"url":"https:\/\/dabauto.ro\/hyundai\/wp-content\/uploads\/2025\/03\/showroom-hyundai-1200x675-1.jpg","type":"image\/jpeg"}],"schema":{"@context":"https:\/\/schema.org","@graph":[{"@type":"WebPage","@id":"https:\/\/dabauto.ro\/hyundai\/politica-de-confidentialitate\/","url":"https:\/\/dabauto.ro\/hyundai\/politica-de-confidentialitate\/","name":"Politica de confidentialitate &#8226; Hyundai Dealer &amp; Service | DAB Auto","isPartOf":{"@id":"https:\/\/dabauto.ro\/hyundai\/#website"},"datePublished":"2020-09-22T13:20:03+00:00","dateModified":"2025-11-10T08:03:21+00:00","description":"Not\u0103 de informare privind prelucrarea datelor pe baza consim\u021b\u0103m\u00e2ntului online (\u00een scopuri de marketing)","breadcrumb":{"@id":"https:\/\/dabauto.ro\/hyundai\/politica-de-confidentialitate\/#breadcrumb"},"inLanguage":"ro-RO","potentialAction":[{"@type":"ReadAction","target":["https:\/\/dabauto.ro\/hyundai\/politica-de-confidentialitate\/"]}]},{"@type":"BreadcrumbList","@id":"https:\/\/dabauto.ro\/hyundai\/politica-de-confidentialitate\/#breadcrumb","itemListElement":[{"@type":"ListItem","position":1,"name":"Home","item":"https:\/\/dabauto.ro\/hyundai\/"},{"@type":"ListItem","position":2,"name":"Politica de confidentialitate"}]},{"@type":"WebSite","@id":"https:\/\/dabauto.ro\/hyundai\/#website","url":"https:\/\/dabauto.ro\/hyundai\/","name":"Hyundai Dealer &amp; Service | DAB Auto","description":"Dealer &amp; Service Hyundai in Bucuresti","publisher":{"@id":"https:\/\/dabauto.ro\/hyundai\/#organization"},"potentialAction":[{"@type":"SearchAction","target":{"@type":"EntryPoint","urlTemplate":"https:\/\/dabauto.ro\/hyundai\/?s={search_term_string}"},"query-input":{"@type":"PropertyValueSpecification","valueRequired":true,"valueName":"search_term_string"}}],"inLanguage":"ro-RO"},{"@type":"Organization","@id":"https:\/\/dabauto.ro\/hyundai\/#organization","name":"Hyundai - DAB Auto Serv","url":"https:\/\/dabauto.ro\/hyundai\/","logo":{"@type":"ImageObject","inLanguage":"ro-RO","@id":"https:\/\/dabauto.ro\/hyundai\/#\/schema\/logo\/image\/","url":"https:\/\/dabauto.ro\/hyundai\/wp-content\/uploads\/2025\/03\/logo_DAB_1200x1200.png","contentUrl":"https:\/\/dabauto.ro\/hyundai\/wp-content\/uploads\/2025\/03\/logo_DAB_1200x1200.png","width":1200,"height":1200,"caption":"Hyundai - DAB Auto Serv"},"image":{"@id":"https:\/\/dabauto.ro\/hyundai\/#\/schema\/logo\/image\/"},"sameAs":["https:\/\/www.facebook.com\/DABAutoServRO","https:\/\/www.instagram.com\/dab_auto"],"description":"DAB Auto Serv este partenerul tau pentru mobilitate cu o experienta de peste 24 de ani in domeniul serviciilor auto. Ne concentram activitatea pe vanzarea autoturismelor noi si rulate, iti oferim consultanta specializata privind daunele auto, reparatii autorizate de producator si iti punem la dispozitie servicii auto complete, livrate la cele mai inalte standarde de calitate.","email":"office@dabauto.ro","telephone":"0040219793","legalName":"DAB Auto Serv srl","foundingDate":"2000-05-01","vatID":"RO12734167","numberOfEmployees":{"@type":"QuantitativeValue","minValue":"51","maxValue":"200"}}]}},"_links":{"self":[{"href":"https:\/\/dabauto.ro\/hyundai\/wp-json\/wp\/v2\/pages\/5352","targetHints":{"allow":["GET"]}}],"collection":[{"href":"https:\/\/dabauto.ro\/hyundai\/wp-json\/wp\/v2\/pages"}],"about":[{"href":"https:\/\/dabauto.ro\/hyundai\/wp-json\/wp\/v2\/types\/page"}],"author":[{"embeddable":true,"href":"https:\/\/dabauto.ro\/hyundai\/wp-json\/wp\/v2\/users\/10"}],"replies":[{"embeddable":true,"href":"https:\/\/dabauto.ro\/hyundai\/wp-json\/wp\/v2\/comments?post=5352"}],"version-history":[{"count":5,"href":"https:\/\/dabauto.ro\/hyundai\/wp-json\/wp\/v2\/pages\/5352\/revisions"}],"predecessor-version":[{"id":19444,"href":"https:\/\/dabauto.ro\/hyundai\/wp-json\/wp\/v2\/pages\/5352\/revisions\/19444"}],"wp:attachment":[{"href":"https:\/\/dabauto.ro\/hyundai\/wp-json\/wp\/v2\/media?parent=5352"}],"curies":[{"name":"wp","href":"https:\/\/api.w.org\/{rel}","templated":true}]}}