{"id":752,"date":"2023-03-28T13:25:26","date_gmt":"2023-03-28T10:25:26","guid":{"rendered":"https:\/\/dabauto.ro\/kia\/?page_id=752"},"modified":"2026-04-08T10:18:21","modified_gmt":"2026-04-08T07:18:21","slug":"garantie-7-ani","status":"publish","type":"page","link":"https:\/\/dabauto.ro\/kia\/garantie-7-ani\/","title":{"rendered":"Garantie 7 Ani"},"content":{"rendered":"\n<div class=\"slider-wrapper relative\" id=\"slider-869991630\" >\n    <div class=\"slider slider-nav-circle slider-nav-large slider-nav-light slider-style-normal\"\n        data-flickity-options='{\n            \"cellAlign\": \"center\",\n            \"imagesLoaded\": true,\n            \"lazyLoad\": 1,\n            \"freeScroll\": false,\n            \"wrapAround\": true,\n            \"autoPlay\": 3000,\n            \"pauseAutoPlayOnHover\" : true,\n            \"prevNextButtons\": true,\n            \"contain\" : true,\n            \"adaptiveHeight\" : true,\n            \"dragThreshold\" : 10,\n            \"percentPosition\": true,\n            \"pageDots\": true,\n            \"rightToLeft\": false,\n            \"draggable\": true,\n            \"selectedAttraction\": 0.1,\n            \"parallax\" : 0,\n            \"friction\": 0.6        }'\n        >\n        \n\n\n  <div class=\"banner has-hover\" id=\"banner-1129882150\">\n          <div class=\"banner-inner fill\">\n        <div class=\"banner-bg fill\" >\n            <div class=\"bg fill bg-fill \"><\/div>\n                                    \n                    <\/div>\n\t\t\n        <div class=\"banner-layers container\">\n            <div class=\"fill banner-link\"><\/div>            \n\n   <div id=\"text-box-2138681104\" class=\"text-box banner-layer hide-for-small x50 md-x50 lg-x50 y100 md-y100 lg-y100 res-text\">\n                     <div data-animate=\"none\">           <div class=\"text-box-content text dark\">\n              \n              <div class=\"text-inner text-center\">\n                  \n\n<p><a href=\"https:\/\/dabauto.ro\/kia\/wp-content\/uploads\/2024\/11\/7-ani-garantie.svg\"><img decoding=\"async\" class=\"aligncenter wp-image-2425\" src=\"https:\/\/dabauto.ro\/kia\/wp-content\/uploads\/2024\/11\/7-ani-garantie.svg\" alt=\"\" width=\"200\" \/><\/a><\/p>\n\n              <\/div>\n           <\/div>\n       <\/div>                     \n<style>\n#text-box-2138681104 {\n  width: 84%;\n}\n#text-box-2138681104 .text-box-content {\n  font-size: 111%;\n}\n@media (min-width:550px) {\n  #text-box-2138681104 {\n    width: 20%;\n  }\n  #text-box-2138681104 .text-box-content {\n    font-size: 100%;\n  }\n}\n<\/style>\n    <\/div>\n \n\n        <\/div>\n      <\/div>\n\n              <div class=\"height-fix is-invisible\"><img loading=\"lazy\" decoding=\"async\" width=\"1920\" height=\"850\" src=\"https:\/\/dabauto.ro\/kia\/wp-content\/uploads\/2024\/11\/hero-homepage-rabla-1920x1080-1.jpg\" class=\"attachment-original size-original\" alt=\"\" srcset=\"https:\/\/dabauto.ro\/kia\/wp-content\/uploads\/2024\/11\/hero-homepage-rabla-1920x1080-1.jpg 1920w, https:\/\/dabauto.ro\/kia\/wp-content\/uploads\/2024\/11\/hero-homepage-rabla-1920x1080-1-300x133.jpg 300w, https:\/\/dabauto.ro\/kia\/wp-content\/uploads\/2024\/11\/hero-homepage-rabla-1920x1080-1-1024x453.jpg 1024w, https:\/\/dabauto.ro\/kia\/wp-content\/uploads\/2024\/11\/hero-homepage-rabla-1920x1080-1-768x340.jpg 768w, https:\/\/dabauto.ro\/kia\/wp-content\/uploads\/2024\/11\/hero-homepage-rabla-1920x1080-1-1536x680.jpg 1536w\" sizes=\"auto, (max-width: 1920px) 100vw, 1920px\" \/><\/div>\n            \n<style>\n#banner-1129882150 .bg.bg-loaded {\n  background-image: url(https:\/\/dabauto.ro\/kia\/wp-content\/uploads\/2024\/11\/hero-homepage-rabla-1920x1080-1.jpg);\n}\n#banner-1129882150 .bg {\n  background-position: 50% 50%;\n}\n#banner-1129882150 .ux-shape-divider--top svg {\n  height: 150px;\n  --divider-top-width: 100%;\n}\n#banner-1129882150 .ux-shape-divider--bottom svg {\n  height: 150px;\n  --divider-width: 100%;\n}\n<\/style>\n  <\/div>\n\n\n\n     <\/div>\n\n     <div class=\"loading-spin dark large centered\"><\/div>\n\n     \t<\/div>\n\n\n\t<div id=\"gap-202046990\" class=\"gap-element clearfix\" style=\"display:block; height:auto;\">\n\t\t\n<style>\n#gap-202046990 {\n  padding-top: 30px;\n}\n<\/style>\n\t<\/div>\n\t\n\n<div class=\"row align-center\"  id=\"row-1671764636\">\n\n\n\t<div id=\"col-733914139\" class=\"col small-12 large-12\"  >\n\t\t\t\t<div class=\"col-inner text-center\"  >\n\t\t\t\n\t\t\t\n\n\t<div id=\"text-2720094676\" class=\"text\">\n\t\t\n\n<h1><span style=\"font-size: 150%;\">7 ANI GARAN\u021aIE<\/span><\/h1>\n\n\t\t\n<style>\n#text-2720094676 {\n  font-size: 1rem;\n  text-align: center;\n  color: rgb(0,0,0);\n}\n#text-2720094676 > * {\n  color: rgb(0,0,0);\n}\n<\/style>\n\t<\/div>\n\t\n\n\t\t<\/div>\n\t\t\t\t\n<style>\n#col-733914139 > .col-inner {\n  margin: 15px 0px 0px 0px;\n}\n<\/style>\n\t<\/div>\n\n\t\n\n<\/div>\n<div class=\"row row-collapse align-middle align-center\"  id=\"row-979694916\">\n\n\n\t<div id=\"col-1450795514\" class=\"col small-12 large-12\"  >\n\t\t\t\t<div class=\"col-inner text-left\"  >\n\t\t\t\n\t\t\t\n\n\t<div id=\"text-3476067831\" class=\"text\">\n\t\t\n\n<table border=\"0\" summary=\"Garantie toate autoturismele\" cellspacing=\"0\" cellpadding=\"0\" align=\"left\">\n<tbody>\n<tr class=\"tabelHeader\">\n<td><span style=\"color: #000000;\"><b>Nr.Crt.<\/b><\/span><\/td>\n<td><span style=\"color: #000000;\"><b>Aplica\u021bie<\/b><\/span><\/td>\n<td><span style=\"color: #000000;\"><b>Toate autoturismele<\/b><\/span><\/td>\n<\/tr>\n<tr class=\"tabelRow1\">\n<td><span style=\"color: #000000;\"><b>1.<\/b><\/span><\/td>\n<td><span style=\"color: #000000;\">Anul de fabrica\u021bie<\/span><\/td>\n<td><span style=\"color: #000000;\">Autovehiculele v\u00e2ndute \u0219i \u00eenregistrate dup\u0103 data de 15.06.2010<\/span><\/td>\n<\/tr>\n<tr class=\"tabelRow2\">\n<td><span style=\"color: #000000;\"><b>2.<\/b><\/span><\/td>\n<td><span style=\"color: #000000;\">Garan\u021bie de baz\u0103<\/span><br \/><span style=\"color: #000000;\">Vehicul electric (EV) \/<\/span><br \/><span style=\"color: #000000;\">Sistem hibrid (HEV\/PHEV)<\/span><\/td>\n<td>\n<p><span style=\"color: #000000;\">1~36 de luni de la data livr\u0103rii f\u0103r\u0103 limit\u0103 de Km<\/span><br \/><span style=\"color: #000000;\">37~84 de luni sau \u00een limita a 150 000 km<\/span><\/p>\n<\/td>\n<\/tr>\n<tr class=\"tabelRow1\">\n<td><span style=\"color: #000000;\"><b>3.<\/b><\/span><\/td>\n<td><span style=\"color: #000000;\">Vopsea<\/span><\/td>\n<td><span style=\"color: #000000;\">60 de luni de la data livr\u0103rii sau 150 000 km<\/span><\/td>\n<\/tr>\n<tr class=\"tabelRow2\">\n<td><span style=\"color: #000000;\"><b>4.<\/b><\/span><\/td>\n<td><span style=\"color: #000000;\">Antiperforare<\/span><\/td>\n<td><span style=\"color: #000000;\">144 de luni f\u0103r\u0103 limit\u0103 de km\u00a0<\/span><\/td>\n<\/tr>\n<tr class=\"tabelRow1\">\n<td><span style=\"color: #000000;\"><b>5.<\/b><\/span><\/td>\n<td><span style=\"color: #000000;\">Piese de schimb*\/ accesorii\u00a0<\/span><\/td>\n<td><span style=\"color: #000000;\">24 luni de la data cump\u0103r\u0103rii<\/span><\/td>\n<\/tr>\n<tr class=\"tabelRow2\">\n<td><span style=\"color: #000000;\"><b>6.<\/b><\/span><\/td>\n<td><span style=\"color: #000000;\">Acumulator &#8211; echipament original (non EV \/ HEV \/ PHEV) **<\/span><\/td>\n<td><span style=\"color: #000000;\">24 luni f\u0103r\u0103 limit\u0103 de kilometri<\/span><\/td>\n<\/tr>\n<tr>\n<td><span style=\"color: #000000;\"><b>7.<\/b><\/span><\/td>\n<td><span style=\"color: #000000;\">Sistem audio (inclusiv video)<\/span><\/td>\n<td><span style=\"color: #000000;\">1-36 luni \u00een limita a 100.000 kilometri<\/span><\/td>\n<\/tr>\n<tr>\n<td><span style=\"color: #000000;\"><b>8.<\/b><\/span><\/td>\n<td><span style=\"color: #000000;\">Scop comercial ***<\/span><\/td>\n<td><span style=\"color: #000000;\">1-84 luni \u00een limita a 150.000 kilometri<\/span><\/td>\n<\/tr>\n<\/tbody>\n<\/table>\n<p><span style=\"color: #000000;\">*Garan\u021bia pieselor de schimb \u00eenlocuite \u00een perioada contractual\u0103 limitat\u0103 de garan\u021bie este acordat\u0103 p\u00e2n\u0103 la expirarea acesteia<\/span><\/p>\n<p><span style=\"color: #000000;\">** Capacitatea bateriei EV este garantat\u0103 pentru 84 de luni sau 150.000 kilometri de la data primei livr\u0103ri, oricare are loc mai \u00eenainte.<\/span><\/p>\n<p><span style=\"color: #000000;\">*** Vehicul Kia utilizat \u00een scop comercial \u00eenseamn\u0103 un vehicul utilizat comercial \u00een scopul de a ob\u021bine profit, de exemplu ca taxi.<\/span><\/p>\n<p><span style=\"color: #000000;\">Garan\u021bia interna\u021bional\u0103<\/span><br \/><span style=\"color: #000000;\">Toate autovehiculele Kia beneficiaz\u0103 de garan\u021bie interna\u021bional\u0103. Pentru acordarea garan\u021biei interna\u021bionale, clientul trebuie s\u0103 prezinte la service-ul autorizat Kia, caietul de service original.<\/span><br \/><span style=\"color: #000000;\">Confirmarea datei de v\u00e2nzare se va face de c\u0103tre importatorul autorizat, din \u021bara respectiv\u0103.<\/span><\/p>\n<p><span style=\"color: #000000;\"><strong>NOT\u0102:<\/strong><\/span><br \/><span style=\"color: #000000;\">Garan\u021bia este supus\u0103 unor termene \u0219i condi\u021bii descrise \u00een Carnetul de garan\u021bie \u0219i \u00eentre\u021binere<\/span><\/p>\n\n\t\t\n<style>\n#text-3476067831 {\n  color: rgb(0,0,0);\n}\n#text-3476067831 > * {\n  color: rgb(0,0,0);\n}\n<\/style>\n\t<\/div>\n\t\n\n\t\t<\/div>\n\t\t\t\t\n<style>\n#col-1450795514 > .col-inner {\n  padding: 20px 20px 20px 20px;\n}\n<\/style>\n\t<\/div>\n\n\t\n\n<\/div>\n\t<div id=\"gap-296804961\" class=\"gap-element clearfix\" style=\"display:block; height:auto;\">\n\t\t\n<style>\n#gap-296804961 {\n  padding-top: 30px;\n}\n<\/style>\n\t<\/div>\n\t\n\n\n","protected":false},"excerpt":{"rendered":"","protected":false},"author":3,"featured_media":2425,"parent":0,"menu_order":0,"comment_status":"closed","ping_status":"closed","template":"page-blank.php","meta":{"footnotes":""},"class_list":["post-752","page","type-page","status-publish","has-post-thumbnail","hentry"],"yoast_head":"<!-- This site is optimized with the Yoast SEO Premium plugin v24.7 (Yoast SEO v27.5) - https:\/\/yoast.com\/product\/yoast-seo-premium-wordpress\/ -->\n<title>Garantie 7 Ani &#187; Dealer &amp; Reparator Autorizat KIA<\/title>\n<meta name=\"description\" content=\"Angajamentul nostru: 7 Ani - DAB Auto - KIA | T: 021.9793 | E: service.kia@dabauto.ro | Splaiul Unirii 371 - 383, Sector 3, Bucuresti.\" \/>\n<meta name=\"robots\" content=\"index, follow, max-snippet:-1, max-image-preview:large, max-video-preview:-1\" \/>\n<link rel=\"canonical\" href=\"https:\/\/dabauto.ro\/kia\/garantie-7-ani\/\" \/>\n<meta property=\"og:locale\" content=\"ro_RO\" \/>\n<meta property=\"og:type\" content=\"article\" \/>\n<meta property=\"og:title\" content=\"Garantie 7 Ani\" \/>\n<meta property=\"og:description\" content=\"Angajamentul nostru: 7 Ani - DAB Auto - KIA | T: 021.9793 | E: service.kia@dabauto.ro | Splaiul Unirii 371 - 383, Sector 3, Bucuresti.\" \/>\n<meta property=\"og:url\" content=\"https:\/\/dabauto.ro\/kia\/garantie-7-ani\/\" \/>\n<meta property=\"og:site_name\" content=\"Dealer &amp; Reparator Autorizat KIA\" \/>\n<meta property=\"article:publisher\" content=\"https:\/\/www.facebook.com\/DABAutoServRO\" \/>\n<meta property=\"article:modified_time\" content=\"2026-04-08T07:18:21+00:00\" \/>\n<meta property=\"og:image\" content=\"https:\/\/dabauto.ro\/kia\/wp-content\/uploads\/2024\/12\/kia-logo-img-1200x675-1.jpg\" \/>\n\t<meta property=\"og:image:width\" content=\"1200\" \/>\n\t<meta property=\"og:image:height\" content=\"675\" \/>\n\t<meta property=\"og:image:type\" content=\"image\/jpeg\" \/>\n<meta name=\"twitter:card\" content=\"summary_large_image\" \/>\n<meta name=\"twitter:label1\" content=\"Timp estimat pentru citire\" \/>\n\t<meta name=\"twitter:data1\" content=\"4 minute\" \/>\n<script type=\"application\/ld+json\" class=\"yoast-schema-graph\">{\"@context\":\"https:\\\/\\\/schema.org\",\"@graph\":[{\"@type\":\"NewsArticle\",\"@id\":\"https:\\\/\\\/dabauto.ro\\\/kia\\\/garantie-7-ani\\\/#article\",\"isPartOf\":{\"@id\":\"https:\\\/\\\/dabauto.ro\\\/kia\\\/garantie-7-ani\\\/\"},\"author\":{\"name\":\"Marinescu Bogdan\",\"@id\":\"https:\\\/\\\/dabauto.ro\\\/kia\\\/#\\\/schema\\\/person\\\/2b709e02e8f8474dfc6fb014a359bb83\"},\"headline\":\"Garantie 7 Ani\",\"datePublished\":\"2023-03-28T10:25:26+00:00\",\"dateModified\":\"2026-04-08T07:18:21+00:00\",\"mainEntityOfPage\":{\"@id\":\"https:\\\/\\\/dabauto.ro\\\/kia\\\/garantie-7-ani\\\/\"},\"wordCount\":338,\"publisher\":{\"@id\":\"https:\\\/\\\/dabauto.ro\\\/kia\\\/#organization\"},\"image\":{\"@id\":\"https:\\\/\\\/dabauto.ro\\\/kia\\\/garantie-7-ani\\\/#primaryimage\"},\"thumbnailUrl\":\"https:\\\/\\\/dabauto.ro\\\/kia\\\/wp-content\\\/uploads\\\/2024\\\/11\\\/7-ani-garantie.svg\",\"inLanguage\":\"ro-RO\"},{\"@type\":\"WebPage\",\"@id\":\"https:\\\/\\\/dabauto.ro\\\/kia\\\/garantie-7-ani\\\/\",\"url\":\"https:\\\/\\\/dabauto.ro\\\/kia\\\/garantie-7-ani\\\/\",\"name\":\"Garantie 7 Ani &#187; Dealer &amp; Reparator Autorizat KIA\",\"isPartOf\":{\"@id\":\"https:\\\/\\\/dabauto.ro\\\/kia\\\/#website\"},\"primaryImageOfPage\":{\"@id\":\"https:\\\/\\\/dabauto.ro\\\/kia\\\/garantie-7-ani\\\/#primaryimage\"},\"image\":{\"@id\":\"https:\\\/\\\/dabauto.ro\\\/kia\\\/garantie-7-ani\\\/#primaryimage\"},\"thumbnailUrl\":\"https:\\\/\\\/dabauto.ro\\\/kia\\\/wp-content\\\/uploads\\\/2024\\\/11\\\/7-ani-garantie.svg\",\"datePublished\":\"2023-03-28T10:25:26+00:00\",\"dateModified\":\"2026-04-08T07:18:21+00:00\",\"description\":\"Angajamentul nostru: 7 Ani - DAB Auto - KIA | T: 021.9793 | E: service.kia@dabauto.ro | Splaiul Unirii 371 - 383, Sector 3, Bucuresti.\",\"breadcrumb\":{\"@id\":\"https:\\\/\\\/dabauto.ro\\\/kia\\\/garantie-7-ani\\\/#breadcrumb\"},\"inLanguage\":\"ro-RO\",\"potentialAction\":[{\"@type\":\"ReadAction\",\"target\":[\"https:\\\/\\\/dabauto.ro\\\/kia\\\/garantie-7-ani\\\/\"]}]},{\"@type\":\"ImageObject\",\"inLanguage\":\"ro-RO\",\"@id\":\"https:\\\/\\\/dabauto.ro\\\/kia\\\/garantie-7-ani\\\/#primaryimage\",\"url\":\"https:\\\/\\\/dabauto.ro\\\/kia\\\/wp-content\\\/uploads\\\/2024\\\/11\\\/7-ani-garantie.svg\",\"contentUrl\":\"https:\\\/\\\/dabauto.ro\\\/kia\\\/wp-content\\\/uploads\\\/2024\\\/11\\\/7-ani-garantie.svg\"},{\"@type\":\"BreadcrumbList\",\"@id\":\"https:\\\/\\\/dabauto.ro\\\/kia\\\/garantie-7-ani\\\/#breadcrumb\",\"itemListElement\":[{\"@type\":\"ListItem\",\"position\":1,\"name\":\"Prima pagin\u0103\",\"item\":\"https:\\\/\\\/dabauto.ro\\\/kia\\\/\"},{\"@type\":\"ListItem\",\"position\":2,\"name\":\"Garantie 7 Ani\"}]},{\"@type\":\"WebSite\",\"@id\":\"https:\\\/\\\/dabauto.ro\\\/kia\\\/#website\",\"url\":\"https:\\\/\\\/dabauto.ro\\\/kia\\\/\",\"name\":\"Dealer & Reparator Autorizat KIA\",\"description\":\"DAB Auto Serv - Dealer Autorizat KIA in Bucuresti Sud\",\"publisher\":{\"@id\":\"https:\\\/\\\/dabauto.ro\\\/kia\\\/#organization\"},\"potentialAction\":[{\"@type\":\"SearchAction\",\"target\":{\"@type\":\"EntryPoint\",\"urlTemplate\":\"https:\\\/\\\/dabauto.ro\\\/kia\\\/?s={search_term_string}\"},\"query-input\":{\"@type\":\"PropertyValueSpecification\",\"valueRequired\":true,\"valueName\":\"search_term_string\"}}],\"inLanguage\":\"ro-RO\"},{\"@type\":\"Organization\",\"@id\":\"https:\\\/\\\/dabauto.ro\\\/kia\\\/#organization\",\"name\":\"DAB Auto Serv\",\"alternateName\":\"DAB\",\"url\":\"https:\\\/\\\/dabauto.ro\\\/kia\\\/\",\"logo\":{\"@type\":\"ImageObject\",\"inLanguage\":\"ro-RO\",\"@id\":\"https:\\\/\\\/dabauto.ro\\\/kia\\\/#\\\/schema\\\/logo\\\/image\\\/\",\"url\":\"https:\\\/\\\/dabauto.ro\\\/kia\\\/wp-content\\\/uploads\\\/2024\\\/12\\\/kia-logo-img-1200x675-1.jpg\",\"contentUrl\":\"https:\\\/\\\/dabauto.ro\\\/kia\\\/wp-content\\\/uploads\\\/2024\\\/12\\\/kia-logo-img-1200x675-1.jpg\",\"width\":1200,\"height\":675,\"caption\":\"DAB Auto Serv\"},\"image\":{\"@id\":\"https:\\\/\\\/dabauto.ro\\\/kia\\\/#\\\/schema\\\/logo\\\/image\\\/\"},\"sameAs\":[\"https:\\\/\\\/www.facebook.com\\\/DABAutoServRO\",\"https:\\\/\\\/www.instagram.com\\\/dab_auto\\\/\"],\"email\":\"office@dabauto.ro\",\"telephone\":\"0219793\",\"foundingDate\":\"2000-05-01\",\"numberOfEmployees\":{\"@type\":\"QuantitativeValue\",\"minValue\":\"51\",\"maxValue\":\"200\"}},{\"@type\":\"Person\",\"@id\":\"https:\\\/\\\/dabauto.ro\\\/kia\\\/#\\\/schema\\\/person\\\/2b709e02e8f8474dfc6fb014a359bb83\",\"name\":\"Marinescu Bogdan\",\"image\":{\"@type\":\"ImageObject\",\"inLanguage\":\"ro-RO\",\"@id\":\"https:\\\/\\\/secure.gravatar.com\\\/avatar\\\/d4d9f0e4c4eed2a5cdf8b9e8c8faf3b1897ee5a4e170aef63d292e166e77a0a3?s=96&d=mm&r=g\",\"url\":\"https:\\\/\\\/secure.gravatar.com\\\/avatar\\\/d4d9f0e4c4eed2a5cdf8b9e8c8faf3b1897ee5a4e170aef63d292e166e77a0a3?s=96&d=mm&r=g\",\"contentUrl\":\"https:\\\/\\\/secure.gravatar.com\\\/avatar\\\/d4d9f0e4c4eed2a5cdf8b9e8c8faf3b1897ee5a4e170aef63d292e166e77a0a3?s=96&d=mm&r=g\",\"caption\":\"Marinescu Bogdan\"},\"sameAs\":[\"https:\\\/\\\/dabauto.ro\\\/kia\"],\"url\":\"https:\\\/\\\/dabauto.ro\\\/kia\\\/author\\\/kia\\\/\"}]}<\/script>\n<!-- \/ Yoast SEO Premium plugin. -->","yoast_head_json":{"title":"Garantie 7 Ani &#187; Dealer &amp; Reparator Autorizat KIA","description":"Angajamentul nostru: 7 Ani - DAB Auto - KIA | T: 021.9793 | E: service.kia@dabauto.ro | Splaiul Unirii 371 - 383, Sector 3, Bucuresti.","robots":{"index":"index","follow":"follow","max-snippet":"max-snippet:-1","max-image-preview":"max-image-preview:large","max-video-preview":"max-video-preview:-1"},"canonical":"https:\/\/dabauto.ro\/kia\/garantie-7-ani\/","og_locale":"ro_RO","og_type":"article","og_title":"Garantie 7 Ani","og_description":"Angajamentul nostru: 7 Ani - DAB Auto - KIA | T: 021.9793 | E: service.kia@dabauto.ro | Splaiul Unirii 371 - 383, Sector 3, Bucuresti.","og_url":"https:\/\/dabauto.ro\/kia\/garantie-7-ani\/","og_site_name":"Dealer &amp; Reparator Autorizat KIA","article_publisher":"https:\/\/www.facebook.com\/DABAutoServRO","article_modified_time":"2026-04-08T07:18:21+00:00","og_image":[{"width":1200,"height":675,"url":"https:\/\/dabauto.ro\/kia\/wp-content\/uploads\/2024\/12\/kia-logo-img-1200x675-1.jpg","type":"image\/jpeg"}],"twitter_card":"summary_large_image","twitter_misc":{"Timp estimat pentru citire":"4 minute"},"schema":{"@context":"https:\/\/schema.org","@graph":[{"@type":"NewsArticle","@id":"https:\/\/dabauto.ro\/kia\/garantie-7-ani\/#article","isPartOf":{"@id":"https:\/\/dabauto.ro\/kia\/garantie-7-ani\/"},"author":{"name":"Marinescu Bogdan","@id":"https:\/\/dabauto.ro\/kia\/#\/schema\/person\/2b709e02e8f8474dfc6fb014a359bb83"},"headline":"Garantie 7 Ani","datePublished":"2023-03-28T10:25:26+00:00","dateModified":"2026-04-08T07:18:21+00:00","mainEntityOfPage":{"@id":"https:\/\/dabauto.ro\/kia\/garantie-7-ani\/"},"wordCount":338,"publisher":{"@id":"https:\/\/dabauto.ro\/kia\/#organization"},"image":{"@id":"https:\/\/dabauto.ro\/kia\/garantie-7-ani\/#primaryimage"},"thumbnailUrl":"https:\/\/dabauto.ro\/kia\/wp-content\/uploads\/2024\/11\/7-ani-garantie.svg","inLanguage":"ro-RO"},{"@type":"WebPage","@id":"https:\/\/dabauto.ro\/kia\/garantie-7-ani\/","url":"https:\/\/dabauto.ro\/kia\/garantie-7-ani\/","name":"Garantie 7 Ani &#187; Dealer &amp; Reparator Autorizat KIA","isPartOf":{"@id":"https:\/\/dabauto.ro\/kia\/#website"},"primaryImageOfPage":{"@id":"https:\/\/dabauto.ro\/kia\/garantie-7-ani\/#primaryimage"},"image":{"@id":"https:\/\/dabauto.ro\/kia\/garantie-7-ani\/#primaryimage"},"thumbnailUrl":"https:\/\/dabauto.ro\/kia\/wp-content\/uploads\/2024\/11\/7-ani-garantie.svg","datePublished":"2023-03-28T10:25:26+00:00","dateModified":"2026-04-08T07:18:21+00:00","description":"Angajamentul nostru: 7 Ani - DAB Auto - KIA | T: 021.9793 | E: service.kia@dabauto.ro | Splaiul Unirii 371 - 383, Sector 3, Bucuresti.","breadcrumb":{"@id":"https:\/\/dabauto.ro\/kia\/garantie-7-ani\/#breadcrumb"},"inLanguage":"ro-RO","potentialAction":[{"@type":"ReadAction","target":["https:\/\/dabauto.ro\/kia\/garantie-7-ani\/"]}]},{"@type":"ImageObject","inLanguage":"ro-RO","@id":"https:\/\/dabauto.ro\/kia\/garantie-7-ani\/#primaryimage","url":"https:\/\/dabauto.ro\/kia\/wp-content\/uploads\/2024\/11\/7-ani-garantie.svg","contentUrl":"https:\/\/dabauto.ro\/kia\/wp-content\/uploads\/2024\/11\/7-ani-garantie.svg"},{"@type":"BreadcrumbList","@id":"https:\/\/dabauto.ro\/kia\/garantie-7-ani\/#breadcrumb","itemListElement":[{"@type":"ListItem","position":1,"name":"Prima pagin\u0103","item":"https:\/\/dabauto.ro\/kia\/"},{"@type":"ListItem","position":2,"name":"Garantie 7 Ani"}]},{"@type":"WebSite","@id":"https:\/\/dabauto.ro\/kia\/#website","url":"https:\/\/dabauto.ro\/kia\/","name":"Dealer & Reparator Autorizat KIA","description":"DAB Auto Serv - Dealer Autorizat KIA in Bucuresti Sud","publisher":{"@id":"https:\/\/dabauto.ro\/kia\/#organization"},"potentialAction":[{"@type":"SearchAction","target":{"@type":"EntryPoint","urlTemplate":"https:\/\/dabauto.ro\/kia\/?s={search_term_string}"},"query-input":{"@type":"PropertyValueSpecification","valueRequired":true,"valueName":"search_term_string"}}],"inLanguage":"ro-RO"},{"@type":"Organization","@id":"https:\/\/dabauto.ro\/kia\/#organization","name":"DAB Auto Serv","alternateName":"DAB","url":"https:\/\/dabauto.ro\/kia\/","logo":{"@type":"ImageObject","inLanguage":"ro-RO","@id":"https:\/\/dabauto.ro\/kia\/#\/schema\/logo\/image\/","url":"https:\/\/dabauto.ro\/kia\/wp-content\/uploads\/2024\/12\/kia-logo-img-1200x675-1.jpg","contentUrl":"https:\/\/dabauto.ro\/kia\/wp-content\/uploads\/2024\/12\/kia-logo-img-1200x675-1.jpg","width":1200,"height":675,"caption":"DAB Auto Serv"},"image":{"@id":"https:\/\/dabauto.ro\/kia\/#\/schema\/logo\/image\/"},"sameAs":["https:\/\/www.facebook.com\/DABAutoServRO","https:\/\/www.instagram.com\/dab_auto\/"],"email":"office@dabauto.ro","telephone":"0219793","foundingDate":"2000-05-01","numberOfEmployees":{"@type":"QuantitativeValue","minValue":"51","maxValue":"200"}},{"@type":"Person","@id":"https:\/\/dabauto.ro\/kia\/#\/schema\/person\/2b709e02e8f8474dfc6fb014a359bb83","name":"Marinescu Bogdan","image":{"@type":"ImageObject","inLanguage":"ro-RO","@id":"https:\/\/secure.gravatar.com\/avatar\/d4d9f0e4c4eed2a5cdf8b9e8c8faf3b1897ee5a4e170aef63d292e166e77a0a3?s=96&d=mm&r=g","url":"https:\/\/secure.gravatar.com\/avatar\/d4d9f0e4c4eed2a5cdf8b9e8c8faf3b1897ee5a4e170aef63d292e166e77a0a3?s=96&d=mm&r=g","contentUrl":"https:\/\/secure.gravatar.com\/avatar\/d4d9f0e4c4eed2a5cdf8b9e8c8faf3b1897ee5a4e170aef63d292e166e77a0a3?s=96&d=mm&r=g","caption":"Marinescu Bogdan"},"sameAs":["https:\/\/dabauto.ro\/kia"],"url":"https:\/\/dabauto.ro\/kia\/author\/kia\/"}]}},"_links":{"self":[{"href":"https:\/\/dabauto.ro\/kia\/wp-json\/wp\/v2\/pages\/752","targetHints":{"allow":["GET"]}}],"collection":[{"href":"https:\/\/dabauto.ro\/kia\/wp-json\/wp\/v2\/pages"}],"about":[{"href":"https:\/\/dabauto.ro\/kia\/wp-json\/wp\/v2\/types\/page"}],"author":[{"embeddable":true,"href":"https:\/\/dabauto.ro\/kia\/wp-json\/wp\/v2\/users\/3"}],"replies":[{"embeddable":true,"href":"https:\/\/dabauto.ro\/kia\/wp-json\/wp\/v2\/comments?post=752"}],"version-history":[{"count":36,"href":"https:\/\/dabauto.ro\/kia\/wp-json\/wp\/v2\/pages\/752\/revisions"}],"predecessor-version":[{"id":2426,"href":"https:\/\/dabauto.ro\/kia\/wp-json\/wp\/v2\/pages\/752\/revisions\/2426"}],"wp:featuredmedia":[{"embeddable":true,"href":"https:\/\/dabauto.ro\/kia\/wp-json\/wp\/v2\/media\/2425"}],"wp:attachment":[{"href":"https:\/\/dabauto.ro\/kia\/wp-json\/wp\/v2\/media?parent=752"}],"curies":[{"name":"wp","href":"https:\/\/api.w.org\/{rel}","templated":true}]}}