{"id":781,"date":"2023-03-28T14:07:09","date_gmt":"2023-03-28T11:07:09","guid":{"rendered":"https:\/\/dabauto.ro\/mitsubishi-motors\/?page_id=781"},"modified":"2023-04-10T09:42:38","modified_gmt":"2023-04-10T06:42:38","slug":"beneficii-post-garantie","status":"publish","type":"page","link":"https:\/\/dabauto.ro\/mitsubishi-motors\/beneficii-post-garantie\/","title":{"rendered":"Beneficii Post Garantie"},"content":{"rendered":"\n<div class=\"slider-wrapper relative\" id=\"slider-1476185601\" >\n    <div class=\"slider slider-nav-circle slider-nav-large slider-nav-light slider-style-normal\"\n        data-flickity-options='{\n            \"cellAlign\": \"center\",\n            \"imagesLoaded\": true,\n            \"lazyLoad\": 1,\n            \"freeScroll\": false,\n            \"wrapAround\": true,\n            \"autoPlay\": 3000,\n            \"pauseAutoPlayOnHover\" : true,\n            \"prevNextButtons\": true,\n            \"contain\" : true,\n            \"adaptiveHeight\" : true,\n            \"dragThreshold\" : 10,\n            \"percentPosition\": true,\n            \"pageDots\": true,\n            \"rightToLeft\": false,\n            \"draggable\": true,\n            \"selectedAttraction\": 0.1,\n            \"parallax\" : 0,\n            \"friction\": 0.6        }'\n        >\n        \n\n\n  <div class=\"banner has-hover\" id=\"banner-564864056\">\n          <div class=\"banner-inner fill\">\n        <div class=\"banner-bg fill\" >\n            <div class=\"bg fill bg-fill \"><\/div>\n                                    \n                    <\/div>\n\t\t\n        <div class=\"banner-layers container\">\n            <div class=\"fill banner-link\"><\/div>            \n\n   <div id=\"text-box-376150227\" class=\"text-box banner-layer hide-for-small x0 md-x0 lg-x0 y50 md-y50 lg-y50 res-text\">\n                     <div data-animate=\"none\">           <div class=\"text-box-content text dark\">\n              \n              <div class=\"text-inner text-center\">\n                  \n\n<h1><img loading=\"lazy\" decoding=\"async\" class=\"aligncenter wp-image-673 size-full\" src=\"https:\/\/dabauto.ro\/mitsubishi-motors\/wp-content\/uploads\/2023\/03\/logo-mitsubishi-white-little.png\" alt=\"\" width=\"104\" height=\"100\"><\/h1>\n<h1 style=\"text-align: center;\">BENEFICII POST GARAN\u021aIE<\/h1>\n\n\n              <\/div>\n           <\/div>\n       <\/div>                     \n<style>\n#text-box-376150227 {\n  width: 84%;\n}\n#text-box-376150227 .text-box-content {\n  font-size: 111%;\n}\n@media (min-width:550px) {\n  #text-box-376150227 {\n    width: 40%;\n  }\n  #text-box-376150227 .text-box-content {\n    font-size: 100%;\n  }\n}\n<\/style>\n    <\/div>\n \n\n        <\/div>\n      <\/div>\n\n              <div class=\"height-fix is-invisible\"><img loading=\"lazy\" decoding=\"async\" width=\"1920\" height=\"736\" src=\"https:\/\/dabauto.ro\/mitsubishi-motors\/wp-content\/uploads\/2023\/03\/post-garantie-header.jpg\" class=\"attachment-original size-original\" alt=\"\" srcset=\"https:\/\/dabauto.ro\/mitsubishi-motors\/wp-content\/uploads\/2023\/03\/post-garantie-header.jpg 1920w, https:\/\/dabauto.ro\/mitsubishi-motors\/wp-content\/uploads\/2023\/03\/post-garantie-header-300x115.jpg 300w, https:\/\/dabauto.ro\/mitsubishi-motors\/wp-content\/uploads\/2023\/03\/post-garantie-header-1024x393.jpg 1024w, https:\/\/dabauto.ro\/mitsubishi-motors\/wp-content\/uploads\/2023\/03\/post-garantie-header-768x294.jpg 768w, https:\/\/dabauto.ro\/mitsubishi-motors\/wp-content\/uploads\/2023\/03\/post-garantie-header-1536x589.jpg 1536w\" sizes=\"auto, (max-width: 1920px) 100vw, 1920px\" \/><\/div>\n            \n<style>\n#banner-564864056 .bg.bg-loaded {\n  background-image: url(https:\/\/dabauto.ro\/mitsubishi-motors\/wp-content\/uploads\/2023\/03\/post-garantie-header.jpg);\n}\n#banner-564864056 .bg {\n  background-position: 71% 50%;\n}\n#banner-564864056 .ux-shape-divider--top svg {\n  height: 150px;\n  --divider-top-width: 100%;\n}\n#banner-564864056 .ux-shape-divider--bottom svg {\n  height: 150px;\n  --divider-width: 100%;\n}\n<\/style>\n  <\/div>\n\n\n\n     <\/div>\n\n     <div class=\"loading-spin dark large centered\"><\/div>\n\n     \t<\/div>\n\n\n<div class=\"row\"  id=\"row-1291800788\">\n\n\n\t<div id=\"col-894312431\" class=\"col small-12 large-12\"  >\n\t\t\t\t<div class=\"col-inner text-center\"  >\n\t\t\t\n\t\t\t\n\n\t<div id=\"text-2045278895\" class=\"text\">\n\t\t\n\n<h1 style=\"text-align: center;\"><span style=\"color: #000000; font-size: 150%;\">BENEFICII POST GARAN\u021aIE<\/span><\/h1>\n\t\t\n<style>\n#text-2045278895 {\n  font-size: 1rem;\n  text-align: center;\n  color: rgb(0,0,0);\n}\n#text-2045278895 > * {\n  color: rgb(0,0,0);\n}\n<\/style>\n\t<\/div>\n\t\n<div class=\"text-center\"><div class=\"is-divider divider clearfix\" style=\"max-width:100px;height:4px;background-color:rgb(230, 0, 18);\"><\/div><\/div>\n\n\n\t\t<\/div>\n\t\t\t\t\n<style>\n#col-894312431 > .col-inner {\n  margin: 15px 0px 0px 0px;\n}\n<\/style>\n\t<\/div>\n\n\t\n\n<\/div>\n<div class=\"row row-collapse align-middle align-center\"  id=\"row-1566702355\">\n\n\n\t<div id=\"col-1931102312\" class=\"col medium-6 small-12 large-6\"  >\n\t\t\t\t<div class=\"col-inner text-center\"  >\n\t\t\t\n\t\t\t\n\n\n  <div class=\"banner has-hover\" id=\"banner-1181064340\">\n          <div class=\"banner-inner fill\">\n        <div class=\"banner-bg fill\" >\n            <div class=\"bg fill bg-fill \"><\/div>\n                                    \n                    <\/div>\n\t\t\n        <div class=\"banner-layers container\">\n            <div class=\"fill banner-link\"><\/div>            \n\n\n        <\/div>\n      <\/div>\n\n              <div class=\"height-fix is-invisible\"><img loading=\"lazy\" decoding=\"async\" width=\"1080\" height=\"1080\" src=\"https:\/\/dabauto.ro\/mitsubishi-motors\/wp-content\/uploads\/2023\/03\/serv-comm-img05.jpg\" class=\"attachment-original size-original\" alt=\"\" srcset=\"https:\/\/dabauto.ro\/mitsubishi-motors\/wp-content\/uploads\/2023\/03\/serv-comm-img05.jpg 1080w, https:\/\/dabauto.ro\/mitsubishi-motors\/wp-content\/uploads\/2023\/03\/serv-comm-img05-300x300.jpg 300w, https:\/\/dabauto.ro\/mitsubishi-motors\/wp-content\/uploads\/2023\/03\/serv-comm-img05-1024x1024.jpg 1024w, https:\/\/dabauto.ro\/mitsubishi-motors\/wp-content\/uploads\/2023\/03\/serv-comm-img05-150x150.jpg 150w, https:\/\/dabauto.ro\/mitsubishi-motors\/wp-content\/uploads\/2023\/03\/serv-comm-img05-768x768.jpg 768w\" sizes=\"auto, (max-width: 1080px) 100vw, 1080px\" \/><\/div>\n            \n<style>\n#banner-1181064340 .bg.bg-loaded {\n  background-image: url(https:\/\/dabauto.ro\/mitsubishi-motors\/wp-content\/uploads\/2023\/03\/serv-comm-img05.jpg);\n}\n#banner-1181064340 .bg {\n  background-position: 50% 53%;\n}\n#banner-1181064340 .ux-shape-divider--top svg {\n  height: 150px;\n  --divider-top-width: 100%;\n}\n#banner-1181064340 .ux-shape-divider--bottom svg {\n  height: 150px;\n  --divider-width: 100%;\n}\n<\/style>\n  <\/div>\n\n\n\n\t\t<\/div>\n\t\t\t\t\t<\/div>\n\n\t\n\n\t<div id=\"col-1684218673\" class=\"col medium-6 small-12 large-6\"  >\n\t\t\t\t<div class=\"col-inner text-left\"  >\n\t\t\t\n\t\t\t\n\n<h4 style=\"text-align: left;\"><span style=\"color: #000000;\"><strong>POST GARANTIE<\/strong><\/span><\/h4>\n<h2 style=\"text-align: left;\"><span style=\"color: #000000;\">Beneficiile post garan\u0163ie<\/span><\/h2>\n<p style=\"text-align: left;\"><span style=\"color: #000000; font-size: 120%;\">se adreseaz\u0103 posesorilor de ma\u015fini Mitsubishi, care au ie\u015fit din perioada de garan\u0163ie (fie datorit\u0103 dep\u0103sirii limitei de 5 ani, fie dep\u0103sirii limitei de 150.000 km) si care v\u0103 ofer\u0103, printre altele, servicii de calitate la pre\u0163uri accesibile.<\/span><\/p>\n<p style=\"text-align: left;\"><span style=\"color: #000000;\"><em><span style=\"font-size: 120%;\">Beneficii \u00een service-uri:<\/span><\/em><\/span><\/p>\n<p style=\"text-align: left;\"><span style=\"color: #000000; font-size: 120%;\">&gt; 20% reducere din pretul de lista recomandat, pentru piesele originale Mitsubishi Motors utilizate \u00een cadrul repara\u0163iilor de \u00eentre\u0163inere*.<\/span><\/p>\n<p style=\"text-align: left;\"><span style=\"font-size: 120%; color: #000000;\">Pentru detalii suplimentare legate de acest program v\u0103 rug\u0103m s\u0103 ne contacta\u0163i.<\/span><\/p>\n<a href=\"https:\/\/dabauto.ro\/mitsubishi-motors\/programare-service\/\" target=\"_self\" class=\"button secondary is-outline\"  >\n    <span>PROGRAMARE SERVICE<\/span>\n  <\/a>\n\n\n\n\t\t<\/div>\n\t\t\t\t\n<style>\n#col-1684218673 > .col-inner {\n  padding: 20px 20px 20px 20px;\n}\n<\/style>\n\t<\/div>\n\n\t\n\n<\/div>\n\t<div id=\"gap-22787862\" class=\"gap-element clearfix\" style=\"display:block; height:auto;\">\n\t\t\n<style>\n#gap-22787862 {\n  padding-top: 30px;\n}\n<\/style>\n\t<\/div>\n\t\n\n<div class=\"row\"  id=\"row-1493643074\">\n\n\n\t<div id=\"col-1658243541\" class=\"col small-12 large-12\"  >\n\t\t\t\t<div class=\"col-inner\"  >\n\t\t\t\n\t\t\t\n\n<p><em><span style=\"color: #000000;\">* Discount-urile nu se aplic\u0103 \u015fi pentru piesele \u015fi manopera din cadrul lucr\u0103rilor de tinichigerie precum \u015fi pieselor \u00eencadrate de produc\u0103tor la grupa daune (planetare, bra\u0163e suspensie, butuci ro\u0163i, \u00eencuietori, casete direc\u0163ie etc.). Aceasta campanie NU se cumuleaza cu alte oferte after sales aflate in desfasurare.<\/span><\/em><\/p>\n\n\t\t<\/div>\n\t\t\t\t\t<\/div>\n\n\t\n\n<\/div>\n\t<div id=\"gap-1453887891\" class=\"gap-element clearfix\" style=\"display:block; height:auto;\">\n\t\t\n<style>\n#gap-1453887891 {\n  padding-top: 30px;\n}\n<\/style>\n\t<\/div>\n\t\n\n\n","protected":false},"excerpt":{"rendered":"","protected":false},"author":1,"featured_media":42,"parent":0,"menu_order":0,"comment_status":"closed","ping_status":"closed","template":"page-blank.php","meta":{"footnotes":""},"class_list":["post-781","page","type-page","status-publish","has-post-thumbnail","hentry"],"yoast_head":"<!-- This site is optimized with the Yoast SEO Premium plugin v24.7 (Yoast SEO v27.4) - https:\/\/yoast.com\/product\/yoast-seo-premium-wordpress\/ -->\n<title>Beneficii Post Garantie &#187; Dealer &amp; Reparator Autorizat Mitsubishi Motors<\/title>\n<meta name=\"description\" content=\"Beneficii Post Garantie - DAB Auto - Mitsubishi Motors | T: 021.9793 | E: office@dabauto.ro | Cornu Luncii 2-4, Sector 3, Bucuresti.\" \/>\n<meta name=\"robots\" content=\"index, follow, max-snippet:-1, max-image-preview:large, max-video-preview:-1\" \/>\n<link rel=\"canonical\" href=\"https:\/\/dabauto.ro\/mitsubishi-motors\/beneficii-post-garantie\/\" \/>\n<meta property=\"og:locale\" content=\"ro_RO\" \/>\n<meta property=\"og:type\" content=\"article\" \/>\n<meta property=\"og:title\" content=\"Beneficii Post Garantie\" \/>\n<meta property=\"og:description\" content=\"Beneficii Post Garantie - DAB Auto - Mitsubishi Motors | T: 021.9793 | E: office@dabauto.ro | Cornu Luncii 2-4, Sector 3, Bucuresti.\" \/>\n<meta property=\"og:url\" content=\"https:\/\/dabauto.ro\/mitsubishi-motors\/beneficii-post-garantie\/\" \/>\n<meta property=\"og:site_name\" content=\"Dealer &amp; Reparator Autorizat Mitsubishi Motors\" \/>\n<meta property=\"article:publisher\" content=\"https:\/\/www.facebook.com\/DABAutoServRO\" \/>\n<meta property=\"article:modified_time\" content=\"2023-04-10T06:42:38+00:00\" \/>\n<meta property=\"og:image\" content=\"https:\/\/dabauto.ro\/mitsubishi-motors\/wp-content\/uploads\/2023\/03\/mitsubishi-logo.png\" \/>\n\t<meta property=\"og:image:width\" content=\"512\" \/>\n\t<meta property=\"og:image:height\" content=\"512\" \/>\n\t<meta property=\"og:image:type\" content=\"image\/png\" \/>\n<meta name=\"twitter:card\" content=\"summary_large_image\" \/>\n<meta name=\"twitter:label1\" content=\"Timp estimat pentru citire\" \/>\n\t<meta name=\"twitter:data1\" content=\"2 minute\" \/>\n<script type=\"application\/ld+json\" class=\"yoast-schema-graph\">{\"@context\":\"https:\\\/\\\/schema.org\",\"@graph\":[{\"@type\":\"NewsArticle\",\"@id\":\"https:\\\/\\\/dabauto.ro\\\/mitsubishi-motors\\\/beneficii-post-garantie\\\/#article\",\"isPartOf\":{\"@id\":\"https:\\\/\\\/dabauto.ro\\\/mitsubishi-motors\\\/beneficii-post-garantie\\\/\"},\"author\":{\"name\":\"mitsubishi-motors\",\"@id\":\"https:\\\/\\\/dabauto.ro\\\/mitsubishi-motors\\\/#\\\/schema\\\/person\\\/9c0f739f1849c7308d431dfd7b56afd1\"},\"headline\":\"Beneficii Post Garantie\",\"datePublished\":\"2023-03-28T11:07:09+00:00\",\"dateModified\":\"2023-04-10T06:42:38+00:00\",\"mainEntityOfPage\":{\"@id\":\"https:\\\/\\\/dabauto.ro\\\/mitsubishi-motors\\\/beneficii-post-garantie\\\/\"},\"wordCount\":279,\"publisher\":{\"@id\":\"https:\\\/\\\/dabauto.ro\\\/mitsubishi-motors\\\/#organization\"},\"image\":{\"@id\":\"https:\\\/\\\/dabauto.ro\\\/mitsubishi-motors\\\/beneficii-post-garantie\\\/#primaryimage\"},\"thumbnailUrl\":\"https:\\\/\\\/dabauto.ro\\\/mitsubishi-motors\\\/wp-content\\\/uploads\\\/2023\\\/03\\\/mitsubishi-logo.png\",\"inLanguage\":\"ro-RO\"},{\"@type\":\"WebPage\",\"@id\":\"https:\\\/\\\/dabauto.ro\\\/mitsubishi-motors\\\/beneficii-post-garantie\\\/\",\"url\":\"https:\\\/\\\/dabauto.ro\\\/mitsubishi-motors\\\/beneficii-post-garantie\\\/\",\"name\":\"Beneficii Post Garantie &#187; Dealer &amp; Reparator Autorizat Mitsubishi Motors\",\"isPartOf\":{\"@id\":\"https:\\\/\\\/dabauto.ro\\\/mitsubishi-motors\\\/#website\"},\"primaryImageOfPage\":{\"@id\":\"https:\\\/\\\/dabauto.ro\\\/mitsubishi-motors\\\/beneficii-post-garantie\\\/#primaryimage\"},\"image\":{\"@id\":\"https:\\\/\\\/dabauto.ro\\\/mitsubishi-motors\\\/beneficii-post-garantie\\\/#primaryimage\"},\"thumbnailUrl\":\"https:\\\/\\\/dabauto.ro\\\/mitsubishi-motors\\\/wp-content\\\/uploads\\\/2023\\\/03\\\/mitsubishi-logo.png\",\"datePublished\":\"2023-03-28T11:07:09+00:00\",\"dateModified\":\"2023-04-10T06:42:38+00:00\",\"description\":\"Beneficii Post Garantie - DAB Auto - Mitsubishi Motors | T: 021.9793 | E: office@dabauto.ro | Cornu Luncii 2-4, Sector 3, Bucuresti.\",\"breadcrumb\":{\"@id\":\"https:\\\/\\\/dabauto.ro\\\/mitsubishi-motors\\\/beneficii-post-garantie\\\/#breadcrumb\"},\"inLanguage\":\"ro-RO\",\"potentialAction\":[{\"@type\":\"ReadAction\",\"target\":[\"https:\\\/\\\/dabauto.ro\\\/mitsubishi-motors\\\/beneficii-post-garantie\\\/\"]}]},{\"@type\":\"ImageObject\",\"inLanguage\":\"ro-RO\",\"@id\":\"https:\\\/\\\/dabauto.ro\\\/mitsubishi-motors\\\/beneficii-post-garantie\\\/#primaryimage\",\"url\":\"https:\\\/\\\/dabauto.ro\\\/mitsubishi-motors\\\/wp-content\\\/uploads\\\/2023\\\/03\\\/mitsubishi-logo.png\",\"contentUrl\":\"https:\\\/\\\/dabauto.ro\\\/mitsubishi-motors\\\/wp-content\\\/uploads\\\/2023\\\/03\\\/mitsubishi-logo.png\",\"width\":512,\"height\":512},{\"@type\":\"BreadcrumbList\",\"@id\":\"https:\\\/\\\/dabauto.ro\\\/mitsubishi-motors\\\/beneficii-post-garantie\\\/#breadcrumb\",\"itemListElement\":[{\"@type\":\"ListItem\",\"position\":1,\"name\":\"Prima pagin\u0103\",\"item\":\"https:\\\/\\\/dabauto.ro\\\/mitsubishi-motors\\\/\"},{\"@type\":\"ListItem\",\"position\":2,\"name\":\"Beneficii Post Garantie\"}]},{\"@type\":\"WebSite\",\"@id\":\"https:\\\/\\\/dabauto.ro\\\/mitsubishi-motors\\\/#website\",\"url\":\"https:\\\/\\\/dabauto.ro\\\/mitsubishi-motors\\\/\",\"name\":\"Dealer & Reparator Autorizat Mitsubishi Motors\",\"description\":\"DAB Auto Serv - Dealer Autorizat Mitsubishi Motors\",\"publisher\":{\"@id\":\"https:\\\/\\\/dabauto.ro\\\/mitsubishi-motors\\\/#organization\"},\"potentialAction\":[{\"@type\":\"SearchAction\",\"target\":{\"@type\":\"EntryPoint\",\"urlTemplate\":\"https:\\\/\\\/dabauto.ro\\\/mitsubishi-motors\\\/?s={search_term_string}\"},\"query-input\":{\"@type\":\"PropertyValueSpecification\",\"valueRequired\":true,\"valueName\":\"search_term_string\"}}],\"inLanguage\":\"ro-RO\"},{\"@type\":\"Organization\",\"@id\":\"https:\\\/\\\/dabauto.ro\\\/mitsubishi-motors\\\/#organization\",\"name\":\"DAB Auto Serv\",\"url\":\"https:\\\/\\\/dabauto.ro\\\/mitsubishi-motors\\\/\",\"logo\":{\"@type\":\"ImageObject\",\"inLanguage\":\"ro-RO\",\"@id\":\"https:\\\/\\\/dabauto.ro\\\/mitsubishi-motors\\\/#\\\/schema\\\/logo\\\/image\\\/\",\"url\":\"https:\\\/\\\/dabauto.ro\\\/mitsubishi-motors\\\/wp-content\\\/uploads\\\/2023\\\/03\\\/mitsubishi-logo.png\",\"contentUrl\":\"https:\\\/\\\/dabauto.ro\\\/mitsubishi-motors\\\/wp-content\\\/uploads\\\/2023\\\/03\\\/mitsubishi-logo.png\",\"width\":512,\"height\":512,\"caption\":\"DAB Auto Serv\"},\"image\":{\"@id\":\"https:\\\/\\\/dabauto.ro\\\/mitsubishi-motors\\\/#\\\/schema\\\/logo\\\/image\\\/\"},\"sameAs\":[\"https:\\\/\\\/www.facebook.com\\\/DABAutoServRO\",\"https:\\\/\\\/www.instagram.com\\\/dab_auto\\\/\"]},{\"@type\":\"Person\",\"@id\":\"https:\\\/\\\/dabauto.ro\\\/mitsubishi-motors\\\/#\\\/schema\\\/person\\\/9c0f739f1849c7308d431dfd7b56afd1\",\"name\":\"mitsubishi-motors\",\"image\":{\"@type\":\"ImageObject\",\"inLanguage\":\"ro-RO\",\"@id\":\"https:\\\/\\\/secure.gravatar.com\\\/avatar\\\/d4d9f0e4c4eed2a5cdf8b9e8c8faf3b1897ee5a4e170aef63d292e166e77a0a3?s=96&d=mm&r=g\",\"url\":\"https:\\\/\\\/secure.gravatar.com\\\/avatar\\\/d4d9f0e4c4eed2a5cdf8b9e8c8faf3b1897ee5a4e170aef63d292e166e77a0a3?s=96&d=mm&r=g\",\"contentUrl\":\"https:\\\/\\\/secure.gravatar.com\\\/avatar\\\/d4d9f0e4c4eed2a5cdf8b9e8c8faf3b1897ee5a4e170aef63d292e166e77a0a3?s=96&d=mm&r=g\",\"caption\":\"mitsubishi-motors\"},\"sameAs\":[\"http:\\\/\\\/dabauto.ro\\\/mitsubishi-motors\"],\"url\":\"https:\\\/\\\/dabauto.ro\\\/mitsubishi-motors\\\/author\\\/mitsubishi-motors\\\/\"}]}<\/script>\n<!-- \/ Yoast SEO Premium plugin. -->","yoast_head_json":{"title":"Beneficii Post Garantie &#187; Dealer &amp; Reparator Autorizat Mitsubishi Motors","description":"Beneficii Post Garantie - DAB Auto - Mitsubishi Motors | T: 021.9793 | E: office@dabauto.ro | Cornu Luncii 2-4, Sector 3, Bucuresti.","robots":{"index":"index","follow":"follow","max-snippet":"max-snippet:-1","max-image-preview":"max-image-preview:large","max-video-preview":"max-video-preview:-1"},"canonical":"https:\/\/dabauto.ro\/mitsubishi-motors\/beneficii-post-garantie\/","og_locale":"ro_RO","og_type":"article","og_title":"Beneficii Post Garantie","og_description":"Beneficii Post Garantie - DAB Auto - Mitsubishi Motors | T: 021.9793 | E: office@dabauto.ro | Cornu Luncii 2-4, Sector 3, Bucuresti.","og_url":"https:\/\/dabauto.ro\/mitsubishi-motors\/beneficii-post-garantie\/","og_site_name":"Dealer &amp; Reparator Autorizat Mitsubishi Motors","article_publisher":"https:\/\/www.facebook.com\/DABAutoServRO","article_modified_time":"2023-04-10T06:42:38+00:00","og_image":[{"width":512,"height":512,"url":"https:\/\/dabauto.ro\/mitsubishi-motors\/wp-content\/uploads\/2023\/03\/mitsubishi-logo.png","type":"image\/png"}],"twitter_card":"summary_large_image","twitter_misc":{"Timp estimat pentru citire":"2 minute"},"schema":{"@context":"https:\/\/schema.org","@graph":[{"@type":"NewsArticle","@id":"https:\/\/dabauto.ro\/mitsubishi-motors\/beneficii-post-garantie\/#article","isPartOf":{"@id":"https:\/\/dabauto.ro\/mitsubishi-motors\/beneficii-post-garantie\/"},"author":{"name":"mitsubishi-motors","@id":"https:\/\/dabauto.ro\/mitsubishi-motors\/#\/schema\/person\/9c0f739f1849c7308d431dfd7b56afd1"},"headline":"Beneficii Post Garantie","datePublished":"2023-03-28T11:07:09+00:00","dateModified":"2023-04-10T06:42:38+00:00","mainEntityOfPage":{"@id":"https:\/\/dabauto.ro\/mitsubishi-motors\/beneficii-post-garantie\/"},"wordCount":279,"publisher":{"@id":"https:\/\/dabauto.ro\/mitsubishi-motors\/#organization"},"image":{"@id":"https:\/\/dabauto.ro\/mitsubishi-motors\/beneficii-post-garantie\/#primaryimage"},"thumbnailUrl":"https:\/\/dabauto.ro\/mitsubishi-motors\/wp-content\/uploads\/2023\/03\/mitsubishi-logo.png","inLanguage":"ro-RO"},{"@type":"WebPage","@id":"https:\/\/dabauto.ro\/mitsubishi-motors\/beneficii-post-garantie\/","url":"https:\/\/dabauto.ro\/mitsubishi-motors\/beneficii-post-garantie\/","name":"Beneficii Post Garantie &#187; Dealer &amp; Reparator Autorizat Mitsubishi Motors","isPartOf":{"@id":"https:\/\/dabauto.ro\/mitsubishi-motors\/#website"},"primaryImageOfPage":{"@id":"https:\/\/dabauto.ro\/mitsubishi-motors\/beneficii-post-garantie\/#primaryimage"},"image":{"@id":"https:\/\/dabauto.ro\/mitsubishi-motors\/beneficii-post-garantie\/#primaryimage"},"thumbnailUrl":"https:\/\/dabauto.ro\/mitsubishi-motors\/wp-content\/uploads\/2023\/03\/mitsubishi-logo.png","datePublished":"2023-03-28T11:07:09+00:00","dateModified":"2023-04-10T06:42:38+00:00","description":"Beneficii Post Garantie - DAB Auto - Mitsubishi Motors | T: 021.9793 | E: office@dabauto.ro | Cornu Luncii 2-4, Sector 3, Bucuresti.","breadcrumb":{"@id":"https:\/\/dabauto.ro\/mitsubishi-motors\/beneficii-post-garantie\/#breadcrumb"},"inLanguage":"ro-RO","potentialAction":[{"@type":"ReadAction","target":["https:\/\/dabauto.ro\/mitsubishi-motors\/beneficii-post-garantie\/"]}]},{"@type":"ImageObject","inLanguage":"ro-RO","@id":"https:\/\/dabauto.ro\/mitsubishi-motors\/beneficii-post-garantie\/#primaryimage","url":"https:\/\/dabauto.ro\/mitsubishi-motors\/wp-content\/uploads\/2023\/03\/mitsubishi-logo.png","contentUrl":"https:\/\/dabauto.ro\/mitsubishi-motors\/wp-content\/uploads\/2023\/03\/mitsubishi-logo.png","width":512,"height":512},{"@type":"BreadcrumbList","@id":"https:\/\/dabauto.ro\/mitsubishi-motors\/beneficii-post-garantie\/#breadcrumb","itemListElement":[{"@type":"ListItem","position":1,"name":"Prima pagin\u0103","item":"https:\/\/dabauto.ro\/mitsubishi-motors\/"},{"@type":"ListItem","position":2,"name":"Beneficii Post Garantie"}]},{"@type":"WebSite","@id":"https:\/\/dabauto.ro\/mitsubishi-motors\/#website","url":"https:\/\/dabauto.ro\/mitsubishi-motors\/","name":"Dealer & Reparator Autorizat Mitsubishi Motors","description":"DAB Auto Serv - Dealer Autorizat Mitsubishi Motors","publisher":{"@id":"https:\/\/dabauto.ro\/mitsubishi-motors\/#organization"},"potentialAction":[{"@type":"SearchAction","target":{"@type":"EntryPoint","urlTemplate":"https:\/\/dabauto.ro\/mitsubishi-motors\/?s={search_term_string}"},"query-input":{"@type":"PropertyValueSpecification","valueRequired":true,"valueName":"search_term_string"}}],"inLanguage":"ro-RO"},{"@type":"Organization","@id":"https:\/\/dabauto.ro\/mitsubishi-motors\/#organization","name":"DAB Auto Serv","url":"https:\/\/dabauto.ro\/mitsubishi-motors\/","logo":{"@type":"ImageObject","inLanguage":"ro-RO","@id":"https:\/\/dabauto.ro\/mitsubishi-motors\/#\/schema\/logo\/image\/","url":"https:\/\/dabauto.ro\/mitsubishi-motors\/wp-content\/uploads\/2023\/03\/mitsubishi-logo.png","contentUrl":"https:\/\/dabauto.ro\/mitsubishi-motors\/wp-content\/uploads\/2023\/03\/mitsubishi-logo.png","width":512,"height":512,"caption":"DAB Auto Serv"},"image":{"@id":"https:\/\/dabauto.ro\/mitsubishi-motors\/#\/schema\/logo\/image\/"},"sameAs":["https:\/\/www.facebook.com\/DABAutoServRO","https:\/\/www.instagram.com\/dab_auto\/"]},{"@type":"Person","@id":"https:\/\/dabauto.ro\/mitsubishi-motors\/#\/schema\/person\/9c0f739f1849c7308d431dfd7b56afd1","name":"mitsubishi-motors","image":{"@type":"ImageObject","inLanguage":"ro-RO","@id":"https:\/\/secure.gravatar.com\/avatar\/d4d9f0e4c4eed2a5cdf8b9e8c8faf3b1897ee5a4e170aef63d292e166e77a0a3?s=96&d=mm&r=g","url":"https:\/\/secure.gravatar.com\/avatar\/d4d9f0e4c4eed2a5cdf8b9e8c8faf3b1897ee5a4e170aef63d292e166e77a0a3?s=96&d=mm&r=g","contentUrl":"https:\/\/secure.gravatar.com\/avatar\/d4d9f0e4c4eed2a5cdf8b9e8c8faf3b1897ee5a4e170aef63d292e166e77a0a3?s=96&d=mm&r=g","caption":"mitsubishi-motors"},"sameAs":["http:\/\/dabauto.ro\/mitsubishi-motors"],"url":"https:\/\/dabauto.ro\/mitsubishi-motors\/author\/mitsubishi-motors\/"}]}},"_links":{"self":[{"href":"https:\/\/dabauto.ro\/mitsubishi-motors\/wp-json\/wp\/v2\/pages\/781","targetHints":{"allow":["GET"]}}],"collection":[{"href":"https:\/\/dabauto.ro\/mitsubishi-motors\/wp-json\/wp\/v2\/pages"}],"about":[{"href":"https:\/\/dabauto.ro\/mitsubishi-motors\/wp-json\/wp\/v2\/types\/page"}],"author":[{"embeddable":true,"href":"https:\/\/dabauto.ro\/mitsubishi-motors\/wp-json\/wp\/v2\/users\/1"}],"replies":[{"embeddable":true,"href":"https:\/\/dabauto.ro\/mitsubishi-motors\/wp-json\/wp\/v2\/comments?post=781"}],"version-history":[{"count":21,"href":"https:\/\/dabauto.ro\/mitsubishi-motors\/wp-json\/wp\/v2\/pages\/781\/revisions"}],"predecessor-version":[{"id":1390,"href":"https:\/\/dabauto.ro\/mitsubishi-motors\/wp-json\/wp\/v2\/pages\/781\/revisions\/1390"}],"wp:featuredmedia":[{"embeddable":true,"href":"https:\/\/dabauto.ro\/mitsubishi-motors\/wp-json\/wp\/v2\/media\/42"}],"wp:attachment":[{"href":"https:\/\/dabauto.ro\/mitsubishi-motors\/wp-json\/wp\/v2\/media?parent=781"}],"curies":[{"name":"wp","href":"https:\/\/api.w.org\/{rel}","templated":true}]}}