{"id":815,"date":"2023-03-28T16:37:35","date_gmt":"2023-03-28T13:37:35","guid":{"rendered":"https:\/\/dabauto.ro\/mitsubishi-motors\/?page_id=815"},"modified":"2025-11-10T10:30:18","modified_gmt":"2025-11-10T08:30:18","slug":"nota-informare-consimtamant-online","status":"publish","type":"page","link":"https:\/\/dabauto.ro\/mitsubishi-motors\/nota-informare-consimtamant-online\/","title":{"rendered":"Nota Informare Consimtamant Online"},"content":{"rendered":"\n\t<section class=\"section\" id=\"section_1357817825\">\n\t\t<div class=\"bg section-bg fill bg-fill  bg-loaded\" >\n\n\t\t\t\n\t\t\t\n\t\t\t\n\n\t\t<\/div>\n\n\t\t\n\n\t\t<div class=\"section-content relative\">\n\t\t\t\n\n<div class=\"row row-collapse align-middle align-center\"  id=\"row-257926716\">\n\n\n\t<div id=\"col-1716920879\" class=\"col small-12 large-12\"  >\n\t\t\t\t<div class=\"col-inner text-center\"  >\n\t\t\t\n\t\t\t\n\n<h1 style=\"text-align: center;\"><span style=\"color: #ffffff; font-size: 150%;\">NOTA INFORMARE CONSIMTAMANT ONLINE<\/span><\/h1>\n\n\t\t<\/div>\n\t\t\t\t\t<\/div>\n\n\t\n\n<\/div>\n\n\t\t<\/div>\n\n\t\t\n<style>\n#section_1357817825 {\n  padding-top: 30px;\n  padding-bottom: 30px;\n  background-color: rgb(0,0,0);\n}\n#section_1357817825 .ux-shape-divider--top svg {\n  height: 150px;\n  --divider-top-width: 100%;\n}\n#section_1357817825 .ux-shape-divider--bottom svg {\n  height: 150px;\n  --divider-width: 100%;\n}\n<\/style>\n\t<\/section>\n\t\n<div class=\"row align-middle align-center\"  id=\"row-376231141\">\n\n\n\t<div id=\"col-1647546994\" class=\"col small-12 large-12\"  >\n\t\t\t\t<div class=\"col-inner\"  >\n\t\t\t\n\t\t\t\n\n\t<div id=\"text-407667198\" class=\"text\">\n\t\t\n\n<p><span style=\"font-family: Montserrat;\">DAB AUTO SERV S.R.L. este operatorul datelor dumneavoastr\u0103 cu caracter personal, cu sediul \u00een cu sediul in Bucuresti, Cornu Luncii nr. 2-4 sector 3, avand cod de identificare fiscala RO 12734167, fiind inregistrata la Registrul Comertului de pe langa Tribunalul Bucuresti sub nr.\u00a0<span style=\"font-family: Montserrat, Helvetica, Arial, sans-serif; text-align: center;\">J2000001996405<\/span>\u00a0(\u00een continuare denumit\u0103 \u201eSocietatea\u201d).<\/span><br \/><span style=\"font-family: Montserrat;\">Prelucrarea \u00een temeiul consim\u021b\u0103m\u00e2ntului clientului. Datele dumneavoastr\u0103 const\u00e2nd \u00een nume, prenume, e-mail, num\u0103r telefon \u0219i informa\u021biile comunicate \u00een mod voluntar \u00een cuprinsul mesajului dumneavoastr\u0103, furnizate de dumneavoastr\u0103 prin intermediul acestui formular, sunt utilizate de Societate pentru comunicarea cu dumneavoastr\u0103 prin canalele pe care le-a\u021bi aprobat pentru a v\u0103 \u021bine la curent \u00een leg\u0103tur\u0103 cu activitatea noastr\u0103, prin transmiterea de newsletter, anun\u021buri \u0219i alte informa\u021bii cu privire la serviciile, produsele \u0219i tehnologiile Societ\u0103\u021bii, precum \u0219i despre evenimente \u0219i proiecte ale Societ\u0103\u021bii sau pentru sondaje \u00een r\u00e2ndul clien\u021bilor, campanii de marketing, analiz\u0103 de pia\u021b\u0103, tombole, concursuri sau alte activit\u0103\u021bi ori evenimente promo\u021bionale. Pentru aceste scopuri, ne baz\u0103m pe temeiul consim\u021b\u0103m\u00e2ntului dumneavoastr\u0103.<\/span><br \/><span style=\"font-family: Montserrat;\">\u00cen ceea ce prive\u0219te comunic\u0103rile legate de marketing men\u021bionate mai sus, v\u0103 vom transmite informa\u021biile respective doar dup\u0103 ce a\u021bi selectat aceast\u0103 op\u021biune de a participa \u0219i v\u0103 vom oferi posibilitatea de a nu mai participa \u00een orice moment, \u00een cazurile \u00een care nu dori\u021bi s\u0103 mai primi\u021bi comunic\u0103ri legate de marketing din partea noastr\u0103.<\/span><br \/><span style=\"font-family: Montserrat;\">Pute\u021bi astfel alege s\u0103 v\u0103 retrage\u021bi consim\u021b\u0103m\u00e2ntul privind materialele de marketing\/ newsletter \u00een orice moment prin simpla accesare a linkului de \u2018dezabonare\u2019 de la subsolul fiec\u0103rui newsletter sau invita\u021bie la evenimente. De asemenea, \u00een vederea retragerii consim\u021b\u0103m\u00e2ntului dumneavoastr\u0103 pentru orice prelucrare asupra c\u0103reia a\u021bi consim\u021bit \u00een prealabil, pute\u021bi s\u0103 ne transmite\u021bi un e-mail la ofiterdatepersonale@dabauto.ro, sau s\u0103 ne comunica\u021bi o scrisoare la adresa: Bucuresti, Cornu Luncii nr. 2-4 sector 3.<\/span><br \/><span style=\"font-family: Montserrat;\">Ca regul\u0103 general\u0103, \u00een cazurile \u00een care v\u0103 retrage\u021bi consim\u021b\u0103m\u00e2ntul, Societatea nu va mai permite prelucrarea datelor dumneavoastr\u0103 \u0219i va lua m\u0103surile corespunz\u0103toare pentru \u0219tergerea oric\u0103ror \u00eenregistr\u0103ri cu datele dumneavoastr\u0103 cu caracter personal. Cu toate acestea, \u00een cazul \u00een care prelucrarea este strict necesar\u0103, iar prelucrarea s-ar putea baza pe alte temeiuri legitime prev\u0103zute prin dispozi\u021biile legale aplicabile, Societatea va proceda \u00een continuare la prelucrarea respectiv\u0103 \u0219i v\u0103 va informa \u00een acest sens.<\/span><br \/><span style=\"font-family: Montserrat;\">Retragerea consim\u021b\u0103m\u00e2ntului dumneavoastr\u0103 nu va afecta legalitatea prelucr\u0103rii pe baza consim\u021b\u0103m\u00e2ntului de dinaintea retragerii acestuia.<\/span><br \/><span style=\"font-family: Montserrat;\">Nu vom folosi datele dumneavoastr\u0103 cu caracter personal \u00een luarea unor decizii automate care s\u0103 v\u0103 afecteze sau s\u0103 creeze profiluri ale dumneavoastr\u0103.<\/span><br \/><span style=\"font-family: Montserrat;\">Destinatarii datelor. Datele dumneavoastr\u0103 sunt colectate prin intermediul website-ului curent \u0219i pot fi dezv\u0103luite c\u0103tre persoanele noastre \u00eemputernicite, \u00een principal prestatori de servicii sau colaboratori ai Societ\u0103\u021bii, \u00een vederea prelucr\u0103rii datelor cu caracter personal \u00een scopurile premise prin prezenta, \u00een numele nostru \u0219i doar \u00een conformitate cu instruc\u021biunile noastre. Societatea va p\u0103stra controlul asupra datelor dumneavoastr\u0103 cu caracter personal \u0219i se va asigura c\u0103 persoanele \u00eemputernicite folosesc m\u0103suri tehnice \u0219i organiza\u021bionale corespunz\u0103toare, \u00een conformitate cu legea aplicabil\u0103, pentru a asigura integritatea \u0219i securitatea datelor dumneavoastr\u0103 cu caracter personal. Datele dumneavoastr\u0103 nu vor fi dezv\u0103luite c\u0103tre alte state.<\/span><br \/><span style=\"font-family: Montserrat;\">Durata stoc\u0103rii. Datele dumneavoastr\u0103 cu caracter personal vor fi p\u0103strate at\u00e2t timp c\u00e2t sunt necesare \u00een mod rezonabil \u00een scopurile permise prin prezenta sau p\u00e2n\u0103 la momentul c\u00e2nd v\u0103 retrage\u021bi consim\u021b\u0103m\u00e2ntul. Ca regul\u0103 general\u0103, \u00een cazurile \u00een care v\u0103 retrage\u021bi consim\u021b\u0103m\u00e2ntul, Societatea nu va mai permite prelucrarea datelor dumneavoastr\u0103 \u0219i va lua m\u0103surile corespunz\u0103toare pentru \u0219tergerea oric\u0103ror \u00eenregistr\u0103ri cu datele dumneavoastr\u0103 cu caracter personal. Cu toate acestea, vom p\u0103stra datele dumneavoastr\u0103 cu caracter personal atunci c\u00e2nd acestea sunt necesare pentru exercitarea sau ap\u0103rarea de c\u0103tre Societate a unui drept al dumneavoastr\u0103 sau al altei persoane \u00een justi\u021bie, p\u00e2n\u0103 la finalul perioadei de reten\u021bie relevante sau p\u00e2n\u0103 la solu\u021bionarea respectivelor ac\u021biuni \u00een instan\u021b\u0103. Cu excep\u021bia cazului \u00een care ne solicita\u021bi \u00een mod expres s\u0103 stoc\u0103m datele dumneavoastr\u0103 cu caracter personal pentru un anumit termen sau a cazului \u00een care datele cu caracter personal sunt necesare pentru ap\u0103rarea unui eventual drept \u00een justi\u021bie f\u0103r\u0103 perioad\u0103 de p\u0103strare, datele cu caracter personal vor fi stocate pentru un termen nelimitat.<\/span><br \/><span style=\"font-family: Montserrat;\">Drepturile clientului. Sub rezerva anumitor condi\u021bii legale, ave\u021bi urm\u0103toarele drepturi \u00een leg\u0103tur\u0103 cu prelucrarea datelor dumneavoastr\u0103 cu caracter personal: dreptul de acces \u0219i dreptul de a solicita o copie a datelor cu caracter personal referitoare la dumneavoastr\u0103 pe care le de\u021binem; dreptul la rectificarea oric\u0103ror date cu caracter personal incorecte; dreptul la \u0219tergerea datelor; dreptul la restric\u021bionarea utiliz\u0103rii de c\u0103tre Societate a datelor dumneavoastr\u0103 cu caracter personal, \u00een anumite cazuri (de exemplu, atunci c\u00e2nd contesta\u021bi inexactitatea datelor dvs. personale, pentru o perioad\u0103 care ne permite s\u0103 verific\u0103m o astfel de exactitate); dreptul la portabilitate, care v\u0103 permite s\u0103 primi\u021bi datele personale referitoare la dumneavoastr\u0103 pe care ni le-a\u021bi furnizat, \u00eentr-un format structurat, utilizat \u00een mod obi\u0219nuit \u0219i care poate fi citit automat sau s\u0103 transmite\u021bi aceste date altui operator; dreptul de a obiecta, care v\u0103 permite s\u0103 v\u0103 opune\u021bi prelucr\u0103rii \u00een continuare a datelor dvs. personale \u00een condi\u021biile \u0219i limitele stabilite de lege. Societatea va asigura exerci\u021biul tuturor drepturilor dumneavoastr\u0103 \u0219i de aceea, dac\u0103 dori\u021bi s\u0103 proceda\u021bi \u00een sensul celor de mai sus, v\u0103 rug\u0103m s\u0103 ne transmite\u021bi un e-mail la adresa ofiterdatepersonale@dabauto.ro sau o notificare scris\u0103 la adresa: Bucuresti, Cornu Luncii nr. 2-4 sector 3. Este posibil s\u0103 v\u0103 cerem s\u0103 v\u0103 dovedi\u021bi identitatea comunic\u00e2ndu-ne o copie a unui mijloc valabil de identificare pentru a ne conforma cu obliga\u021biile de securitate pe care le avem \u0219i a \u00eempiedica divulgarea neautorizat\u0103 a datelor. Soceitatea va lua \u00een considerare orice solicit\u0103ri sau pl\u00e2ngeri primite din partea dumneavoastr\u0103 \u0219i v\u0103 vom transmite un r\u0103spuns imediat ce va fi posibil, \u00eens\u0103 nu mai t\u00e2rziu de 1 (una) lun\u0103 de la primirea cererii. De asemenea, ave\u021bi dreptul de a adresa o pl\u00e2ngere c\u0103tre Autoritatea Na\u021bional\u0103 de Supraveghere a Prelucr\u0103rii Datelor cu Caracter Personal \u2013 cu sediul \u00een Bd. Gheorghe Magheru nr. 28-30, sector 1, Bucure\u0219ti.<\/span><br \/><span style=\"font-family: Montserrat;\">Av\u00e2nd \u00een vedere cele de mai sus, \u00een leg\u0103tur\u0103 cu prelucrarea datelor pentru scopurile de marketing enumerate, \u00eemi exprim consim\u021b\u0103m\u00e2ntul, \u00een\u021beleg\u00e2nd \u0219i fiind de acord cu consecin\u021bele deciziei mele.<\/span><\/p>\n\t\t\n<style>\n#text-407667198 {\n  color: rgb(0,0,0);\n}\n#text-407667198 > * {\n  color: rgb(0,0,0);\n}\n<\/style>\n\t<\/div>\n\t\n\n\t\t<\/div>\n\t\t\t\t\n<style>\n#col-1647546994 > .col-inner {\n  margin: 25px 0px 0px 0px;\n}\n<\/style>\n\t<\/div>\n\n\t\n\n<\/div>\n\n","protected":false},"excerpt":{"rendered":"","protected":false},"author":1,"featured_media":0,"parent":0,"menu_order":0,"comment_status":"closed","ping_status":"closed","template":"page-blank.php","meta":{"footnotes":""},"class_list":["post-815","page","type-page","status-publish","hentry"],"yoast_head":"<!-- This site is optimized with the Yoast SEO Premium plugin v24.7 (Yoast SEO v27.4) - https:\/\/yoast.com\/product\/yoast-seo-premium-wordpress\/ -->\n<title>Nota Informare Consimtamant Online &#187; Dealer &amp; Reparator Autorizat Mitsubishi Motors<\/title>\n<meta name=\"robots\" content=\"noindex, nofollow\" \/>\n<meta property=\"og:locale\" content=\"ro_RO\" \/>\n<meta property=\"og:type\" content=\"article\" \/>\n<meta property=\"og:title\" content=\"Nota Informare Consimtamant Online\" \/>\n<meta property=\"og:url\" content=\"https:\/\/dabauto.ro\/mitsubishi-motors\/nota-informare-consimtamant-online\/\" \/>\n<meta property=\"og:site_name\" content=\"Dealer &amp; Reparator Autorizat Mitsubishi Motors\" \/>\n<meta property=\"article:publisher\" content=\"https:\/\/www.facebook.com\/DABAutoServRO\" \/>\n<meta property=\"article:modified_time\" content=\"2025-11-10T08:30:18+00:00\" \/>\n<meta name=\"twitter:card\" content=\"summary_large_image\" \/>\n<meta name=\"twitter:label1\" content=\"Timp estimat pentru citire\" \/>\n\t<meta name=\"twitter:data1\" content=\"6 minute\" \/>\n<script type=\"application\/ld+json\" class=\"yoast-schema-graph\">{\"@context\":\"https:\\\/\\\/schema.org\",\"@graph\":[{\"@type\":\"NewsArticle\",\"@id\":\"https:\\\/\\\/dabauto.ro\\\/mitsubishi-motors\\\/nota-informare-consimtamant-online\\\/#article\",\"isPartOf\":{\"@id\":\"https:\\\/\\\/dabauto.ro\\\/mitsubishi-motors\\\/nota-informare-consimtamant-online\\\/\"},\"author\":{\"name\":\"mitsubishi-motors\",\"@id\":\"https:\\\/\\\/dabauto.ro\\\/mitsubishi-motors\\\/#\\\/schema\\\/person\\\/9c0f739f1849c7308d431dfd7b56afd1\"},\"headline\":\"Nota Informare Consimtamant Online\",\"datePublished\":\"2023-03-28T13:37:35+00:00\",\"dateModified\":\"2025-11-10T08:30:18+00:00\",\"mainEntityOfPage\":{\"@id\":\"https:\\\/\\\/dabauto.ro\\\/mitsubishi-motors\\\/nota-informare-consimtamant-online\\\/\"},\"wordCount\":1184,\"publisher\":{\"@id\":\"https:\\\/\\\/dabauto.ro\\\/mitsubishi-motors\\\/#organization\"},\"inLanguage\":\"ro-RO\"},{\"@type\":\"WebPage\",\"@id\":\"https:\\\/\\\/dabauto.ro\\\/mitsubishi-motors\\\/nota-informare-consimtamant-online\\\/\",\"url\":\"https:\\\/\\\/dabauto.ro\\\/mitsubishi-motors\\\/nota-informare-consimtamant-online\\\/\",\"name\":\"Nota Informare Consimtamant Online &#187; Dealer &amp; Reparator Autorizat Mitsubishi Motors\",\"isPartOf\":{\"@id\":\"https:\\\/\\\/dabauto.ro\\\/mitsubishi-motors\\\/#website\"},\"datePublished\":\"2023-03-28T13:37:35+00:00\",\"dateModified\":\"2025-11-10T08:30:18+00:00\",\"breadcrumb\":{\"@id\":\"https:\\\/\\\/dabauto.ro\\\/mitsubishi-motors\\\/nota-informare-consimtamant-online\\\/#breadcrumb\"},\"inLanguage\":\"ro-RO\",\"potentialAction\":[{\"@type\":\"ReadAction\",\"target\":[\"https:\\\/\\\/dabauto.ro\\\/mitsubishi-motors\\\/nota-informare-consimtamant-online\\\/\"]}]},{\"@type\":\"BreadcrumbList\",\"@id\":\"https:\\\/\\\/dabauto.ro\\\/mitsubishi-motors\\\/nota-informare-consimtamant-online\\\/#breadcrumb\",\"itemListElement\":[{\"@type\":\"ListItem\",\"position\":1,\"name\":\"Prima pagin\u0103\",\"item\":\"https:\\\/\\\/dabauto.ro\\\/mitsubishi-motors\\\/\"},{\"@type\":\"ListItem\",\"position\":2,\"name\":\"Nota Informare Consimtamant Online\"}]},{\"@type\":\"WebSite\",\"@id\":\"https:\\\/\\\/dabauto.ro\\\/mitsubishi-motors\\\/#website\",\"url\":\"https:\\\/\\\/dabauto.ro\\\/mitsubishi-motors\\\/\",\"name\":\"Dealer & Reparator Autorizat Mitsubishi Motors\",\"description\":\"DAB Auto Serv - Dealer Autorizat Mitsubishi Motors\",\"publisher\":{\"@id\":\"https:\\\/\\\/dabauto.ro\\\/mitsubishi-motors\\\/#organization\"},\"potentialAction\":[{\"@type\":\"SearchAction\",\"target\":{\"@type\":\"EntryPoint\",\"urlTemplate\":\"https:\\\/\\\/dabauto.ro\\\/mitsubishi-motors\\\/?s={search_term_string}\"},\"query-input\":{\"@type\":\"PropertyValueSpecification\",\"valueRequired\":true,\"valueName\":\"search_term_string\"}}],\"inLanguage\":\"ro-RO\"},{\"@type\":\"Organization\",\"@id\":\"https:\\\/\\\/dabauto.ro\\\/mitsubishi-motors\\\/#organization\",\"name\":\"DAB Auto Serv\",\"url\":\"https:\\\/\\\/dabauto.ro\\\/mitsubishi-motors\\\/\",\"logo\":{\"@type\":\"ImageObject\",\"inLanguage\":\"ro-RO\",\"@id\":\"https:\\\/\\\/dabauto.ro\\\/mitsubishi-motors\\\/#\\\/schema\\\/logo\\\/image\\\/\",\"url\":\"https:\\\/\\\/dabauto.ro\\\/mitsubishi-motors\\\/wp-content\\\/uploads\\\/2023\\\/03\\\/mitsubishi-logo.png\",\"contentUrl\":\"https:\\\/\\\/dabauto.ro\\\/mitsubishi-motors\\\/wp-content\\\/uploads\\\/2023\\\/03\\\/mitsubishi-logo.png\",\"width\":512,\"height\":512,\"caption\":\"DAB Auto Serv\"},\"image\":{\"@id\":\"https:\\\/\\\/dabauto.ro\\\/mitsubishi-motors\\\/#\\\/schema\\\/logo\\\/image\\\/\"},\"sameAs\":[\"https:\\\/\\\/www.facebook.com\\\/DABAutoServRO\",\"https:\\\/\\\/www.instagram.com\\\/dab_auto\\\/\"]},{\"@type\":\"Person\",\"@id\":\"https:\\\/\\\/dabauto.ro\\\/mitsubishi-motors\\\/#\\\/schema\\\/person\\\/9c0f739f1849c7308d431dfd7b56afd1\",\"name\":\"mitsubishi-motors\",\"image\":{\"@type\":\"ImageObject\",\"inLanguage\":\"ro-RO\",\"@id\":\"https:\\\/\\\/secure.gravatar.com\\\/avatar\\\/d4d9f0e4c4eed2a5cdf8b9e8c8faf3b1897ee5a4e170aef63d292e166e77a0a3?s=96&d=mm&r=g\",\"url\":\"https:\\\/\\\/secure.gravatar.com\\\/avatar\\\/d4d9f0e4c4eed2a5cdf8b9e8c8faf3b1897ee5a4e170aef63d292e166e77a0a3?s=96&d=mm&r=g\",\"contentUrl\":\"https:\\\/\\\/secure.gravatar.com\\\/avatar\\\/d4d9f0e4c4eed2a5cdf8b9e8c8faf3b1897ee5a4e170aef63d292e166e77a0a3?s=96&d=mm&r=g\",\"caption\":\"mitsubishi-motors\"},\"sameAs\":[\"http:\\\/\\\/dabauto.ro\\\/mitsubishi-motors\"],\"url\":\"https:\\\/\\\/dabauto.ro\\\/mitsubishi-motors\\\/author\\\/mitsubishi-motors\\\/\"}]}<\/script>\n<!-- \/ Yoast SEO Premium plugin. -->","yoast_head_json":{"title":"Nota Informare Consimtamant Online &#187; Dealer &amp; Reparator Autorizat Mitsubishi Motors","robots":{"index":"noindex","follow":"nofollow"},"og_locale":"ro_RO","og_type":"article","og_title":"Nota Informare Consimtamant Online","og_url":"https:\/\/dabauto.ro\/mitsubishi-motors\/nota-informare-consimtamant-online\/","og_site_name":"Dealer &amp; Reparator Autorizat Mitsubishi Motors","article_publisher":"https:\/\/www.facebook.com\/DABAutoServRO","article_modified_time":"2025-11-10T08:30:18+00:00","twitter_card":"summary_large_image","twitter_misc":{"Timp estimat pentru citire":"6 minute"},"schema":{"@context":"https:\/\/schema.org","@graph":[{"@type":"NewsArticle","@id":"https:\/\/dabauto.ro\/mitsubishi-motors\/nota-informare-consimtamant-online\/#article","isPartOf":{"@id":"https:\/\/dabauto.ro\/mitsubishi-motors\/nota-informare-consimtamant-online\/"},"author":{"name":"mitsubishi-motors","@id":"https:\/\/dabauto.ro\/mitsubishi-motors\/#\/schema\/person\/9c0f739f1849c7308d431dfd7b56afd1"},"headline":"Nota Informare Consimtamant Online","datePublished":"2023-03-28T13:37:35+00:00","dateModified":"2025-11-10T08:30:18+00:00","mainEntityOfPage":{"@id":"https:\/\/dabauto.ro\/mitsubishi-motors\/nota-informare-consimtamant-online\/"},"wordCount":1184,"publisher":{"@id":"https:\/\/dabauto.ro\/mitsubishi-motors\/#organization"},"inLanguage":"ro-RO"},{"@type":"WebPage","@id":"https:\/\/dabauto.ro\/mitsubishi-motors\/nota-informare-consimtamant-online\/","url":"https:\/\/dabauto.ro\/mitsubishi-motors\/nota-informare-consimtamant-online\/","name":"Nota Informare Consimtamant Online &#187; Dealer &amp; Reparator Autorizat Mitsubishi Motors","isPartOf":{"@id":"https:\/\/dabauto.ro\/mitsubishi-motors\/#website"},"datePublished":"2023-03-28T13:37:35+00:00","dateModified":"2025-11-10T08:30:18+00:00","breadcrumb":{"@id":"https:\/\/dabauto.ro\/mitsubishi-motors\/nota-informare-consimtamant-online\/#breadcrumb"},"inLanguage":"ro-RO","potentialAction":[{"@type":"ReadAction","target":["https:\/\/dabauto.ro\/mitsubishi-motors\/nota-informare-consimtamant-online\/"]}]},{"@type":"BreadcrumbList","@id":"https:\/\/dabauto.ro\/mitsubishi-motors\/nota-informare-consimtamant-online\/#breadcrumb","itemListElement":[{"@type":"ListItem","position":1,"name":"Prima pagin\u0103","item":"https:\/\/dabauto.ro\/mitsubishi-motors\/"},{"@type":"ListItem","position":2,"name":"Nota Informare Consimtamant Online"}]},{"@type":"WebSite","@id":"https:\/\/dabauto.ro\/mitsubishi-motors\/#website","url":"https:\/\/dabauto.ro\/mitsubishi-motors\/","name":"Dealer & Reparator Autorizat Mitsubishi Motors","description":"DAB Auto Serv - Dealer Autorizat Mitsubishi Motors","publisher":{"@id":"https:\/\/dabauto.ro\/mitsubishi-motors\/#organization"},"potentialAction":[{"@type":"SearchAction","target":{"@type":"EntryPoint","urlTemplate":"https:\/\/dabauto.ro\/mitsubishi-motors\/?s={search_term_string}"},"query-input":{"@type":"PropertyValueSpecification","valueRequired":true,"valueName":"search_term_string"}}],"inLanguage":"ro-RO"},{"@type":"Organization","@id":"https:\/\/dabauto.ro\/mitsubishi-motors\/#organization","name":"DAB Auto Serv","url":"https:\/\/dabauto.ro\/mitsubishi-motors\/","logo":{"@type":"ImageObject","inLanguage":"ro-RO","@id":"https:\/\/dabauto.ro\/mitsubishi-motors\/#\/schema\/logo\/image\/","url":"https:\/\/dabauto.ro\/mitsubishi-motors\/wp-content\/uploads\/2023\/03\/mitsubishi-logo.png","contentUrl":"https:\/\/dabauto.ro\/mitsubishi-motors\/wp-content\/uploads\/2023\/03\/mitsubishi-logo.png","width":512,"height":512,"caption":"DAB Auto Serv"},"image":{"@id":"https:\/\/dabauto.ro\/mitsubishi-motors\/#\/schema\/logo\/image\/"},"sameAs":["https:\/\/www.facebook.com\/DABAutoServRO","https:\/\/www.instagram.com\/dab_auto\/"]},{"@type":"Person","@id":"https:\/\/dabauto.ro\/mitsubishi-motors\/#\/schema\/person\/9c0f739f1849c7308d431dfd7b56afd1","name":"mitsubishi-motors","image":{"@type":"ImageObject","inLanguage":"ro-RO","@id":"https:\/\/secure.gravatar.com\/avatar\/d4d9f0e4c4eed2a5cdf8b9e8c8faf3b1897ee5a4e170aef63d292e166e77a0a3?s=96&d=mm&r=g","url":"https:\/\/secure.gravatar.com\/avatar\/d4d9f0e4c4eed2a5cdf8b9e8c8faf3b1897ee5a4e170aef63d292e166e77a0a3?s=96&d=mm&r=g","contentUrl":"https:\/\/secure.gravatar.com\/avatar\/d4d9f0e4c4eed2a5cdf8b9e8c8faf3b1897ee5a4e170aef63d292e166e77a0a3?s=96&d=mm&r=g","caption":"mitsubishi-motors"},"sameAs":["http:\/\/dabauto.ro\/mitsubishi-motors"],"url":"https:\/\/dabauto.ro\/mitsubishi-motors\/author\/mitsubishi-motors\/"}]}},"_links":{"self":[{"href":"https:\/\/dabauto.ro\/mitsubishi-motors\/wp-json\/wp\/v2\/pages\/815","targetHints":{"allow":["GET"]}}],"collection":[{"href":"https:\/\/dabauto.ro\/mitsubishi-motors\/wp-json\/wp\/v2\/pages"}],"about":[{"href":"https:\/\/dabauto.ro\/mitsubishi-motors\/wp-json\/wp\/v2\/types\/page"}],"author":[{"embeddable":true,"href":"https:\/\/dabauto.ro\/mitsubishi-motors\/wp-json\/wp\/v2\/users\/1"}],"replies":[{"embeddable":true,"href":"https:\/\/dabauto.ro\/mitsubishi-motors\/wp-json\/wp\/v2\/comments?post=815"}],"version-history":[{"count":4,"href":"https:\/\/dabauto.ro\/mitsubishi-motors\/wp-json\/wp\/v2\/pages\/815\/revisions"}],"predecessor-version":[{"id":2711,"href":"https:\/\/dabauto.ro\/mitsubishi-motors\/wp-json\/wp\/v2\/pages\/815\/revisions\/2711"}],"wp:attachment":[{"href":"https:\/\/dabauto.ro\/mitsubishi-motors\/wp-json\/wp\/v2\/media?parent=815"}],"curies":[{"name":"wp","href":"https:\/\/api.w.org\/{rel}","templated":true}]}}