{"id":5352,"date":"2020-09-22T15:20:03","date_gmt":"2020-09-22T13:20:03","guid":{"rendered":"https:\/\/dabauto.ro\/tesla-approved-body-shop\/?page_id=5352"},"modified":"2025-11-10T11:13:25","modified_gmt":"2025-11-10T09:13:25","slug":"politica-de-confidentialitate","status":"publish","type":"page","link":"https:\/\/dabauto.ro\/tesla-approved-body-shop\/en\/politica-de-confidentialitate\/","title":{"rendered":"Privacy policy"},"content":{"rendered":"","protected":false},"excerpt":{"rendered":"","protected":false},"author":10,"featured_media":0,"parent":0,"menu_order":0,"comment_status":"closed","ping_status":"closed","template":"","meta":{"footnotes":""},"class_list":["post-5352","page","type-page","status-publish","hentry"],"yoast_head":"<!-- This site is optimized with the Yoast SEO Premium plugin v24.7 (Yoast SEO v27.3) - https:\/\/yoast.com\/product\/yoast-seo-premium-wordpress\/ -->\n<title>Politica de Confidentialitate &#8226; Tesla Approved Body Shop<\/title>\n<meta name=\"description\" content=\"Not\u0103 de informare privind prelucrarea datelor pe baza consim\u021b\u0103m\u00e2ntului online (\u00een scopuri de marketing)\" \/>\n<meta name=\"robots\" content=\"noindex, nofollow\" \/>\n<meta property=\"og:locale\" content=\"en_US\" \/>\n<meta property=\"og:type\" content=\"article\" \/>\n<meta property=\"og:title\" content=\"Politica de Confidentialitate\" \/>\n<meta property=\"og:description\" content=\"Not\u0103 de informare privind prelucrarea datelor pe baza consim\u021b\u0103m\u00e2ntului online (\u00een scopuri de marketing)\" \/>\n<meta property=\"og:url\" content=\"https:\/\/dabauto.ro\/tesla-approved-body-shop\/en\/politica-de-confidentialitate\/\" \/>\n<meta property=\"og:site_name\" content=\"Tesla Approved Body Shop\" \/>\n<meta property=\"article:publisher\" content=\"https:\/\/www.facebook.com\/DABAutoServRO\" \/>\n<meta property=\"article:modified_time\" content=\"2025-11-10T09:13:25+00:00\" \/>\n<meta property=\"og:image\" content=\"https:\/\/dabauto.ro\/tesla-approved-body-shop\/wp-content\/uploads\/2021\/08\/no-photo.jpg\" \/>\n\t<meta property=\"og:image:width\" content=\"920\" \/>\n\t<meta property=\"og:image:height\" content=\"613\" \/>\n\t<meta property=\"og:image:type\" content=\"image\/jpeg\" \/>\n<meta name=\"twitter:card\" content=\"summary_large_image\" \/>\n<script type=\"application\/ld+json\" class=\"yoast-schema-graph\">{\"@context\":\"https:\\\/\\\/schema.org\",\"@graph\":[{\"@type\":\"WebPage\",\"@id\":\"https:\\\/\\\/dabauto.ro\\\/tesla-approved-body-shop\\\/politica-de-confidentialitate\\\/\",\"url\":\"https:\\\/\\\/dabauto.ro\\\/tesla-approved-body-shop\\\/politica-de-confidentialitate\\\/\",\"name\":\"Politica de Confidentialitate &#8226; Tesla Approved Body Shop\",\"isPartOf\":{\"@id\":\"https:\\\/\\\/dabauto.ro\\\/tesla-approved-body-shop\\\/#website\"},\"datePublished\":\"2020-09-22T13:20:03+00:00\",\"dateModified\":\"2025-11-10T09:13:25+00:00\",\"description\":\"Not\u0103 de informare privind prelucrarea datelor pe baza consim\u021b\u0103m\u00e2ntului online (\u00een scopuri de marketing)\",\"breadcrumb\":{\"@id\":\"https:\\\/\\\/dabauto.ro\\\/tesla-approved-body-shop\\\/politica-de-confidentialitate\\\/#breadcrumb\"},\"inLanguage\":\"en-US\",\"potentialAction\":[{\"@type\":\"ReadAction\",\"target\":[\"https:\\\/\\\/dabauto.ro\\\/tesla-approved-body-shop\\\/politica-de-confidentialitate\\\/\"]}]},{\"@type\":\"BreadcrumbList\",\"@id\":\"https:\\\/\\\/dabauto.ro\\\/tesla-approved-body-shop\\\/politica-de-confidentialitate\\\/#breadcrumb\",\"itemListElement\":[{\"@type\":\"ListItem\",\"position\":1,\"name\":\"Home\",\"item\":\"https:\\\/\\\/dabauto.ro\\\/tesla-approved-body-shop\\\/\"},{\"@type\":\"ListItem\",\"position\":2,\"name\":\"Politica de Confidentialitate\"}]},{\"@type\":\"WebSite\",\"@id\":\"https:\\\/\\\/dabauto.ro\\\/tesla-approved-body-shop\\\/#website\",\"url\":\"https:\\\/\\\/dabauto.ro\\\/tesla-approved-body-shop\\\/\",\"name\":\"Tesla Approved Body Shop\",\"description\":\"Reparator Caroserie Aprobat Tesla in Bucuresti\",\"publisher\":{\"@id\":\"https:\\\/\\\/dabauto.ro\\\/tesla-approved-body-shop\\\/#organization\"},\"potentialAction\":[{\"@type\":\"SearchAction\",\"target\":{\"@type\":\"EntryPoint\",\"urlTemplate\":\"https:\\\/\\\/dabauto.ro\\\/tesla-approved-body-shop\\\/?s={search_term_string}\"},\"query-input\":{\"@type\":\"PropertyValueSpecification\",\"valueRequired\":true,\"valueName\":\"search_term_string\"}}],\"inLanguage\":\"en-US\"},{\"@type\":\"Organization\",\"@id\":\"https:\\\/\\\/dabauto.ro\\\/tesla-approved-body-shop\\\/#organization\",\"name\":\"DAB Auto Serv SRL\",\"alternateName\":\"DAB Auto\",\"url\":\"https:\\\/\\\/dabauto.ro\\\/tesla-approved-body-shop\\\/\",\"logo\":{\"@type\":\"ImageObject\",\"inLanguage\":\"en-US\",\"@id\":\"https:\\\/\\\/dabauto.ro\\\/tesla-approved-body-shop\\\/#\\\/schema\\\/logo\\\/image\\\/\",\"url\":\"https:\\\/\\\/dabauto.ro\\\/tesla-approved-body-shop\\\/wp-content\\\/uploads\\\/2025\\\/04\\\/logo_DAB_1200x1200.png\",\"contentUrl\":\"https:\\\/\\\/dabauto.ro\\\/tesla-approved-body-shop\\\/wp-content\\\/uploads\\\/2025\\\/04\\\/logo_DAB_1200x1200.png\",\"width\":1200,\"height\":1200,\"caption\":\"DAB Auto Serv SRL\"},\"image\":{\"@id\":\"https:\\\/\\\/dabauto.ro\\\/tesla-approved-body-shop\\\/#\\\/schema\\\/logo\\\/image\\\/\"},\"sameAs\":[\"https:\\\/\\\/www.facebook.com\\\/DABAutoServRO\",\"https:\\\/\\\/www.instagram.com\\\/dab_auto\"],\"email\":\"office@dabauto.ro\",\"telephone\":\"0219793\",\"legalName\":\"DAB Auto Serv srl\",\"foundingDate\":\"2000-05-01\",\"vatID\":\"RO12734167\",\"numberOfEmployees\":{\"@type\":\"QuantitativeValue\",\"minValue\":\"51\",\"maxValue\":\"200\"}}]}<\/script>\n<!-- \/ Yoast SEO Premium plugin. -->","yoast_head_json":{"title":"Politica de Confidentialitate &#8226; Tesla Approved Body Shop","description":"Not\u0103 de informare privind prelucrarea datelor pe baza consim\u021b\u0103m\u00e2ntului online (\u00een scopuri de marketing)","robots":{"index":"noindex","follow":"nofollow"},"og_locale":"en_US","og_type":"article","og_title":"Politica de Confidentialitate","og_description":"Not\u0103 de informare privind prelucrarea datelor pe baza consim\u021b\u0103m\u00e2ntului online (\u00een scopuri de marketing)","og_url":"https:\/\/dabauto.ro\/tesla-approved-body-shop\/en\/politica-de-confidentialitate\/","og_site_name":"Tesla Approved Body Shop","article_publisher":"https:\/\/www.facebook.com\/DABAutoServRO","article_modified_time":"2025-11-10T09:13:25+00:00","og_image":[{"width":920,"height":613,"url":"https:\/\/dabauto.ro\/tesla-approved-body-shop\/wp-content\/uploads\/2021\/08\/no-photo.jpg","type":"image\/jpeg"}],"twitter_card":"summary_large_image","schema":{"@context":"https:\/\/schema.org","@graph":[{"@type":"WebPage","@id":"https:\/\/dabauto.ro\/tesla-approved-body-shop\/politica-de-confidentialitate\/","url":"https:\/\/dabauto.ro\/tesla-approved-body-shop\/politica-de-confidentialitate\/","name":"Politica de Confidentialitate &#8226; Tesla Approved Body Shop","isPartOf":{"@id":"https:\/\/dabauto.ro\/tesla-approved-body-shop\/#website"},"datePublished":"2020-09-22T13:20:03+00:00","dateModified":"2025-11-10T09:13:25+00:00","description":"Not\u0103 de informare privind prelucrarea datelor pe baza consim\u021b\u0103m\u00e2ntului online (\u00een scopuri de marketing)","breadcrumb":{"@id":"https:\/\/dabauto.ro\/tesla-approved-body-shop\/politica-de-confidentialitate\/#breadcrumb"},"inLanguage":"en-US","potentialAction":[{"@type":"ReadAction","target":["https:\/\/dabauto.ro\/tesla-approved-body-shop\/politica-de-confidentialitate\/"]}]},{"@type":"BreadcrumbList","@id":"https:\/\/dabauto.ro\/tesla-approved-body-shop\/politica-de-confidentialitate\/#breadcrumb","itemListElement":[{"@type":"ListItem","position":1,"name":"Home","item":"https:\/\/dabauto.ro\/tesla-approved-body-shop\/"},{"@type":"ListItem","position":2,"name":"Politica de Confidentialitate"}]},{"@type":"WebSite","@id":"https:\/\/dabauto.ro\/tesla-approved-body-shop\/#website","url":"https:\/\/dabauto.ro\/tesla-approved-body-shop\/","name":"Tesla Approved Body Shop","description":"Tesla Approved Body Shop","publisher":{"@id":"https:\/\/dabauto.ro\/tesla-approved-body-shop\/#organization"},"potentialAction":[{"@type":"SearchAction","target":{"@type":"EntryPoint","urlTemplate":"https:\/\/dabauto.ro\/tesla-approved-body-shop\/?s={search_term_string}"},"query-input":{"@type":"PropertyValueSpecification","valueRequired":true,"valueName":"search_term_string"}}],"inLanguage":"en-US"},{"@type":"Organization","@id":"https:\/\/dabauto.ro\/tesla-approved-body-shop\/#organization","name":"DAB Auto Serv SRL","alternateName":"DAB Auto","url":"https:\/\/dabauto.ro\/tesla-approved-body-shop\/","logo":{"@type":"ImageObject","inLanguage":"en-US","@id":"https:\/\/dabauto.ro\/tesla-approved-body-shop\/#\/schema\/logo\/image\/","url":"https:\/\/dabauto.ro\/tesla-approved-body-shop\/wp-content\/uploads\/2025\/04\/logo_DAB_1200x1200.png","contentUrl":"https:\/\/dabauto.ro\/tesla-approved-body-shop\/wp-content\/uploads\/2025\/04\/logo_DAB_1200x1200.png","width":1200,"height":1200,"caption":"DAB Auto Serv SRL"},"image":{"@id":"https:\/\/dabauto.ro\/tesla-approved-body-shop\/#\/schema\/logo\/image\/"},"sameAs":["https:\/\/www.facebook.com\/DABAutoServRO","https:\/\/www.instagram.com\/dab_auto"],"email":"office@dabauto.ro","telephone":"0219793","legalName":"DAB Auto Serv srl","foundingDate":"2000-05-01","vatID":"RO12734167","numberOfEmployees":{"@type":"QuantitativeValue","minValue":"51","maxValue":"200"}}]}},"_links":{"self":[{"href":"https:\/\/dabauto.ro\/tesla-approved-body-shop\/en\/wp-json\/wp\/v2\/pages\/5352","targetHints":{"allow":["GET"]}}],"collection":[{"href":"https:\/\/dabauto.ro\/tesla-approved-body-shop\/en\/wp-json\/wp\/v2\/pages"}],"about":[{"href":"https:\/\/dabauto.ro\/tesla-approved-body-shop\/en\/wp-json\/wp\/v2\/types\/page"}],"author":[{"embeddable":true,"href":"https:\/\/dabauto.ro\/tesla-approved-body-shop\/en\/wp-json\/wp\/v2\/users\/10"}],"replies":[{"embeddable":true,"href":"https:\/\/dabauto.ro\/tesla-approved-body-shop\/en\/wp-json\/wp\/v2\/comments?post=5352"}],"version-history":[{"count":5,"href":"https:\/\/dabauto.ro\/tesla-approved-body-shop\/en\/wp-json\/wp\/v2\/pages\/5352\/revisions"}],"predecessor-version":[{"id":12587,"href":"https:\/\/dabauto.ro\/tesla-approved-body-shop\/en\/wp-json\/wp\/v2\/pages\/5352\/revisions\/12587"}],"wp:attachment":[{"href":"https:\/\/dabauto.ro\/tesla-approved-body-shop\/en\/wp-json\/wp\/v2\/media?parent=5352"}],"curies":[{"name":"wp","href":"https:\/\/api.w.org\/{rel}","templated":true}]}}